{"id":49097,"date":"2025-01-14T12:02:05","date_gmt":"2025-01-14T12:02:05","guid":{"rendered":"https:\/\/tr.perfumefile.com\/about-us\/"},"modified":"2026-01-16T06:27:36","modified_gmt":"2026-01-16T06:27:36","slug":"about-us","status":"publish","type":"page","link":"https:\/\/perfumefile.com\/tr\/about-us\/","title":{"rendered":"Hakk\u0131m\u0131zda"},"content":{"rendered":"\t\t<div data-elementor-type=\"wp-page\" data-elementor-id=\"49097\" class=\"elementor elementor-49097 elementor-19\">\n\t\t\t\t<div class=\"elementor-element elementor-element-d5e289e e-flex e-con-boxed e-con e-parent\" data-id=\"d5e289e\" data-element_type=\"container\" data-e-type=\"container\">\n\t\t\t\t\t<div class=\"e-con-inner\">\n\t\t<div class=\"elementor-element elementor-element-f5faa36 e-con-full wd-col-content-md-sm wd-col-content-sm e-flex e-con e-child\" data-id=\"f5faa36\" data-element_type=\"container\" data-e-type=\"container\">\n\t\t<div class=\"elementor-element elementor-element-3844b35 e-con-full e-flex e-con e-child\" data-id=\"3844b35\" data-element_type=\"container\" data-e-type=\"container\">\n\t\t<div class=\"elementor-element elementor-element-eee8471 e-con-full e-flex e-con e-child\" data-id=\"eee8471\" data-element_type=\"container\" data-e-type=\"container\">\n\t\t\t\t<div class=\"elementor-element elementor-element-2be82ab wd-width-100 elementor-widget elementor-widget-wd_title\" data-id=\"2be82ab\" data-element_type=\"widget\" data-e-type=\"widget\" data-widget_type=\"wd_title.default\">\n\t\t\t\t<div class=\"elementor-widget-container\">\n\t\t\t\t\t\t\t<div class=\"title-wrapper wd-set-mb reset-last-child wd-title-color-default wd-title-style-default wd-title-size-default text-left\">\n\n\t\t\t\n\t\t\t<div class=\"liner-continer\">\n\t\t\t\t<h4 class=\"woodmart-title-container title wd-fontsize-l\">Parf\u00fcm Dosyas\u0131 Hakk\u0131nda<\/h4> \n\t\t\t\t\t\t\t<\/div>\n\n\t\t\t\t\t<\/div>\n\t\t\t\t\t\t<\/div>\n\t\t\t\t<\/div>\n\t\t\t\t<div class=\"elementor-element elementor-element-e18a016 color-scheme-inherit text-left elementor-widget elementor-widget-text-editor\" data-id=\"e18a016\" data-element_type=\"widget\" data-e-type=\"widget\" data-widget_type=\"text-editor.default\">\n\t\t\t\t\t\t\t\t\t<p>Perfume File, parf\u00fcm\u00fc sadece ho\u015f bir koku olarak de\u011fil; haf\u0131za, ruh hali ve kimli\u011fin bir dili olarak g\u00f6ren koku tutkunlar\u0131 i\u00e7in olu\u015fturulmu\u015f dijital bir platformdur. Basit bir fikirle do\u011fdu: Pazarlama g\u00fcr\u00fclt\u00fcs\u00fcnden uzak, sakin ve \u00f6zenle k\u00fcrat\u00f6rl\u00fc\u011f\u00fc yap\u0131lm\u0131\u015f bir \u00e7evrim i\u00e7i alanda herkesin koku d\u00fcnyas\u0131n\u0131 kendi h\u0131z\u0131nda ve derinlemesine ke\u015ffedebilmesi.<\/p><p>Burada parf\u00fcm bir sanat formu olarak ele al\u0131n\u0131r. Kokulara; resimlere, filmlere ya da m\u00fczi\u011fe bak\u0131ld\u0131\u011f\u0131 gibi merak, duygu ve arkas\u0131ndaki yarat\u0131c\u0131 eme\u011fe sayg\u0131yla yakla\u015f\u0131r\u0131z. Parf\u00fcm tarihini \u015fekillendiren klasik evlerden, bir kokunun ne olabilece\u011fini yeniden tan\u0131mlayan cesur ni\u015f markalara kadar Perfume File, her kokuyu benzersiz k\u0131lan hik\u00e2yeleri, ilhamlar\u0131 ve kompozisyonlar\u0131 \u00f6ne \u00e7\u0131kar\u0131r.<\/p><p>Perfume File; notalar\u0131, aileleri ve stilleri anlamaya yard\u0131mc\u0131 olan editoryal tarzda yaz\u0131lar, rehberler ve d\u00fc\u015f\u00fcnsel metinleri bir araya getirir; ayn\u0131 zamanda parf\u00fcm\u00fcn uyand\u0131rabilece\u011fi duygulara ve an\u0131lara da odaklan\u0131r. Yaln\u0131zca i\u00e7erikleri listelemek yerine, bir kokunun tende nas\u0131l ya\u015fad\u0131\u011f\u0131n\u0131, g\u00fcn i\u00e7inde nas\u0131l evrildi\u011fini ve hangi ruh haline ya da ki\u015fili\u011fe hitap edebilece\u011fini anlatmay\u0131 ama\u00e7lar\u0131z. \u0130ster parf\u00fcm d\u00fcnyas\u0131n\u0131 yeni ke\u015ffetmeye ba\u015flay\u0131n ister raflar\u0131n\u0131z dolu olsun, Perfume File kendini s\u0131cak, bilgilendirici ve ilham verici hissettirecek \u015fekilde tasarlanm\u0131\u015ft\u0131r.<\/p><p>Tonumuz sakin, d\u00fcr\u00fcst ve kullan\u0131c\u0131n\u0131n deneyimine odakl\u0131d\u0131r. Hem ana ak\u0131m hem de ni\u015f parf\u00fcmleri; g\u00fcnl\u00fck imzalar\u0131 ve cesur, sanatsal kompozisyonlar\u0131 takdir ederiz. Her insan, her b\u00fct\u00e7e ve her ya\u015fam tarz\u0131 i\u00e7in g\u00fczel bir koku oldu\u011funa inan\u0131r\u0131z. Amac\u0131m\u0131z ne sat\u0131n alman\u0131z gerekti\u011fini s\u00f6ylemek de\u011fil; neyi sevdi\u011finizi, neden sevdi\u011finizi ve se\u00e7ti\u011finiz parf\u00fcmlerle kendinizi nas\u0131l ifade edebilece\u011finizi anlaman\u0131za yard\u0131mc\u0131 olmakt\u0131r.<\/p><p>Parf\u00fcm son derece ki\u015fiseldir; anlatmas\u0131 zor, bazen de unutmas\u0131 imk\u00e2ns\u0131zd\u0131r. Perfume File, bu g\u00f6r\u00fcnmez hik\u00e2yeleri toplamak, d\u00fczenlemek ve kelimelere d\u00f6kmek i\u00e7in vard\u0131r; b\u00f6ylece herkes, her yerde, bir \u201cdosya\u201d a\u00e7\u0131p koku d\u00fcnyas\u0131na g\u00fcven ve merakla ad\u0131m atabilir.<\/p>\t\t\t\t\t\t\t\t<\/div>\n\t\t\t\t<\/div>\n\t\t<div class=\"elementor-element elementor-element-1979695 e-con-full e-flex e-con e-child\" data-id=\"1979695\" data-element_type=\"container\" data-e-type=\"container\">\n\t\t\t\t<div class=\"elementor-element elementor-element-21acd81 elementor-widget elementor-widget-wd_image_or_svg\" data-id=\"21acd81\" data-element_type=\"widget\" data-e-type=\"widget\" data-widget_type=\"wd_image_or_svg.default\">\n\t\t\t\t<div class=\"elementor-widget-container\">\n\t\t\t\t\t\n\t\t<div class=\"wd-image text-left\">\n\t\t\t\t\t\t\t\t<img fetchpriority=\"high\" decoding=\"async\" width=\"600\" height=\"800\" src=\"https:\/\/perfumefile.com\/wp-content\/uploads\/2025\/12\/\u0634\u0647\u0627\u062f\u0627\u062a-\u0644\u064a\u0644\u0627\u0633-PRIVE-1.webp\" class=\"attachment-full size-full\" alt=\"\" srcset=\"https:\/\/perfumefile.com\/wp-content\/uploads\/2025\/12\/\u0634\u0647\u0627\u062f\u0627\u062a-\u0644\u064a\u0644\u0627\u0633-PRIVE-1.webp 600w, https:\/\/perfumefile.com\/wp-content\/uploads\/2025\/12\/\u0634\u0647\u0627\u062f\u0627\u062a-\u0644\u064a\u0644\u0627\u0633-PRIVE-1-225x300.webp 225w, https:\/\/perfumefile.com\/wp-content\/uploads\/2025\/12\/\u0634\u0647\u0627\u062f\u0627\u062a-\u0644\u064a\u0644\u0627\u0633-PRIVE-1-150x200.webp 150w\" sizes=\"(max-width: 600px) 100vw, 600px\" \/>\t\t\t\t\t<\/div>\n\n\t\t\t\t\t\t<\/div>\n\t\t\t\t<\/div>\n\t\t\t\t<div class=\"elementor-element elementor-element-60e9c99 elementor-widget elementor-widget-wd_image_or_svg\" data-id=\"60e9c99\" data-element_type=\"widget\" data-e-type=\"widget\" data-widget_type=\"wd_image_or_svg.default\">\n\t\t\t\t<div class=\"elementor-widget-container\">\n\t\t\t\t\t\n\t\t<div class=\"wd-image text-left\">\n\t\t\t\t\t\t\t\t<img decoding=\"async\" width=\"600\" height=\"800\" src=\"https:\/\/perfumefile.com\/wp-content\/uploads\/2025\/12\/WhatsApp-Image-2025-12-19-at-10.02.54-AM.webp\" class=\"attachment-full size-full\" alt=\"\" srcset=\"https:\/\/perfumefile.com\/wp-content\/uploads\/2025\/12\/WhatsApp-Image-2025-12-19-at-10.02.54-AM.webp 600w, https:\/\/perfumefile.com\/wp-content\/uploads\/2025\/12\/WhatsApp-Image-2025-12-19-at-10.02.54-AM-225x300.webp 225w, https:\/\/perfumefile.com\/wp-content\/uploads\/2025\/12\/WhatsApp-Image-2025-12-19-at-10.02.54-AM-150x200.webp 150w\" sizes=\"(max-width: 600px) 100vw, 600px\" \/>\t\t\t\t\t<\/div>\n\n\t\t\t\t\t\t<\/div>\n\t\t\t\t<\/div>\n\t\t\t\t<\/div>\n\t\t\t\t<\/div>\n\t\t\t\t<\/div>\n\t\t\t\t\t<\/div>\n\t\t\t\t<\/div>\n\t\t\t\t<\/div>\n\t\t","protected":false},"excerpt":{"rendered":"<p>Parf\u00fcm Dosyas\u0131 Hakk\u0131nda Perfume File, parf\u00fcm\u00fc sadece ho\u015f bir koku olarak de\u011fil; haf\u0131za, ruh hali ve kimli\u011fin bir dili olarak<\/p>\n","protected":false},"author":1,"featured_media":0,"parent":0,"menu_order":0,"comment_status":"closed","ping_status":"closed","template":"","meta":{"footnotes":""},"class_list":["post-49097","page","type-page","status-publish","hentry"],"_links":{"self":[{"href":"https:\/\/perfumefile.com\/tr\/wp-json\/wp\/v2\/pages\/49097","targetHints":{"allow":["GET"]}}],"collection":[{"href":"https:\/\/perfumefile.com\/tr\/wp-json\/wp\/v2\/pages"}],"about":[{"href":"https:\/\/perfumefile.com\/tr\/wp-json\/wp\/v2\/types\/page"}],"author":[{"embeddable":true,"href":"https:\/\/perfumefile.com\/tr\/wp-json\/wp\/v2\/users\/1"}],"replies":[{"embeddable":true,"href":"https:\/\/perfumefile.com\/tr\/wp-json\/wp\/v2\/comments?post=49097"}],"version-history":[{"count":5,"href":"https:\/\/perfumefile.com\/tr\/wp-json\/wp\/v2\/pages\/49097\/revisions"}],"predecessor-version":[{"id":49106,"href":"https:\/\/perfumefile.com\/tr\/wp-json\/wp\/v2\/pages\/49097\/revisions\/49106"}],"wp:attachment":[{"href":"https:\/\/perfumefile.com\/tr\/wp-json\/wp\/v2\/media?parent=49097"}],"curies":[{"name":"wp","href":"https:\/\/api.w.org\/{rel}","templated":true}]}}