{"id":49123,"date":"2025-09-12T12:06:41","date_gmt":"2025-09-12T12:06:41","guid":{"rendered":"https:\/\/tr.perfumefile.com\/privacy-policy\/"},"modified":"2026-01-16T06:42:43","modified_gmt":"2026-01-16T06:42:43","slug":"privacy-policy","status":"publish","type":"page","link":"https:\/\/perfumefile.com\/tr\/privacy-policy\/","title":{"rendered":"Gizlilik Politikas\u0131 \u2013 Parf\u00fcm Dosyas\u0131"},"content":{"rendered":"\t\t<div data-elementor-type=\"wp-page\" data-elementor-id=\"49123\" class=\"elementor elementor-49123 elementor-3\">\n\t\t\t\t<div class=\"elementor-element elementor-element-3371472 e-flex e-con-boxed e-con e-parent\" data-id=\"3371472\" data-element_type=\"container\" data-e-type=\"container\">\n\t\t\t\t\t<div class=\"e-con-inner\">\n\t\t<div class=\"elementor-element elementor-element-32a736e e-con-full wd-col-content-md-sm wd-col-content-sm e-flex e-con e-child\" data-id=\"32a736e\" data-element_type=\"container\" data-e-type=\"container\">\n\t\t<div class=\"elementor-element elementor-element-d63097a e-con-full e-flex e-con e-child\" data-id=\"d63097a\" data-element_type=\"container\" data-e-type=\"container\">\n\t\t<div class=\"elementor-element elementor-element-611e330 e-con-full e-flex e-con e-child\" data-id=\"611e330\" data-element_type=\"container\" data-e-type=\"container\">\n\t\t\t\t<div class=\"elementor-element elementor-element-3030f50 wd-width-100 elementor-widget elementor-widget-wd_title\" data-id=\"3030f50\" data-element_type=\"widget\" data-e-type=\"widget\" data-widget_type=\"wd_title.default\">\n\t\t\t\t<div class=\"elementor-widget-container\">\n\t\t\t\t\t\t\t<div class=\"title-wrapper wd-set-mb reset-last-child wd-title-color-default wd-title-style-default wd-title-size-default text-left\">\n\n\t\t\t\n\t\t\t<div class=\"liner-continer\">\n\t\t\t\t<h4 class=\"woodmart-title-container title wd-fontsize-l\">Gizlilik Politikas\u0131<\/h4> \n\t\t\t\t\t\t\t<\/div>\n\n\t\t\t\t\t<\/div>\n\t\t\t\t\t\t<\/div>\n\t\t\t\t<\/div>\n\t\t\t\t<div class=\"elementor-element elementor-element-47594a9 elementor-widget elementor-widget-wd_text_block\" data-id=\"47594a9\" data-element_type=\"widget\" data-e-type=\"widget\" data-widget_type=\"wd_text_block.default\">\n\t\t\t\t<div class=\"elementor-widget-container\">\n\t\t\t\t\t\t\t<div class=\"wd-text-block reset-last-child text-left\">\n\t\t\t\n\t\t\t<p>Perfume File, ki\u015fisel bilgilerinizin \u00f6nemli oldu\u011funun bilincindedir ve payla\u015ft\u0131\u011f\u0131n\u0131z t\u00fcm verileri \u00f6zen, sayg\u0131 ve gizlilikle ele al\u0131r. Bu Gizlilik Politikas\u0131, web sitemizi, i\u00e7eriklerimizi ve bu bildirime at\u0131fta bulunan t\u00fcm hizmetleri kulland\u0131\u011f\u0131n\u0131zda Perfume File\u2019\u0131n bilgilerinizi nas\u0131l toplad\u0131\u011f\u0131n\u0131, kulland\u0131\u011f\u0131n\u0131 ve i\u015fledi\u011fini a\u00e7\u0131klar.<\/p><h3><strong>Bize sa\u011flad\u0131\u011f\u0131n\u0131z bilgiler<\/strong><\/h3><p>A\u015fa\u011f\u0131daki durumlarda bilgilerinizi do\u011frudan bizimle payla\u015fmay\u0131 tercih edebilirsiniz:<\/p><ul><li>Perfume File \u00fczerindeki i\u00e7erikleri gezdi\u011finizde, arad\u0131\u011f\u0131n\u0131zda veya etkile\u015fimde bulundu\u011funuzda.<\/li><li>Hesap olu\u015fturdu\u011funuzda, b\u00fcltene abone oldu\u011funuzda veya g\u00fcncellemeler i\u00e7in kay\u0131t oldu\u011funuzda.<\/li><li>Favoriler, istek listeleri veya di\u011fer ki\u015fiselle\u015ftirilmi\u015f listeleri kaydetti\u011finizde.<\/li><li>Anketlere, formlara veya yar\u0131\u015fmalara kat\u0131ld\u0131\u011f\u0131n\u0131zda.<\/li><li>E-posta, form veya di\u011fer kanallar arac\u0131l\u0131\u011f\u0131yla bizimle ileti\u015fime ge\u00e7ti\u011finizde.<\/li><\/ul><p>Yapt\u0131\u011f\u0131n\u0131z i\u015flemlere ba\u011fl\u0131 olarak bu bilgiler \u015funlar\u0131 i\u00e7erebilir:<\/p><ul><li>Ad\u0131n\u0131z, e-posta adresiniz, posta adresiniz ve telefon numaran\u0131z gibi kimlik bilgileri.<\/li><li>E-posta adresi ve \u015fifre gibi giri\u015f bilgileri.<\/li><li>Bize ba\u011fl\u0131 platformlar \u00fczerinden \u00fccretli i\u015flemler yapman\u0131z durumunda \u00f6deme veya faturalama bilgileri.<\/li><li>Kaydedilen tercihler, favoriler ve eklemeyi se\u00e7ti\u011finiz foto\u011fraf veya a\u00e7\u0131klamalar gibi profil bilgileri.<\/li><li>Yorumlar, mesajlar, de\u011ferlendirmeler veya anket yan\u0131tlar\u0131 d\u00e2hil olmak \u00fczere bizimle payla\u015ft\u0131\u011f\u0131n\u0131z i\u00e7erikler.<\/li><\/ul><h3><strong>Otomatik olarak toplanan bilgiler<\/strong><\/h3><p>Perfume File\u2019\u0131 ziyaret etti\u011finizde veya etkile\u015fimde bulundu\u011funuzda, taray\u0131c\u0131n\u0131zdan veya cihaz\u0131n\u0131zdan belirli teknik veriler otomatik olarak toplan\u0131r. Bunlar \u015funlar\u0131 i\u00e7erebilir:<\/p><ul><li>IP adresi ve genel konum bilgileri.<\/li><li>Cihaz t\u00fcr\u00fc, i\u015fletim sistemi ve taray\u0131c\u0131 t\u00fcr\u00fc.<\/li><li>Sayfalar\u0131m\u0131za yap\u0131lan ziyaretlerin tarihleri, saatleri ve s\u00fcreleri.<\/li><li>G\u00f6r\u00fcnt\u00fclenen sayfalar ve i\u00e7erikler, t\u0131klanan ba\u011flant\u0131lar, kullan\u0131lan arama terimleri ve gezinme yollar\u0131 (t\u0131klama ak\u0131\u015f\u0131).<\/li><li>Sayfa yan\u0131t s\u00fcreleri, indirme hatalar\u0131 ve etkile\u015fim ayr\u0131nt\u0131lar\u0131 (kayd\u0131rma, t\u0131klama, fare hareketleri) gibi performans verileri.<\/li><\/ul><p>Taray\u0131c\u0131n\u0131z\u0131 tan\u0131mak, tercihlerinizi hat\u0131rlamak ve sitemizin nas\u0131l kullan\u0131ld\u0131\u011f\u0131n\u0131 anlamak i\u00e7in \u00e7erezler, pikseller ve benzeri teknolojiler kullanabiliriz.<\/p><h3><strong>Di\u011fer kaynaklardan gelen bilgiler<\/strong><\/h3><p>Baz\u0131 durumlarda sizinle ilgili bilgileri \u015fu kaynaklardan alabiliriz:<\/p><ul><li>Analitik, e-posta g\u00f6nderimi, \u00f6deme veya bar\u0131nd\u0131rma hizmetleri konusunda bize destek olan hizmet sa\u011flay\u0131c\u0131lar.<\/li><li>Toplu veya ilgi alan\u0131na dayal\u0131 kitle verileri sa\u011flayan pazarlama ve reklam i\u015f ortaklar\u0131.<\/li><li>Kendi gizlilik ayarlar\u0131 ve politikalar\u0131 do\u011frultusunda Perfume File ile etkile\u015fim kurmay\u0131 se\u00e7ti\u011finiz platformlar (\u00f6rne\u011fin sosyal medya).<\/li><\/ul><p>Bu bilgiler, kay\u0131tlar\u0131m\u0131z\u0131 do\u011fru tutmak, hizmetlerimizi geli\u015ftirmek ve doland\u0131r\u0131c\u0131l\u0131k veya k\u00f6t\u00fcye kullan\u0131m\u0131 \u00f6nlemek amac\u0131yla kullan\u0131l\u0131r.<\/p><h3><strong>Bilgilerinizi nas\u0131l kullan\u0131yoruz<\/strong><\/h3><p>Perfume File, toplanan bilgileri \u015fu ama\u00e7larla kullanabilir:<\/p><ul><li>Web sitemizi, i\u00e7eriklerimizi ve hizmetlerimizi sunmak, s\u00fcrd\u00fcrmek ve geli\u015ftirmek.<\/li><li>Size \u00f6zel i\u00e7erik veya \u00f6neriler sunmak gibi deneyiminizi ki\u015fiselle\u015ftirmek.<\/li><li>Talep etmeyi se\u00e7ti\u011finiz durumlarda g\u00fcncellemeler, b\u00fcltenler veya taleplerinize yan\u0131tlar hakk\u0131nda sizinle ileti\u015fim kurmak.<\/li><li>G\u00fcvenli\u011fi art\u0131rmak, sorunlar\u0131 gidermek ve yeni \u00f6zellikler geli\u015ftirmek i\u00e7in site performans\u0131n\u0131 ve kullan\u0131m\u0131n\u0131 analiz etmek.<\/li><li>Doland\u0131r\u0131c\u0131l\u0131\u011f\u0131, k\u00f6t\u00fcye kullan\u0131m\u0131 veya politika ihlallerini \u00f6nlemeye yard\u0131mc\u0131 olmak ve yasal y\u00fck\u00fcml\u00fcl\u00fcklere uymak.<\/li><\/ul><h3><strong>Eri\u015febilece\u011finiz ve y\u00f6netebilece\u011finiz bilgiler<\/strong><\/h3><p>Bir hesap olu\u015fturman\u0131z veya belirli \u00f6zelliklerle etkile\u015fimde bulunman\u0131z h\u00e2linde a\u015fa\u011f\u0131daki bilgileri g\u00f6r\u00fcnt\u00fcleyebilir ve g\u00fcncelleyebilirsiniz:<\/p><ul><li>Profil bilgileriniz ve giri\u015f bilgileriniz.<\/li><li>\u0130leti\u015fim bilgileri ve kaydedilmi\u015f tercihler.<\/li><li>B\u00fclten veya ileti\u015fim ayarlar\u0131.<\/li><li>Kaydedilen listeler, favoriler ve yak\u0131n zamanda g\u00f6r\u00fcnt\u00fclenen i\u00e7erikler.<\/li><\/ul><p>Y\u00fcr\u00fcrl\u00fckteki mevzuat\u0131n ki\u015fisel verileriniz \u00fczerinde size haklar tan\u0131d\u0131\u011f\u0131 durumlarda (\u00f6rne\u011fin eri\u015fim, d\u00fczeltme, silme veya itiraz), sitemizde yer alan ileti\u015fim bilgileri arac\u0131l\u0131\u011f\u0131yla bizimle ileti\u015fime ge\u00e7erek talepte bulunabilirsiniz.<\/p><h3><strong>Bu politikadaki de\u011fi\u015fiklikler<\/strong><\/h3><p>Bu Gizlilik Politikas\u0131, uygulamalar\u0131m\u0131zdaki, yasal gerekliliklerdeki veya sundu\u011fumuz hizmetlerdeki de\u011fi\u015fiklikleri yans\u0131tmak amac\u0131yla zaman zaman g\u00fcncellenebilir. \u00d6nemli de\u011fi\u015fiklikler yap\u0131ld\u0131\u011f\u0131nda, en son g\u00fcncelleme tarihini belirtir ve uygun durumlarda web sitesinde ek bilgilendirme yapar\u0131z.<\/p>\n\t\t\t\t\t<\/div>\n\t\t\t\t\t\t<\/div>\n\t\t\t\t<\/div>\n\t\t\t\t<\/div>\n\t\t\t\t<\/div>\n\t\t\t\t<\/div>\n\t\t\t\t\t<\/div>\n\t\t\t\t<\/div>\n\t\t\t\t<\/div>\n\t\t","protected":false},"excerpt":{"rendered":"<p>Gizlilik Politikas\u0131 Perfume File, ki\u015fisel bilgilerinizin \u00f6nemli oldu\u011funun bilincindedir ve payla\u015ft\u0131\u011f\u0131n\u0131z t\u00fcm verileri \u00f6zen, sayg\u0131 ve gizlilikle ele al\u0131r. Bu<\/p>\n","protected":false},"author":1,"featured_media":0,"parent":0,"menu_order":0,"comment_status":"closed","ping_status":"open","template":"elementor_header_footer","meta":{"footnotes":""},"class_list":["post-49123","page","type-page","status-publish","hentry"],"_links":{"self":[{"href":"https:\/\/perfumefile.com\/tr\/wp-json\/wp\/v2\/pages\/49123","targetHints":{"allow":["GET"]}}],"collection":[{"href":"https:\/\/perfumefile.com\/tr\/wp-json\/wp\/v2\/pages"}],"about":[{"href":"https:\/\/perfumefile.com\/tr\/wp-json\/wp\/v2\/types\/page"}],"author":[{"embeddable":true,"href":"https:\/\/perfumefile.com\/tr\/wp-json\/wp\/v2\/users\/1"}],"replies":[{"embeddable":true,"href":"https:\/\/perfumefile.com\/tr\/wp-json\/wp\/v2\/comments?post=49123"}],"version-history":[{"count":4,"href":"https:\/\/perfumefile.com\/tr\/wp-json\/wp\/v2\/pages\/49123\/revisions"}],"predecessor-version":[{"id":49130,"href":"https:\/\/perfumefile.com\/tr\/wp-json\/wp\/v2\/pages\/49123\/revisions\/49130"}],"wp:attachment":[{"href":"https:\/\/perfumefile.com\/tr\/wp-json\/wp\/v2\/media?parent=49123"}],"curies":[{"name":"wp","href":"https:\/\/api.w.org\/{rel}","templated":true}]}}