{"id":49126,"date":"2026-01-13T10:57:02","date_gmt":"2026-01-13T10:57:02","guid":{"rendered":"https:\/\/tr.perfumefile.com\/refund_returns\/"},"modified":"2026-01-16T06:44:46","modified_gmt":"2026-01-16T06:44:46","slug":"refund_returns","status":"publish","type":"page","link":"https:\/\/perfumefile.com\/tr\/refund_returns\/","title":{"rendered":"\u0130ade ve \u0130ade Politikas\u0131 \u2013 Parf\u00fcm Dosyas\u0131"},"content":{"rendered":"\t\t<div data-elementor-type=\"wp-page\" data-elementor-id=\"49126\" class=\"elementor elementor-49126 elementor-13\">\n\t\t\t\t<div class=\"elementor-element elementor-element-1f9138e e-flex e-con-boxed e-con e-parent\" data-id=\"1f9138e\" data-element_type=\"container\" data-e-type=\"container\">\n\t\t\t\t\t<div class=\"e-con-inner\">\n\t\t<div class=\"elementor-element elementor-element-a1ce3d5 e-con-full wd-col-content-md-sm wd-col-content-sm e-flex e-con e-child\" data-id=\"a1ce3d5\" data-element_type=\"container\" data-e-type=\"container\">\n\t\t<div class=\"elementor-element elementor-element-1ae8a14 e-con-full e-flex e-con e-child\" data-id=\"1ae8a14\" data-element_type=\"container\" data-e-type=\"container\">\n\t\t<div class=\"elementor-element elementor-element-68a141a e-con-full e-flex e-con e-child\" data-id=\"68a141a\" data-element_type=\"container\" data-e-type=\"container\">\n\t\t\t\t<div class=\"elementor-element elementor-element-7aa6fe1 wd-width-100 elementor-widget elementor-widget-wd_title\" data-id=\"7aa6fe1\" data-element_type=\"widget\" data-e-type=\"widget\" data-widget_type=\"wd_title.default\">\n\t\t\t\t<div class=\"elementor-widget-container\">\n\t\t\t\t\t\t\t<div class=\"title-wrapper wd-set-mb reset-last-child wd-title-color-default wd-title-style-default wd-title-size-default text-left\">\n\n\t\t\t\n\t\t\t<div class=\"liner-continer\">\n\t\t\t\t<h4 class=\"woodmart-title-container title wd-fontsize-l\">\u0130ade ve \u0130ade Politikas\u0131<\/h4> \n\t\t\t\t\t\t\t<\/div>\n\n\t\t\t\t\t<\/div>\n\t\t\t\t\t\t<\/div>\n\t\t\t\t<\/div>\n\t\t\t\t<div class=\"elementor-element elementor-element-27cf646 elementor-widget elementor-widget-wd_text_block\" data-id=\"27cf646\" data-element_type=\"widget\" data-e-type=\"widget\" data-widget_type=\"wd_text_block.default\">\n\t\t\t\t<div class=\"elementor-widget-container\">\n\t\t\t\t\t\t\t<div class=\"wd-text-block reset-last-child text-left\">\n\t\t\t\n\t\t\t<p>\u00dcr\u00fcnler yaln\u0131zca orijinal durumlar\u0131nda, kullan\u0131lmam\u0131\u015f olarak ve t\u00fcm ambalaj ile aksesuarlar\u0131 eksiksiz \u015fekilde iade edildiklerinde de\u011fi\u015fim veya iade i\u00e7in uygundur.<\/p><h3><strong>Memnun kalmad\u0131\u011f\u0131n\u0131z bir \u00fcr\u00fcn alman\u0131z durumunda<\/strong><\/h3><p>Bir \u00fcr\u00fcn hasarl\u0131, kusurlu veya sipari\u015f etti\u011finiz \u00fcr\u00fcnden farkl\u0131 olarak ula\u015ft\u0131ysa, l\u00fctfen m\u00fc\u015fteri hizmetleri ekibimizle ileti\u015fime ge\u00e7in; s\u00fcre\u00e7 tamamen \u00e7\u00f6z\u00fclene kadar size yard\u0131mc\u0131 olunacakt\u0131r.<\/p><h3><strong>De\u011fi\u015fim (sipari\u015fin tamam\u0131 veya bir k\u0131sm\u0131)<\/strong><\/h3><ul><li>Sipari\u015finizi teslim ald\u0131\u011f\u0131n\u0131z tarihten itibaren <strong>7 g\u00fcn<\/strong> i\u00e7inde m\u00fc\u015fteri hizmetleriyle ileti\u015fime ge\u00e7erek hangi \u00fcr\u00fcnleri de\u011fi\u015ftirmek istedi\u011finizi ve yerine hangi \u00fcr\u00fcnleri talep etti\u011finizi belirtmeniz halinde de\u011fi\u015fim talebinde bulunabilirsiniz.<\/li><li>\u00dcr\u00fcnleri nas\u0131l ve nereye g\u00f6nderece\u011finiz konusunda kargo i\u015f orta\u011f\u0131m\u0131z arac\u0131l\u0131\u011f\u0131yla bilgilendirilirsiniz.<\/li><li>Kargo g\u00f6nderim fi\u015fini ve takip\/referans numaras\u0131n\u0131 saklay\u0131n\u0131z.<\/li><li>Aksi belirtilmedik\u00e7e, de\u011fi\u015fim i\u015flemlerinde kargo masraflar\u0131 (\u00fcr\u00fcnlerin geri g\u00f6nderilmesi ve yeni \u00fcr\u00fcnlerin g\u00f6nderilmesi) m\u00fc\u015fteriye aittir.<\/li><\/ul><h3><strong>\u0130ade ve geri \u00f6deme (sipari\u015fin tamam\u0131 veya bir k\u0131sm\u0131)<\/strong><\/h3><ul><li>Sipari\u015finizi teslim ald\u0131\u011f\u0131n\u0131z tarihten itibaren <strong>7 g\u00fcn<\/strong> i\u00e7inde m\u00fc\u015fteri hizmetleriyle ileti\u015fime ge\u00e7erek iade etmek istedi\u011finiz \u00fcr\u00fcnleri belirtmeniz halinde iade talebinde bulunabilirsiniz.<\/li><li>Ekibimiz talebinizi kaydeder ve \u00fcr\u00fcnleri teslim edebilece\u011finiz en yak\u0131n \u015fube veya kargo firmas\u0131n\u0131n teslim noktas\u0131na y\u00f6nlendirir.<\/li><li>\u0130ade edilen \u00fcr\u00fcnler taraf\u0131m\u0131za ula\u015ft\u0131ktan ve incelendikten sonra talebiniz onaylan\u0131rsa, geri \u00f6deme y\u00f6ntemi konusunda sizinle ileti\u015fime ge\u00e7ilir.<\/li><li>Kargo g\u00f6nderim fi\u015fini ve takip\/referans numaras\u0131n\u0131 saklay\u0131n\u0131z.<\/li><li>Aksi belirtilmedik\u00e7e, iade edilen \u00fcr\u00fcnlerin kargo masraflar\u0131 m\u00fc\u015fteriye aittir.<\/li><\/ul><h3><strong>Geri \u00f6deme y\u00f6ntemleri<\/strong><\/h3><p>\u0130ade talebiniz onayland\u0131ktan sonra, kabul edilen \u00fcr\u00fcnlerin bedeli:<\/p><ul><li>Belirli bir ge\u00e7erlilik s\u00fcresi i\u00e7inde (\u00f6rne\u011fin bir y\u0131la kadar) Perfume File online ma\u011fazas\u0131nda kullan\u0131labilecek, iade edilen \u00fcr\u00fcnlerin de\u011feri kadar <strong>ma\u011faza kredisi \/ kupon<\/strong> olarak iade edilebilir.<\/li><li>Taraf\u0131n\u0131zca sa\u011flanan hesap bilgilerine <strong>banka havalesi yoluyla nakit<\/strong> olarak iade edilebilir; bu i\u015flem bankan\u0131z\u0131n veya \u00f6deme sa\u011flay\u0131c\u0131n\u0131z\u0131n i\u015flem s\u00fcrelerine tabidir.<\/li><\/ul><h3><strong>\u00d6nemli not<\/strong><\/h3><p>Her t\u00fcrl\u00fc iade veya de\u011fi\u015fim yaln\u0131zca yukar\u0131daki \u015fartlar\u0131 kar\u015f\u0131layan ve bu politika ile uyumlu \u00fcr\u00fcnler i\u00e7in ge\u00e7erlidir; kullan\u0131lm\u0131\u015f, de\u011fi\u015ftirilmi\u015f veya orijinal durumunda olmayan \u00fcr\u00fcnler kabul edilmeyebilir.<\/p>\n\t\t\t\t\t<\/div>\n\t\t\t\t\t\t<\/div>\n\t\t\t\t<\/div>\n\t\t\t\t<\/div>\n\t\t\t\t<\/div>\n\t\t\t\t<\/div>\n\t\t\t\t\t<\/div>\n\t\t\t\t<\/div>\n\t\t\t\t<\/div>\n\t\t","protected":false},"excerpt":{"rendered":"<p>\u0130ade ve \u0130ade Politikas\u0131 \u00dcr\u00fcnler yaln\u0131zca orijinal durumlar\u0131nda, kullan\u0131lmam\u0131\u015f olarak ve t\u00fcm ambalaj ile aksesuarlar\u0131 eksiksiz \u015fekilde iade edildiklerinde de\u011fi\u015fim<\/p>\n","protected":false},"author":1,"featured_media":0,"parent":0,"menu_order":0,"comment_status":"closed","ping_status":"closed","template":"elementor_header_footer","meta":{"footnotes":""},"class_list":["post-49126","page","type-page","status-publish","hentry"],"_links":{"self":[{"href":"https:\/\/perfumefile.com\/tr\/wp-json\/wp\/v2\/pages\/49126","targetHints":{"allow":["GET"]}}],"collection":[{"href":"https:\/\/perfumefile.com\/tr\/wp-json\/wp\/v2\/pages"}],"about":[{"href":"https:\/\/perfumefile.com\/tr\/wp-json\/wp\/v2\/types\/page"}],"author":[{"embeddable":true,"href":"https:\/\/perfumefile.com\/tr\/wp-json\/wp\/v2\/users\/1"}],"replies":[{"embeddable":true,"href":"https:\/\/perfumefile.com\/tr\/wp-json\/wp\/v2\/comments?post=49126"}],"version-history":[{"count":4,"href":"https:\/\/perfumefile.com\/tr\/wp-json\/wp\/v2\/pages\/49126\/revisions"}],"predecessor-version":[{"id":49137,"href":"https:\/\/perfumefile.com\/tr\/wp-json\/wp\/v2\/pages\/49126\/revisions\/49137"}],"wp:attachment":[{"href":"https:\/\/perfumefile.com\/tr\/wp-json\/wp\/v2\/media?parent=49126"}],"curies":[{"name":"wp","href":"https:\/\/api.w.org\/{rel}","templated":true}]}}