{"id":49132,"date":"2025-01-14T12:02:44","date_gmt":"2025-01-14T12:02:44","guid":{"rendered":"https:\/\/tr.perfumefile.com\/?page_id=49132"},"modified":"2026-01-16T08:11:51","modified_gmt":"2026-01-16T08:11:51","slug":"istek-listesi","status":"publish","type":"page","link":"https:\/\/perfumefile.com\/tr\/istek-listesi\/","title":{"rendered":"\u0130stek listesi"},"content":{"rendered":"\t\t<div data-elementor-type=\"wp-page\" data-elementor-id=\"49132\" class=\"elementor elementor-49132 elementor-25\">\n\t\t\t\t<div class=\"wd-negative-gap elementor-element elementor-element-02bce28 e-flex e-con-boxed e-con e-parent\" data-id=\"02bce28\" data-element_type=\"container\" data-e-type=\"container\">\n\t\t\t\t\t<div class=\"e-con-inner\">\n\t\t\t\t<div class=\"elementor-element elementor-element-77d5a17 elementor-widget elementor-widget-wd_wishlist\" data-id=\"77d5a17\" data-element_type=\"widget\" data-e-type=\"widget\" data-widget_type=\"wd_wishlist.default\">\n\t\t\t\t<div class=\"elementor-widget-container\">\n\t\t\t\t\t\t\t\n\t\t\n\t\t<div class=\"\">\n\t\t\t\t\t\t<div class=\"wd-wishlist-content\">\n\t\t\t\t\t\t\t\t\t\t\t\n\t\t<p class=\"wd-empty-wishlist wd-empty-page\">\n\t\t\tThis wishlist is empty.\t\t<\/p>\n\n\t\t\t\t\t<div class=\"wd-empty-page-text\">\n\t\t\t\tYou don't have any products in the wishlist yet. You will find a lot of interesting products on our \"Shop\" page.\t\t\t<\/div>\n\t\t\n\t\t\n\t\t\t\t\t<p class=\"return-to-shop\">\n\t\t\t\t<a class=\"button\" href=\"https:\/\/perfumefile.com\/tr\/magaza\/\">\n\t\t\t\t\tMa\u011fazaya geri d\u00f6n\t\t\t\t<\/a>\n\t\t\t<\/p>\n\t\t\t\t\t\t\t\t\t\t\t<\/div>\n\t\t\t\t<\/div>\n\t\t\t\t\t\t<\/div>\n\t\t\t\t<\/div>\n\t\t\t\t\t<\/div>\n\t\t\t\t<\/div>\n\t\t\t\t<\/div>\n\t\t","protected":false},"excerpt":{"rendered":"<p>Hesab\u0131m Dashboard Orders Downloads Addresses Account details Wishlist Logout \u00dcr\u00fcnlerinizin istek listesi Payla\u015f: Remove Select all Deselect all<\/p>\n","protected":false},"author":1,"featured_media":0,"parent":0,"menu_order":0,"comment_status":"closed","ping_status":"closed","template":"elementor_header_footer","meta":{"footnotes":""},"class_list":["post-49132","page","type-page","status-publish","hentry"],"_links":{"self":[{"href":"https:\/\/perfumefile.com\/tr\/wp-json\/wp\/v2\/pages\/49132","targetHints":{"allow":["GET"]}}],"collection":[{"href":"https:\/\/perfumefile.com\/tr\/wp-json\/wp\/v2\/pages"}],"about":[{"href":"https:\/\/perfumefile.com\/tr\/wp-json\/wp\/v2\/types\/page"}],"author":[{"embeddable":true,"href":"https:\/\/perfumefile.com\/tr\/wp-json\/wp\/v2\/users\/1"}],"replies":[{"embeddable":true,"href":"https:\/\/perfumefile.com\/tr\/wp-json\/wp\/v2\/comments?post=49132"}],"version-history":[{"count":2,"href":"https:\/\/perfumefile.com\/tr\/wp-json\/wp\/v2\/pages\/49132\/revisions"}],"predecessor-version":[{"id":49139,"href":"https:\/\/perfumefile.com\/tr\/wp-json\/wp\/v2\/pages\/49132\/revisions\/49139"}],"wp:attachment":[{"href":"https:\/\/perfumefile.com\/tr\/wp-json\/wp\/v2\/media?parent=49132"}],"curies":[{"name":"wp","href":"https:\/\/api.w.org\/{rel}","templated":true}]}}