{"id":49134,"date":"2025-01-14T12:03:42","date_gmt":"2025-01-14T12:03:42","guid":{"rendered":"https:\/\/tr.perfumefile.com\/work-with-us\/"},"modified":"2026-01-16T06:48:37","modified_gmt":"2026-01-16T06:48:37","slug":"work-with-us","status":"publish","type":"page","link":"https:\/\/perfumefile.com\/tr\/work-with-us\/","title":{"rendered":"Bizimle \u00c7al\u0131\u015f\u0131n"},"content":{"rendered":"\t\t<div data-elementor-type=\"wp-page\" data-elementor-id=\"49134\" class=\"elementor elementor-49134 elementor-35\">\n\t\t\t\t<div class=\"elementor-element elementor-element-4b5a7d8 e-flex e-con-boxed e-con e-parent\" data-id=\"4b5a7d8\" data-element_type=\"container\" data-e-type=\"container\">\n\t\t\t\t\t<div class=\"e-con-inner\">\n\t\t<div class=\"elementor-element elementor-element-668e28c e-con-full wd-col-content-md-sm wd-col-content-sm e-flex e-con e-child\" data-id=\"668e28c\" data-element_type=\"container\" data-e-type=\"container\">\n\t\t<div class=\"elementor-element elementor-element-92c2bf7 e-con-full e-flex e-con e-child\" data-id=\"92c2bf7\" data-element_type=\"container\" data-e-type=\"container\">\n\t\t<div class=\"elementor-element elementor-element-ba43389 e-con-full e-flex e-con e-child\" data-id=\"ba43389\" data-element_type=\"container\" data-e-type=\"container\">\n\t\t\t\t<div class=\"elementor-element elementor-element-1ad6be6 wd-width-100 elementor-widget elementor-widget-wd_title\" data-id=\"1ad6be6\" data-element_type=\"widget\" data-e-type=\"widget\" data-widget_type=\"wd_title.default\">\n\t\t\t\t<div class=\"elementor-widget-container\">\n\t\t\t\t\t\t\t<div class=\"title-wrapper wd-set-mb reset-last-child wd-title-color-default wd-title-style-default wd-title-size-default text-left\">\n\n\t\t\t\n\t\t\t<div class=\"liner-continer\">\n\t\t\t\t<h4 class=\"woodmart-title-container title wd-fontsize-l\">Bizimle \u00c7al\u0131\u015f\u0131n<br \/>\n<\/h4> \n\t\t\t\t\t\t\t<\/div>\n\n\t\t\t\t\t<\/div>\n\t\t\t\t\t\t<\/div>\n\t\t\t\t<\/div>\n\t\t\t\t<div class=\"elementor-element elementor-element-e14cd48 color-scheme-inherit text-left elementor-widget elementor-widget-text-editor\" data-id=\"e14cd48\" data-element_type=\"widget\" data-e-type=\"widget\" data-widget_type=\"text-editor.default\">\n\t\t\t\t\t\t\t\t\t<em>Perfume File, yeni kokular, ilham ve g\u00fcvenilir \u00f6neriler arayan; parf\u00fcm tutkunlar\u0131, koleksiyonerler ve g\u00fczellik al\u0131\u015fveri\u015fi yapanlardan olu\u015fan b\u00fcy\u00fcyen bir topluluk taraf\u0131ndan takip edilmektedir. Sat\u0131\u015f ortakl\u0131\u011f\u0131 ve komisyon bazl\u0131 modelimizle bizimle i\u015f birli\u011fi yapmak, etkinizi ve kitlenizi s\u00fcrd\u00fcr\u00fclebilir bir gelir kayna\u011f\u0131na d\u00f6n\u00fc\u015ft\u00fcrme f\u0131rsat\u0131 sunar.<\/em>\n\n<em>Stok, paketleme veya m\u00fc\u015fteri hizmetleriyle u\u011fra\u015fmak yerine, en iyi yapt\u0131\u011f\u0131n\u0131z \u015feye odaklan\u0131rs\u0131n\u0131z: i\u00e7erik \u00fcretmek, kitlenize ula\u015fmak ve ger\u00e7ekten sevdi\u011finiz parf\u00fcmleri payla\u015fmak. Takip, sipari\u015f ve teslimat s\u00fcre\u00e7lerinin teknik taraf\u0131n\u0131 ise i\u015f ortaklar\u0131m\u0131z ve platformlar\u0131m\u0131z arac\u0131l\u0131\u011f\u0131yla biz y\u00f6netiriz.<\/em>\n\n<em><b>Nas\u0131l \u00e7al\u0131\u015f\u0131r<\/b><\/em>\n\n<ul>\n \t<li><em>Bir i\u00e7erik \u00fcreticisi, yay\u0131nc\u0131, blogger veya sosyal medya i\u015f orta\u011f\u0131 olarak sat\u0131\u015f ortakl\u0131\u011f\u0131 a\u011f\u0131m\u0131za kat\u0131l\u0131rs\u0131n\u0131z.<\/em><\/li>\n \t<li><em>\u0130\u00e7eriklerinizde, payla\u015f\u0131mlar\u0131n\u0131zda, videolar\u0131n\u0131zda veya e-postalar\u0131n\u0131zda kitlenizle payla\u015fman\u0131z i\u00e7in size \u00f6zel takip linkleri veya promosyon kodlar\u0131 al\u0131rs\u0131n\u0131z.<\/em><\/li>\n \t<li><em>Birisi sizin linkiniz veya kodunuz \u00fczerinden ge\u00e7erli bir sat\u0131n alma yapt\u0131\u011f\u0131nda, sat\u0131\u015f \u00fczerinden komisyon kazan\u0131rs\u0131n\u0131z.<\/em><\/li>\n<\/ul>\n<em>Sistemimiz y\u00f6nlendirmeleri \u015feffaf bir \u015fekilde takip eder; b\u00f6ylece kontrol paneliniz \u00fczerinden t\u0131klamalar\u0131, d\u00f6n\u00fc\u015f\u00fcmleri ve kazan\u00e7lar\u0131n\u0131z\u0131 izleyebilir, i\u00e7eri\u011finizi buna g\u00f6re optimize edebilirsiniz.<\/em>\n\n<strong><em>Kimler kat\u0131labilir<\/em><\/strong>\n\n<em>Program\u0131m\u0131z \u015funlar i\u00e7in tasarlanm\u0131\u015ft\u0131r:<\/em>\n\n<ul>\n \t<li><em>Parf\u00fcm, g\u00fczellik veya ya\u015fam tarz\u0131 \u00fczerine i\u00e7erik \u00fcreten Instagram, TikTok, YouTube i\u00e7erik \u00fcreticileri veya blog yazarlar\u0131.<\/em><\/li>\n \t<li><em>Kitlesine \u00f6zenle se\u00e7ilmi\u015f parf\u00fcm \u00f6nerileri sunmak isteyen web sitesi sahipleri, yay\u0131nc\u0131lar ve b\u00fclten yazarlar\u0131.<\/em><\/li>\n \t<li><em>Stok ta\u015f\u0131madan parf\u00fcm \u00f6nerileri payla\u015fmak ve komisyon kazanmak isteyen topluluk liderleri, dan\u0131\u015fmanlar ve g\u00fczellik profesyonelleri.<\/em><\/li>\n<\/ul>\n<em>\u0130ster yeni ba\u015fl\u0131yor olun ister yerle\u015fik bir kitleniz olsun, model basittir: siz \u00f6nerirsiniz, kitleniz al\u0131\u015fveri\u015f yapar ve siz kazan\u0131rs\u0131n\u0131z.<\/em>\n\n<strong><em>Neden Perfume File ile \u00e7al\u0131\u015fmal\u0131s\u0131n\u0131z<\/em><\/strong>\n\n<ul>\n \t<li><em>Derinli\u011fe, hik\u00e2ye anlat\u0131m\u0131na ve \u00f6zenli k\u00fcrasyona de\u011fer veren, ni\u015f ve parf\u00fcm odakl\u0131 bir kitle.<\/em><\/li>\n \t<li><em>Ger\u00e7ek etkile\u015fim ve sat\u0131\u015f sa\u011flayan i\u015f ortaklar\u0131n\u0131 \u00f6d\u00fcllendirmek \u00fczere tasarlanm\u0131\u015f, esnek ve performans bazl\u0131 bir komisyon yap\u0131s\u0131.<\/em><\/li>\n \t<li><em>Parf\u00fcm\u00fc mevcut ileti\u015fim tarz\u0131n\u0131za do\u011fal bir \u015fekilde entegre etmenize yard\u0131mc\u0131 olacak s\u00fcrekli i\u00e7erik fikirleri, \u00fcr\u00fcn \u00f6ne \u00e7\u0131kar\u0131mlar\u0131 ve kampanya konseptleri.<\/em><\/li>\n<\/ul>\n<em>Ama\u00e7; sizin sesinize do\u011fal gelen, takip\u00e7ileriniz i\u00e7in de\u011ferli olan ve zaman i\u00e7inde size net ve \u00f6l\u00e7\u00fclebilir bir gelir kanal\u0131 olu\u015fturan bir i\u015f ortakl\u0131\u011f\u0131 kurmakt\u0131r.<\/em>\n\n<em><b>Ba\u015flay\u0131n<\/b><\/em>\n\n<em>Bizimle \u00e7al\u0131\u015fmak isterseniz, ileti\u015fim formumuz veya e-posta yoluyla bilgilerinizi, platformlar\u0131n\u0131z\u0131 ve kitleniz ile i\u00e7erik tarz\u0131n\u0131z\u0131 k\u0131saca tan\u0131tan bir a\u00e7\u0131klama payla\u015f\u0131n.\nEkibimiz ba\u015fvurunuzu inceleyecek ve onaylanmas\u0131 h\u00e2linde, size sonraki ad\u0131mlarda rehberlik ederek \u00f6zel linklerinizi payla\u015fmaya ve komisyon kazanmaya en k\u0131sa s\u00fcrede ba\u015flaman\u0131z\u0131 sa\u011flayacakt\u0131r.<\/em>\n\t\t\t\t\t\t\t\t<\/div>\n\t\t\t\t<\/div>\n\t\t<div class=\"elementor-element elementor-element-9dd326c e-con-full e-flex e-con e-child\" data-id=\"9dd326c\" data-element_type=\"container\" data-e-type=\"container\">\n\t\t\t\t<div class=\"elementor-element elementor-element-011dd2f elementor-widget elementor-widget-wd_image_or_svg\" data-id=\"011dd2f\" data-element_type=\"widget\" data-e-type=\"widget\" data-widget_type=\"wd_image_or_svg.default\">\n\t\t\t\t<div class=\"elementor-widget-container\">\n\t\t\t\t\t\n\t\t<div class=\"wd-image text-left\">\n\t\t\t\t\t\t\t\t<img fetchpriority=\"high\" decoding=\"async\" width=\"600\" height=\"800\" src=\"https:\/\/perfumefile.com\/wp-content\/uploads\/2025\/12\/\u0634\u0647\u0627\u062f\u0627\u062a-\u0644\u064a\u0644\u0627\u0633-PRIVE-1.webp\" class=\"attachment-full size-full\" alt=\"\" srcset=\"https:\/\/perfumefile.com\/wp-content\/uploads\/2025\/12\/\u0634\u0647\u0627\u062f\u0627\u062a-\u0644\u064a\u0644\u0627\u0633-PRIVE-1.webp 600w, https:\/\/perfumefile.com\/wp-content\/uploads\/2025\/12\/\u0634\u0647\u0627\u062f\u0627\u062a-\u0644\u064a\u0644\u0627\u0633-PRIVE-1-225x300.webp 225w, https:\/\/perfumefile.com\/wp-content\/uploads\/2025\/12\/\u0634\u0647\u0627\u062f\u0627\u062a-\u0644\u064a\u0644\u0627\u0633-PRIVE-1-150x200.webp 150w\" sizes=\"(max-width: 600px) 100vw, 600px\" \/>\t\t\t\t\t<\/div>\n\n\t\t\t\t\t\t<\/div>\n\t\t\t\t<\/div>\n\t\t\t\t<div class=\"elementor-element elementor-element-0b88bb2 elementor-widget elementor-widget-wd_image_or_svg\" data-id=\"0b88bb2\" data-element_type=\"widget\" data-e-type=\"widget\" data-widget_type=\"wd_image_or_svg.default\">\n\t\t\t\t<div class=\"elementor-widget-container\">\n\t\t\t\t\t\n\t\t<div class=\"wd-image text-left\">\n\t\t\t\t\t\t\t\t<img decoding=\"async\" width=\"600\" height=\"800\" src=\"https:\/\/perfumefile.com\/wp-content\/uploads\/2025\/12\/WhatsApp-Image-2025-12-19-at-10.02.54-AM.webp\" class=\"attachment-full size-full\" alt=\"\" srcset=\"https:\/\/perfumefile.com\/wp-content\/uploads\/2025\/12\/WhatsApp-Image-2025-12-19-at-10.02.54-AM.webp 600w, https:\/\/perfumefile.com\/wp-content\/uploads\/2025\/12\/WhatsApp-Image-2025-12-19-at-10.02.54-AM-225x300.webp 225w, https:\/\/perfumefile.com\/wp-content\/uploads\/2025\/12\/WhatsApp-Image-2025-12-19-at-10.02.54-AM-150x200.webp 150w\" sizes=\"(max-width: 600px) 100vw, 600px\" \/>\t\t\t\t\t<\/div>\n\n\t\t\t\t\t\t<\/div>\n\t\t\t\t<\/div>\n\t\t\t\t<\/div>\n\t\t\t\t<\/div>\n\t\t\t\t<\/div>\n\t\t\t\t\t<\/div>\n\t\t\t\t<\/div>\n\t\t\t\t<\/div>\n\t\t","protected":false},"excerpt":{"rendered":"<p>Bizimle \u00c7al\u0131\u015f\u0131n Perfume File, yeni kokular, ilham ve g\u00fcvenilir \u00f6neriler arayan; parf\u00fcm tutkunlar\u0131, koleksiyonerler ve g\u00fczellik al\u0131\u015fveri\u015fi yapanlardan olu\u015fan b\u00fcy\u00fcyen<\/p>\n","protected":false},"author":1,"featured_media":0,"parent":0,"menu_order":0,"comment_status":"closed","ping_status":"closed","template":"","meta":{"footnotes":""},"class_list":["post-49134","page","type-page","status-publish","hentry"],"_links":{"self":[{"href":"https:\/\/perfumefile.com\/tr\/wp-json\/wp\/v2\/pages\/49134","targetHints":{"allow":["GET"]}}],"collection":[{"href":"https:\/\/perfumefile.com\/tr\/wp-json\/wp\/v2\/pages"}],"about":[{"href":"https:\/\/perfumefile.com\/tr\/wp-json\/wp\/v2\/types\/page"}],"author":[{"embeddable":true,"href":"https:\/\/perfumefile.com\/tr\/wp-json\/wp\/v2\/users\/1"}],"replies":[{"embeddable":true,"href":"https:\/\/perfumefile.com\/tr\/wp-json\/wp\/v2\/comments?post=49134"}],"version-history":[{"count":4,"href":"https:\/\/perfumefile.com\/tr\/wp-json\/wp\/v2\/pages\/49134\/revisions"}],"predecessor-version":[{"id":49143,"href":"https:\/\/perfumefile.com\/tr\/wp-json\/wp\/v2\/pages\/49134\/revisions\/49143"}],"wp:attachment":[{"href":"https:\/\/perfumefile.com\/tr\/wp-json\/wp\/v2\/media?parent=49134"}],"curies":[{"name":"wp","href":"https:\/\/api.w.org\/{rel}","templated":true}]}}