{"id":49908,"date":"2026-02-11T06:33:45","date_gmt":"2026-02-11T06:33:45","guid":{"rendered":"https:\/\/perfumefile.com\/?page_id=49908"},"modified":"2026-02-11T06:36:29","modified_gmt":"2026-02-11T06:36:29","slug":"cerez-politikamiz","status":"publish","type":"page","link":"https:\/\/perfumefile.com\/tr\/cerez-politikamiz\/","title":{"rendered":"\u00c7erez Politikam\u0131z"},"content":{"rendered":"\t\t<div data-elementor-type=\"wp-page\" data-elementor-id=\"49908\" class=\"elementor elementor-49908 elementor-49906\">\n\t\t\t\t<div class=\"elementor-element elementor-element-5ca8501f e-flex e-con-boxed e-con e-parent\" data-id=\"5ca8501f\" data-element_type=\"container\" data-e-type=\"container\">\n\t\t\t\t\t<div class=\"e-con-inner\">\n\t\t\t\t<div class=\"elementor-element elementor-element-1c20f63b color-scheme-inherit text-left elementor-widget elementor-widget-text-editor\" data-id=\"1c20f63b\" data-element_type=\"widget\" data-e-type=\"widget\" data-widget_type=\"text-editor.default\">\n\t\t\t\t\t\t\t\t\t<p data-pm-slice=\"1 1 []\"><strong>LELAS PERFUME KOZMET\u0130K SANAY\u0130 VE T\u0130CARET ANON\u0130M \u015e\u0130RKET\u0130<\/strong> <strong>\u00c7erez Politikam\u0131z<\/strong><\/p>\r\nBu \u00c7erez Politikas\u0131, web sitemizi ziyaret etti\u011finizde LELAS PERFUME KOZMETIK SANAYI VE T\u0130CARET ANONIM \u015eIRKETI&#8217;nin (&#8220;LELAS&#8221;, &#8220;biz&#8221;, &#8220;bizim&#8221; veya &#8220;bize&#8221;) \u00e7erezleri ve benzer teknolojileri nas\u0131l kulland\u0131\u011f\u0131n\u0131 a\u00e7\u0131klamaktad\u0131r. <a>www.lelas.net<\/a> (&#8220;Website&#8221;).\r\n\r\nWeb Sitemizi kullanmaya devam ederek, bu \u00c7erez Politikas\u0131 uyar\u0131nca \u00e7erez kullan\u0131m\u0131m\u0131za onay vermi\u015f olursunuz.\r\n<div>\r\n\r\n<hr \/>\r\n\r\n<\/div>\r\n<h3>1. \u00c7erezler Nelerdir?<\/h3>\r\n\u00c7erezler, ziyaret etti\u011finiz web siteleri taraf\u0131ndan cihaz\u0131n\u0131za (bilgisayar, ak\u0131ll\u0131 telefon, tablet) yerle\u015ftirilen k\u00fc\u00e7\u00fck metin dosyalar\u0131d\u0131r. Web sitelerinin daha verimli \u00e7al\u0131\u015fmas\u0131n\u0131 sa\u011flamak ve site sahiplerine bilgi sa\u011flamak i\u00e7in yayg\u0131n olarak kullan\u0131l\u0131rlar.\r\n<div>\r\n\r\n<hr \/>\r\n\r\n<\/div>\r\n<h3>2. Neden \u00c7erez Kullan\u0131yoruz?<\/h3>\r\n\u00c7erezleri a\u015fa\u011f\u0131daki ama\u00e7lar i\u00e7in kullan\u0131yoruz:\r\n<ul data-spread=\"false\">\r\n \t<li>Web Sitesinin teknik i\u015fleyi\u015fini sa\u011flamak,<\/li>\r\n \t<li>Kullan\u0131c\u0131 deneyiminizi geli\u015ftirmek ve i\u00e7eri\u011fi \u00f6zelle\u015ftirmek i\u00e7in,<\/li>\r\n \t<li>Tercihlerinizi ve giri\u015f bilgilerinizi hat\u0131rlamak i\u00e7in,<\/li>\r\n \t<li>Web Sitemizin performans\u0131n\u0131 iyile\u015ftirmek amac\u0131yla istatistiksel veriler toplamak,<\/li>\r\n \t<li>Ki\u015fiselle\u015ftirilmi\u015f reklamlar da dahil olmak \u00fczere reklam ve pazarlama ama\u00e7lar\u0131 i\u00e7in.<\/li>\r\n<\/ul>\r\n<div>\r\n\r\n<hr \/>\r\n\r\n<\/div>\r\n<h3>3. Kulland\u0131\u011f\u0131m\u0131z \u00c7erez T\u00fcrleri<\/h3>\r\n<strong>Temel \u00c7erezler:<\/strong> Bunlar, Web Sitesinin d\u00fczg\u00fcn \u00e7al\u0131\u015fmas\u0131 i\u00e7in gereklidir ve sistemlerimizde devre d\u0131\u015f\u0131 b\u0131rak\u0131lamaz.\r\n\r\n<strong>Performans ve Analitik \u00c7erezler:<\/strong> Bu \u00e7erezler, Web Sitemizin performans\u0131n\u0131 \u00f6l\u00e7ebilmemiz ve iyile\u015ftirebilmemiz i\u00e7in ziyaretleri ve trafik kaynaklar\u0131n\u0131 saymam\u0131z\u0131 sa\u011flar.\r\n\r\n<strong>\u0130\u015flevsellik \u00c7erezleri:<\/strong> Bu \u00e7erezler, Web Sitesinin geli\u015fmi\u015f i\u015flevsellik ve ki\u015fiselle\u015ftirme sunmas\u0131n\u0131 sa\u011flar.\r\n\r\n<strong>Hedefleme\/Reklam \u00c7erezleri:<\/strong> Bu \u00e7erezler, ilgi alanlar\u0131n\u0131z\u0131n bir profilini olu\u015fturmak ve size ilgili reklamlar g\u00f6stermek amac\u0131yla reklam ortaklar\u0131m\u0131z taraf\u0131ndan sitemiz arac\u0131l\u0131\u011f\u0131yla ayarlanabilir.\r\n<div>\r\n\r\n<hr \/>\r\n\r\n<\/div>\r\n<h3>4. \u00dc\u00e7\u00fcnc\u00fc Taraf \u00c7erezleri<\/h3>\r\nWeb Sitemizdeki baz\u0131 \u00e7erezler, Google Analytics, Facebook Pixel veya reklam a\u011flar\u0131 gibi \u00fc\u00e7\u00fcnc\u00fc taraf hizmet sa\u011flay\u0131c\u0131lar taraf\u0131ndan yerle\u015ftirilebilir. Bu \u00e7erezler, ilgili \u00fc\u00e7\u00fcnc\u00fc taraflar\u0131n gizlilik ve \u00e7erez politikalar\u0131na tabidir.\r\n<div>\r\n\r\n<hr \/>\r\n\r\n<\/div>\r\n<h3>5. \u00c7erezler Nas\u0131l Kontrol Edilir?<\/h3>\r\n\u00c7erez tercihlerinizi istedi\u011finiz zaman taray\u0131c\u0131n\u0131z\u0131n ayarlar\u0131n\u0131 de\u011fi\u015ftirerek y\u00f6netebilirsiniz. \u00c7o\u011fu taray\u0131c\u0131 \u015funlar\u0131 yapman\u0131za olanak tan\u0131r:\r\n<ul data-spread=\"false\">\r\n \t<li>Hangi \u00e7erezlere sahip oldu\u011funuzu g\u00f6r\u00fcnt\u00fcleyin ve bunlar\u0131 tek tek silin,<\/li>\r\n \t<li>\u00dc\u00e7\u00fcnc\u00fc taraf \u00e7erezlerini engelle,<\/li>\r\n \t<li>T\u00fcm \u00e7erezleri engelle,<\/li>\r\n \t<li>Taray\u0131c\u0131n\u0131z\u0131 kapatt\u0131\u011f\u0131n\u0131zda t\u00fcm \u00e7erezleri silin.<\/li>\r\n<\/ul>\r\n\u00c7erezleri engellemeniz veya silmeniz durumunda Web Sitemizin baz\u0131 \u00f6zelliklerinin d\u00fczg\u00fcn \u00e7al\u0131\u015fmayabilece\u011fini l\u00fctfen unutmay\u0131n.\r\n\r\n\u00c7erez y\u00f6netimi hakk\u0131nda daha fazla bilgi edinmek i\u00e7in:\r\n<ul data-spread=\"false\">\r\n \t<li><a>www.allaboutcookies.org<\/a><\/li>\r\n \t<li><a>www.youronlinechoices.eu<\/a><\/li>\r\n<\/ul>\r\n<div>\r\n\r\n<hr \/>\r\n\r\n<\/div>\r\n<h3>6. Bu \u00c7erez Politikas\u0131ndaki G\u00fcncellemeler<\/h3>\r\nLELAS, bu \u00c7erez Politikas\u0131n\u0131 herhangi bir zamanda de\u011fi\u015ftirme hakk\u0131n\u0131 sakl\u0131 tutar. T\u00fcm de\u011fi\u015fiklikler, Web Sitesi&#8217;nde yay\u0131nland\u0131\u011f\u0131 anda y\u00fcr\u00fcrl\u00fc\u011fe girecektir. G\u00fcncellemeler i\u00e7in bu sayfay\u0131 d\u00fczenli olarak incelemeniz \u00f6nerilir.\r\n<div>\r\n\r\n<hr \/>\r\n\r\n<\/div>\r\n<h3>7. \u0130leti\u015fim<\/h3>\r\n\u00c7erez Politikam\u0131z hakk\u0131nda herhangi bir sorunuz varsa l\u00fctfen bizimle ileti\u015fime ge\u00e7in:\r\n\r\n<strong>LELAS PERFUME KOZMETIK SANAYI VE TICARET A.S.<\/strong>\r\nG\u00f6ztepe Mah. \u0130sto\u00e7 4. Cad. G Blok No:1 \u0130\u00e7 Kap\u0131:81 Ba\u011fc\u0131lar\/\u0130stanbul\r\n\ud83d\udcde +90 553 760 5745\r\n\ud83d\udce7 <a>info@lelas.net<\/a>\r\n<div>\r\n\r\n<hr \/>\r\n\r\n<\/div>\r\n\u00a9 LELAS Perfume Kozmetik Sanayi ve Ticaret A.\u015e. Her hakk\u0131 sakl\u0131d\u0131r.\t\t\t\t\t\t\t\t<\/div>\n\t\t\t\t\t<\/div>\n\t\t\t\t<\/div>\n\t\t\t\t<\/div>\n\t\t","protected":false},"excerpt":{"rendered":"<p>LELAS PERFUME KOZMET\u0130K SANAY\u0130 VE T\u0130CARET ANON\u0130M \u015e\u0130RKET\u0130 \u00c7erez Politikam\u0131z Bu \u00c7erez Politikas\u0131, web sitemizi ziyaret etti\u011finizde LELAS PERFUME KOZMETIK<\/p>\n","protected":false},"author":1,"featured_media":0,"parent":0,"menu_order":0,"comment_status":"closed","ping_status":"closed","template":"elementor_header_footer","meta":{"footnotes":""},"class_list":["post-49908","page","type-page","status-publish","hentry"],"_links":{"self":[{"href":"https:\/\/perfumefile.com\/tr\/wp-json\/wp\/v2\/pages\/49908","targetHints":{"allow":["GET"]}}],"collection":[{"href":"https:\/\/perfumefile.com\/tr\/wp-json\/wp\/v2\/pages"}],"about":[{"href":"https:\/\/perfumefile.com\/tr\/wp-json\/wp\/v2\/types\/page"}],"author":[{"embeddable":true,"href":"https:\/\/perfumefile.com\/tr\/wp-json\/wp\/v2\/users\/1"}],"replies":[{"embeddable":true,"href":"https:\/\/perfumefile.com\/tr\/wp-json\/wp\/v2\/comments?post=49908"}],"version-history":[{"count":4,"href":"https:\/\/perfumefile.com\/tr\/wp-json\/wp\/v2\/pages\/49908\/revisions"}],"predecessor-version":[{"id":49917,"href":"https:\/\/perfumefile.com\/tr\/wp-json\/wp\/v2\/pages\/49908\/revisions\/49917"}],"wp:attachment":[{"href":"https:\/\/perfumefile.com\/tr\/wp-json\/wp\/v2\/media?parent=49908"}],"curies":[{"name":"wp","href":"https:\/\/api.w.org\/{rel}","templated":true}]}}