{"id":49935,"date":"2026-02-11T06:44:30","date_gmt":"2026-02-11T06:44:30","guid":{"rendered":"https:\/\/perfumefile.com\/?page_id=49935"},"modified":"2026-02-11T06:46:39","modified_gmt":"2026-02-11T06:46:39","slug":"kvkk-aydinlatma-metni","status":"publish","type":"page","link":"https:\/\/perfumefile.com\/tr\/kvkk-aydinlatma-metni\/","title":{"rendered":"KVKK Ayd\u0131nlatma Metni"},"content":{"rendered":"\t\t<div data-elementor-type=\"wp-page\" data-elementor-id=\"49935\" class=\"elementor elementor-49935 elementor-49933\">\n\t\t\t\t<div class=\"elementor-element elementor-element-5ae325a9 e-flex e-con-boxed e-con e-parent\" data-id=\"5ae325a9\" data-element_type=\"container\" data-e-type=\"container\">\n\t\t\t\t\t<div class=\"e-con-inner\">\n\t\t\t\t<div class=\"elementor-element elementor-element-166a7b09 color-scheme-inherit text-left elementor-widget elementor-widget-text-editor\" data-id=\"166a7b09\" data-element_type=\"widget\" data-e-type=\"widget\" data-widget_type=\"text-editor.default\">\n\t\t\t\t\t\t\t\t\t<p data-pm-slice=\"1 1 []\">LELAS PARF\u00dcM KOZMET\u0130K SANAY\u0130 VE T\u0130CARET ANON\u0130M \u015e\u0130RKET\u0130 K\u0130\u015e\u0130SEL VER\u0130LER\u0130N KORUNMASI VE \u0130\u015eLENMES\u0130 HAKKINDA M\u00dc\u015eTER\u0130 AYDINLATMA METN\u0130<\/p>\r\n\r\n<ol start=\"1\" data-spread=\"false\">\r\n \t<li>TANIM VE AMA\u00c7<\/li>\r\n<\/ol>\r\nLELAS PARF\u00dcM KOZMET\u0130K SANAY\u0130 VE T\u0130CARET A.\u015e. (&#8220;LELAS A.\u015e.&#8221; veya &#8220;\u015eirket&#8221;), ger\u00e7ek ki\u015fi m\u00fc\u015fterilere ait ki\u015fisel verileri 6698 say\u0131l\u0131 Ki\u015fisel Verilerin Korunmas\u0131 Kanunu (&#8220;KVKK&#8221;) ve ilgili di\u011fer mevzuat h\u00fck\u00fcmlerine uygun olarak i\u015flemeyi ama\u00e7lamaktad\u0131r.\r\n\r\nKi\u015fisel veri, kimli\u011fi belirli veya belirlenebilir ger\u00e7ek ki\u015fiye ili\u015fkin her t\u00fcrl\u00fc bilgiyi ifade eder. Ki\u015fisel verilerinizin korunmas\u0131 LELAS A.\u015e.&#8217;nin en \u00f6nemli \u00f6ncelikleri aras\u0131ndad\u0131r. \u015eirket, hassas ki\u015fisel verileri toplamaz veya i\u015flemez.\r\n\r\nBu Ayd\u0131nlatma Metni ile LELAS A.\u015e. taraf\u0131ndan y\u00fcr\u00fct\u00fclen faaliyetlerin KVKK ve ilgili di\u011fer mevzuatta \u00f6ng\u00f6r\u00fclen ilkelere uygun olarak y\u00fcr\u00fct\u00fclmesi ve iyile\u015ftirilmesi benimsenmi\u015ftir. \u015eirket, Ki\u015fisel Verileri Koruma Kurumu taraf\u0131ndan yay\u0131mlanan rehberler do\u011frultusunda gerekli g\u00fcvenlik d\u00fczeyini sa\u011flamak amac\u0131yla idari tedbirleri almakta ve denetimler yapmakta veya yapt\u0131rmaktad\u0131r. Ayr\u0131ca, LELAS A.\u015e., veri sahiplerini temel ilkeleri hakk\u0131nda bilgilendirerek \u015feffafl\u0131\u011f\u0131 sa\u011flamaktad\u0131r.\r\n\r\n\u015eirketimizin ger\u00e7ek ki\u015fi m\u00fc\u015fterisi olman\u0131z nedeniyle \u015eirketimize sa\u011flad\u0131\u011f\u0131n\u0131z\/sa\u011flayaca\u011f\u0131n\u0131z ya da \u015eirketimiz taraf\u0131ndan sair suretlerle elde edilen ki\u015fisel verileriniz, taraf\u0131m\u0131zca &#8220;Veri Sorumlusu&#8221; s\u0131fat\u0131yla: \u2022 \u0130\u015flenmelerini gerektiren ama\u00e7 do\u011frultusunda ve s\u0131n\u0131rl\u0131 ve \u00f6l\u00e7\u00fcl\u00fc, \u2022 Verilen veya bildirilen bilgileri do\u011fru ve g\u00fcncel tutarak, \u2022 Kaydedilecek, depolanacak, muhafaza edilecek, yeniden d\u00fczenlenecek, bu ki\u015fisel verileri talep etmeye kanunen yetkili olan kurumlarla payla\u015f\u0131lacak ve KVKK&#8217;da belirlenen \u015fartlar \u00e7er\u00e7evesinde yurt i\u00e7inde veya yurt d\u0131\u015f\u0131nda \u00fc\u00e7\u00fcnc\u00fc ki\u015filere aktar\u0131labilecektir. Ayr\u0131ca KVKK&#8217;da say\u0131lan di\u011fer \u015fekillerde de i\u015flenebilecektir.\r\n<ol start=\"2\" data-spread=\"false\">\r\n \t<li>K\u0130\u015e\u0130SEL VER\u0130LER\u0130N TOPLANMASI VE Y\u00d6NTEM\u0130<\/li>\r\n<\/ol>\r\n\u015eirketimiz, ki\u015fisel verilerinizi KVKK ve ilkelerimize uygun olarak bu Ayd\u0131nlatma Metni&#8217;nde belirtilen ama\u00e7lar do\u011frultusunda i\u015fleyecektir. \u0130\u015fleme amac\u0131nda de\u011fi\u015fiklik olmas\u0131 halinde ayr\u0131ca onay al\u0131nacakt\u0131r.\r\n\r\nLELAS A.\u015e., &#8220;veri sorumlusu&#8221; s\u0131fat\u0131yla, <a>https:\/\/www.lelas.net\/<\/a> adresinde doldurulan formlar, web sitesindeki \u00e7erezler ve sat\u0131n alma veya \u015fikayet gibi ma\u011faza i\u00e7i i\u015flemler arac\u0131l\u0131\u011f\u0131yla ki\u015fisel verileri i\u015fler. \u0130lgili alanlar\u0131n t\u00fcketici taraf\u0131ndan doldurulmas\u0131, veri i\u015flemede k\u0131smi veya tam otomasyona yol a\u00e7ar.\r\n\r\n\u015eirketimiz taraf\u0131ndan toplanan ve kullan\u0131lan ki\u015fisel veri t\u00fcrleri \u015funlard\u0131r: \u2022 Ad\u0131n\u0131z, soyad\u0131n\u0131z, adresiniz, sat\u0131n ald\u0131\u011f\u0131n\u0131z \u00fcr\u00fcnler, teslimat y\u00f6nteminiz, i\u015flem tarihiniz, tercih etti\u011finiz \u00f6deme \u015fekliniz, \u00f6deme kanal\u0131 bilgileriniz, banka hesap bilgileriniz, fatura bilgileriniz, al\u0131\u015fveri\u015f deneyiminiz, pasaport numaran\u0131z, kimlik numaran\u0131z, do\u011fum tarihiniz, cinsiyetiniz (belirtilmi\u015fse), sosyal medya hesap bilgileriniz, e-posta adresiniz, telefon numaran\u0131z, g\u00fcvenlik ama\u00e7l\u0131 CCTV g\u00f6r\u00fcnt\u00fcleriniz.\r\n\r\nKi\u015fisel verileriniz, s\u00f6zle\u015fmesel ili\u015fkinin kurulmas\u0131 \u00f6ncesinde, s\u0131ras\u0131nda ve sonras\u0131nda taraf\u0131n\u0131za sunulan her t\u00fcrl\u00fc belge vas\u0131tas\u0131yla, hukuki sebeplerle \u00fc\u00e7\u00fcnc\u00fc ki\u015filerden veya kamu kurumlar\u0131ndan, fiziksel veya elektronik ortamda veya LELAS Parfumeur ma\u011fazalar\u0131na yerle\u015ftirilen g\u00fcvenlik kameralar\u0131 vas\u0131tas\u0131yla toplanmaktad\u0131r.\r\n\r\nKi\u015fisel verilerin korunmas\u0131na ili\u015fkin al\u0131nan teknik ve idari tedbirler, hassas ki\u015fisel veriler bak\u0131m\u0131ndan \u00f6zellikle titizlikle uygulanmakta ve gerekli denetimler yap\u0131lmaktad\u0131r.\r\n<ol start=\"3\" data-spread=\"false\">\r\n \t<li>K\u0130\u015e\u0130SEL VER\u0130LER\u0130N \u0130\u015eLENME AMA\u00c7LARI VE HUKUK\u0130 SEBEPLER\u0130<\/li>\r\n<\/ol>\r\nKi\u015fisel verileriniz, KVKK\u2019n\u0131n 5. ve 6. maddelerine uygun olarak otomatik veya otomatik olmayan y\u00f6ntemlerle a\u015fa\u011f\u0131daki hukuki sebeplere dayanarak i\u015flenmektedir:\r\n<ul data-spread=\"false\">\r\n \t<li>Kanunda a\u00e7\u0131k\u00e7a \u00f6ng\u00f6r\u00fclen haller,<\/li>\r\n \t<li>Bir s\u00f6zle\u015fmenin kurulmas\u0131 veya ifas\u0131 i\u00e7in zorunluluk,<\/li>\r\n \t<li>Yasal bir y\u00fck\u00fcml\u00fcl\u00fc\u011fe uyma zorunlulu\u011fu,<\/li>\r\n \t<li>Yasal bir hakk\u0131n tesisi, kullan\u0131lmas\u0131 veya savunulmas\u0131 i\u00e7in zorunluluk,<\/li>\r\n \t<li>\u0130lgili ki\u015finin temel hak ve \u00f6zg\u00fcrl\u00fcklerine zarar vermemek kayd\u0131yla LELAS A.\u015e.&#8217;nin me\u015fru menfaatleri.<\/li>\r\n<\/ul>\r\n\u0130\u015flemenin temel amac\u0131, veri sahibinin a\u00e7\u0131k r\u0131zas\u0131na dayanmaktad\u0131r.\r\n\r\n\u0130\u015fleme ama\u00e7lar\u0131, yasal y\u00fck\u00fcml\u00fcl\u00fckler ve \u015firket politikalar\u0131na ba\u011fl\u0131 olarak g\u00fcncellenebilir ve \u015funlar\u0131 i\u00e7erebilir: \u2022 Yasal i\u015flemlerin y\u00fcr\u00fct\u00fclmesi, \u2022 Elektronik \u00f6deme i\u015flemlerinin ger\u00e7ekle\u015ftirilmesi, \u2022 Reklam ve pazarlama faaliyetlerinin y\u00fcr\u00fct\u00fclmesi, \u2022 Pazarlama ama\u00e7l\u0131 m\u00fc\u015fteri listelerinin olu\u015fturulmas\u0131, \u2022 Pazarlama ama\u00e7l\u0131 \u00e7ekili\u015flerin d\u00fczenlenmesi, \u2022 M\u00fc\u015fterilerin s\u0131n\u0131fland\u0131r\u0131lmas\u0131, \u2022 \u0130ade edilen \u00fcr\u00fcnlerin takibi, \u2022 \u00dcr\u00fcn teslimat s\u00fcre\u00e7lerinin y\u00f6netilmesi, \u2022 Mobil uygulama \u00fczerinden promosyon kampanyalar\u0131n\u0131n y\u00fcr\u00fct\u00fclmesi, \u2022 M\u00fc\u015fteri deneyiminin iyile\u015ftirilmesine y\u00f6nelik ara\u015ft\u0131rmalar\u0131n yap\u0131lmas\u0131, \u2022 Hizmet kalitesinin art\u0131r\u0131lmas\u0131, \u2022 G\u00fcvenlik amac\u0131yla ma\u011fazalar\u0131n CCTV ile izlenmesi, \u2022 M\u00fc\u015fterilerle kurumsal ileti\u015fimin sa\u011flanmas\u0131, \u2022 Fatura olu\u015fturulmas\u0131, \u2022 M\u00fc\u015fteri hesap \u00f6zetlerinin olu\u015fturulmas\u0131, \u2022 Sat\u0131\u015f sonras\u0131 hizmetlerin takibi, \u2022 Web sitesi oturum a\u00e7ma i\u015flemlerinin y\u00f6netilmesi, \u2022 \u00c7evrimi\u00e7i sat\u0131n al\u0131mlar\u0131n takibi, \u2022 Web sitesi \u00e7erezlerinin analizi.\r\n\r\nKi\u015fisel verileriniz, ilgili mevzuatta \u00f6ng\u00f6r\u00fclen s\u00fcreler boyunca veya mevzuatta \u00f6ng\u00f6r\u00fclen s\u00fcreler bulunmamas\u0131 halinde, i\u015flendikleri ama\u00e7 i\u00e7in gerekli olan makul s\u00fcre boyunca veya yasal saklama s\u00fcreleri sona erene kadar saklanacakt\u0131r.\r\n<ol start=\"4\" data-spread=\"false\">\r\n \t<li>K\u0130\u015e\u0130SEL VER\u0130LER\u0130N \u00dc\u00c7\u00dcNC\u00dc K\u0130\u015e\u0130LERE AKTARILMASI<\/li>\r\n<\/ol>\r\nKi\u015fisel verilerin \u00fc\u00e7\u00fcnc\u00fc ki\u015filere aktar\u0131m\u0131 KVKK kapsam\u0131nda d\u00fczenlenmi\u015f olup, LELAS A.\u015e. taraf\u0131ndan yaln\u0131zca hukuki y\u00fck\u00fcml\u00fcl\u00fcklere uygun olarak ve gerekli g\u00fcvenlik \u00f6nlemleri al\u0131narak payla\u015f\u0131lmaktad\u0131r.\r\n\r\nKi\u015fisel veriler, a\u00e7\u0131k r\u0131zaya dayal\u0131 veya a\u00e7\u0131k r\u0131za aranmaks\u0131z\u0131n (duruma g\u00f6re) yurt i\u00e7inde ve yurt d\u0131\u015f\u0131nda i\u015f ortaklar\u0131m\u0131za, tedarik\u00e7ilerimize, hizmet sa\u011flay\u0131c\u0131lar\u0131m\u0131za, i\u015ftiraklerimize, grup \u015firketlerimize, d\u00fczenleyici kurumlara, resmi kurumlara veya di\u011fer gerekli \u00fc\u00e7\u00fcnc\u00fc ki\u015filere aktar\u0131labilecektir.\r\n\r\nAktar\u0131mlar ayr\u0131ca, veri sorumlusunun hukuki y\u00fck\u00fcml\u00fcl\u00fcklerini yerine getirmesi veya hukuki talepte bulunmas\u0131 amac\u0131yla mahkemelerden veya yetkili idari veya yarg\u0131sal makamlardan gelen resmi taleplere yan\u0131t olarak da ger\u00e7ekle\u015febilir.\r\n\r\nVerileriniz, dergi yay\u0131mc\u0131l\u0131\u011f\u0131, e-\u00f6deme s\u00fcre\u00e7lerinin y\u00f6netilmesi, pazarlama faaliyetleri, kargo teslimat s\u00fcre\u00e7leri, mobil uygulamalarda kampanya y\u00fcr\u00fct\u00fclmesi, m\u00fc\u015fteri deneyiminin analiz edilmesi, \u00e7ekili\u015flerin d\u00fczenlenmesi, m\u00fc\u015fterilerin s\u0131n\u0131fland\u0131r\u0131lmas\u0131, promosyon mesajlar\u0131n\u0131n g\u00f6nderilmesi, internet sitesi \u00fczerinden \u00fcyelik ve sat\u0131n al\u0131mlar\u0131n y\u00f6netilmesi, ma\u011faza g\u00f6zetimi ve \u00e7erez takibi ama\u00e7lar\u0131yla, i\u015fbu ayd\u0131nlatma metninde belirtilen ama\u00e7larla s\u0131n\u0131rl\u0131 olmak \u00fczere tedarik\u00e7ilere, i\u015f ortaklar\u0131na, kamu kurumlar\u0131na ve di\u011fer ilgili \u00fc\u00e7\u00fcnc\u00fc ki\u015filere aktar\u0131labilecektir.\r\n<ol start=\"5\" data-spread=\"false\">\r\n \t<li>M\u00dc\u015eTER\u0130 HAKLARI<\/li>\r\n<\/ol>\r\nKVKK\u2019n\u0131n 11. maddesi uyar\u0131nca \u015eirketimize ba\u015fvurarak; a) Ki\u015fisel verilerinizin i\u015flenip i\u015flenmedi\u011fini \u00f6\u011frenme, b) \u0130\u015flenmi\u015fse buna ili\u015fkin bilgi talep etme, c) \u0130\u015flenme amac\u0131n\u0131 ve bu amaca uygun kullan\u0131l\u0131p kullan\u0131lmad\u0131\u011f\u0131n\u0131 \u00f6\u011frenme, d) Yurt i\u00e7inde veya yurt d\u0131\u015f\u0131nda ki\u015fisel verilerin aktar\u0131ld\u0131\u011f\u0131 \u00fc\u00e7\u00fcnc\u00fc ki\u015fileri bilme, e) Eksik veya yanl\u0131\u015f i\u015flenmi\u015f ki\u015fisel verilerin d\u00fczeltilmesini isteme, f) \u0130\u015flenme sebeplerinin ortadan kalkmas\u0131 h\u00e2linde ki\u015fisel verilerin silinmesini, yok edilmesini veya anonim h\u00e2le getirilmesini isteme, g) Otomatik sistemler vas\u0131tas\u0131yla analiz edilmesi suretiyle ki\u015finin kendisi aleyhine bir sonucun ortaya \u00e7\u0131kmas\u0131na itiraz etme, h) Hukuka ayk\u0131r\u0131 olarak i\u015flenmesi sebebiyle zarara u\u011framan\u0131z h\u00e2linde zarar\u0131n giderilmesini talep etme haklar\u0131na sahipsiniz.\r\n\r\nTalepler, KVKK&#8217;n\u0131n 13. maddesi ve ilgili mevzuat uyar\u0131nca g\u00fcvenli elektronik imza, mobil imza veya kay\u0131tl\u0131 e-posta adresiniz arac\u0131l\u0131\u011f\u0131yla iletilebilir. Talepler en ge\u00e7 30 g\u00fcn i\u00e7inde yan\u0131tlanacakt\u0131r. Di\u011fer bireylerle (\u00f6rne\u011fin aile \u00fcyeleri) ilgili talepler kabul edilmeyecektir. LELAS A.\u015e., yan\u0131t vermeden \u00f6nce kimli\u011finizi do\u011frulama hakk\u0131n\u0131 sakl\u0131 tutar.\r\n\r\nBa\u015fvurularda \u015funlar yer almal\u0131d\u0131r:\r\n<ul data-spread=\"false\">\r\n \t<li>Ad\u0131, soyad\u0131 ve yaz\u0131l\u0131 ise imzas\u0131,<\/li>\r\n \t<li>TC kimlik numaras\u0131 (yabanc\u0131lar i\u00e7in pasaport numaras\u0131),<\/li>\r\n \t<li>Konut veya i\u015f adresi,<\/li>\r\n \t<li>E-posta adresi, telefon ve faks numaras\u0131 (varsa),<\/li>\r\n \t<li>Detaylar\u0131 talep edin.<\/li>\r\n<\/ul>\r\nYaz\u0131l\u0131 olarak teslim etmeniz durumunda destekleyici belgeleri de ekleyerek \u015fu adrese g\u00f6nderiniz: G\u00f6ztepe Mahallesi \u0130sto\u00e7 4. Cad. G Blok No:1 \u0130\u00e7 Kap\u0131:81 Ba\u011fc\u0131lar\/\u0130STANBUL. E-posta sorular\u0131n\u0131z i\u00e7in: <a>info@lelas.net<\/a> veya +905537605745 numaral\u0131 telefondan \u00e7a\u011fr\u0131 merkezimizle ileti\u015fime ge\u00e7in.\r\n\r\n\u0130\u015flemlerde gecikme ya\u015fanmamas\u0131 i\u00e7in l\u00fctfen gerekli t\u00fcm bilgilerin eksiksiz oldu\u011fundan emin olun. LELAS A.\u015e. yasal haklar\u0131n\u0131 sakl\u0131 tutar.\r\n\r\nBu Ayd\u0131nlatma Metni, \u015eirket taraf\u0131ndan gerekti\u011finde revize edilebilir. G\u00fcncellemeler <a>www.lelas.net<\/a> adresinde yay\u0131nlanacakt\u0131r. Revizyonlar talep \u00fczerine taraf\u0131n\u0131za bildirilecektir.\t\t\t\t\t\t\t\t<\/div>\n\t\t\t\t\t<\/div>\n\t\t\t\t<\/div>\n\t\t\t\t<\/div>\n\t\t","protected":false},"excerpt":{"rendered":"<p>LELAS PARF\u00dcM KOZMET\u0130K SANAY\u0130 VE T\u0130CARET ANON\u0130M \u015e\u0130RKET\u0130 K\u0130\u015e\u0130SEL VER\u0130LER\u0130N KORUNMASI VE \u0130\u015eLENMES\u0130 HAKKINDA M\u00dc\u015eTER\u0130 AYDINLATMA METN\u0130 TANIM VE AMA\u00c7<\/p>\n","protected":false},"author":1,"featured_media":0,"parent":0,"menu_order":0,"comment_status":"closed","ping_status":"closed","template":"elementor_header_footer","meta":{"footnotes":""},"class_list":["post-49935","page","type-page","status-publish","hentry"],"_links":{"self":[{"href":"https:\/\/perfumefile.com\/tr\/wp-json\/wp\/v2\/pages\/49935","targetHints":{"allow":["GET"]}}],"collection":[{"href":"https:\/\/perfumefile.com\/tr\/wp-json\/wp\/v2\/pages"}],"about":[{"href":"https:\/\/perfumefile.com\/tr\/wp-json\/wp\/v2\/types\/page"}],"author":[{"embeddable":true,"href":"https:\/\/perfumefile.com\/tr\/wp-json\/wp\/v2\/users\/1"}],"replies":[{"embeddable":true,"href":"https:\/\/perfumefile.com\/tr\/wp-json\/wp\/v2\/comments?post=49935"}],"version-history":[{"count":4,"href":"https:\/\/perfumefile.com\/tr\/wp-json\/wp\/v2\/pages\/49935\/revisions"}],"predecessor-version":[{"id":49942,"href":"https:\/\/perfumefile.com\/tr\/wp-json\/wp\/v2\/pages\/49935\/revisions\/49942"}],"wp:attachment":[{"href":"https:\/\/perfumefile.com\/tr\/wp-json\/wp\/v2\/media?parent=49935"}],"curies":[{"name":"wp","href":"https:\/\/api.w.org\/{rel}","templated":true}]}}