{"id":49204,"date":"2026-01-13T13:31:18","date_gmt":"2026-01-13T13:31:18","guid":{"rendered":"https:\/\/tr.perfumefile.com\/?post_type=product&#038;p=49204"},"modified":"2026-02-05T12:59:07","modified_gmt":"2026-02-05T12:59:07","slug":"elysium-roja-dove-code-eau-de-parfum-55-ml","status":"publish","type":"product","link":"https:\/\/perfumefile.com\/tr\/urun\/elysium-roja-dove-code-eau-de-parfum-55-ml\/","title":{"rendered":"Elysium Roja Dove \u2013 Code Eau de Parf\u00fcm 55 ML"},"content":{"rendered":"<p><strong>Elysium Roja Dove Code Eau de Parfum<\/strong>, sofistike bir duru\u015fun, enerjinin ve modern zarafetin ustaca bir ifadesidir. Zarafetten \u00f6d\u00fcn vermeden canl\u0131l\u0131\u011f\u0131 \u00f6nemseyenler i\u00e7in tasarlanm\u0131\u015f bu parf\u00fcm; canl\u0131 ferahl\u0131k ile derin duyusal s\u0131cakl\u0131k aras\u0131nda uyumlu bir denge sunar. \u0130lk s\u0131k\u0131\u015ftan itibaren kendinden emin, \u015f\u0131k ve l\u00fcks bir varl\u0131k hissi yarat\u0131r.<\/p>\n<p>Koku, artemisia, bergamot, greyfurt, limon, misket limonu, galbanum ve kekikten olu\u015fan parlak ve canland\u0131r\u0131c\u0131 bir birle\u015fimle a\u00e7\u0131l\u0131r. Bu a\u00e7\u0131l\u0131\u015f taze, ye\u015fil ve narenciye odakl\u0131d\u0131r; an\u0131nda berrakl\u0131k ve enerji hissi verir. Bergamot ve greyfurt \u0131\u015f\u0131lt\u0131l\u0131 parlakl\u0131k sunarken, limon ve misket limonu keskin ferahl\u0131\u011f\u0131 art\u0131r\u0131r. Artemisia ve kekik aromatik bitkisel derinlik katar, galbanum ise re\u00e7inemsi ye\u015fil bir n\u00fcans ekleyerek a\u00e7\u0131l\u0131\u015f\u0131 sofistike hale getirir. Birlikte, enerjik ama kontroll\u00fc bir giri\u015f olu\u015ftururlar.<\/p>\n<p>Koku ilerledik\u00e7e kalpte zengin ve karma\u015f\u0131k bir kompozisyon ortaya \u00e7\u0131kar. Elma ve siyah frenk \u00fcz\u00fcm\u00fc hafif meyvemsi tatl\u0131l\u0131k ve modern canl\u0131l\u0131k katar. Pembe biber hafif baharatl\u0131 bir \u0131\u015f\u0131lt\u0131 ekleyerek dinamizmi art\u0131r\u0131r. Yasemin ve zambak \u00e7i\u00e7eksi zarafet ve ferahl\u0131k sunarken, g\u00fcl romantik bir derinlik ekler. Ard\u0131\u00e7 meyveleri aromatik berrakl\u0131k sa\u011flar, nagarmotha ise topraks\u0131 karma\u015f\u0131kl\u0131k katar. Sedir ve vetiver odunsu yap\u0131 ve mask\u00fclen zarafetle kalbi dengeler.<\/p>\n<p>Tabanda ise zengin duyusall\u0131k ve kal\u0131c\u0131 derinlik \u00f6ne \u00e7\u0131kar. Ambergris yumu\u015fak deniz esintisi s\u0131cakl\u0131\u011f\u0131yla kal\u0131c\u0131l\u0131\u011f\u0131 art\u0131r\u0131r. Benzoe ve labdanum re\u00e7inemsi tatl\u0131l\u0131k ve s\u0131cakl\u0131k ekleyerek l\u00fcks bir temel olu\u015fturur. Deri, rafine ve hafif dumanl\u0131 yo\u011funlukla karakter ve g\u00fcven katar. Vanilya ise kremams\u0131 s\u0131cakl\u0131kla taban\u0131 yumu\u015fat\u0131r. Bu son a\u015fama sofistike, sar\u0131c\u0131 ve kal\u0131c\u0131d\u0131r.<\/p>\n<h3>Elysium Roja Dove Code Eau de Parfum \u2013 Parlak Ferahl\u0131k, Aromatik Derinlik &amp; Rafine G\u00fc\u00e7<\/h3>\n<p>Bu parf\u00fcm, canl\u0131l\u0131k ile zarafet aras\u0131ndaki dengeyi yans\u0131t\u0131r. Narenciye ve bitkisel a\u00e7\u0131l\u0131\u015ftan zengin kalbe, oradan s\u0131cak ve duyusal tabana ge\u00e7i\u015fi ak\u0131c\u0131d\u0131r. Geli\u015fimi kontroll\u00fc ve zarif olup modern sofistikasyonu yans\u0131t\u0131r.<\/p>\n<h3>Kimlik &amp; G\u00fc\u00e7l\u00fc Varl\u0131k<\/h3>\n<p>Elysium Roja Dove Code Eau de Parfum, farkl\u0131 cilt kimyalar\u0131na uyum sa\u011flayan kendinden emin ve rafine bir kimlik ta\u015f\u0131r. Baz\u0131lar\u0131nda narenciye ve bitkisel notalar bask\u0131n kal\u0131rken, baz\u0131lar\u0131nda deri, amber ve vanilya daha belirgin hale gelir. G\u00fcnl\u00fck kullan\u0131m, profesyonel ortamlar ve \u00f6zel ak\u015famlar i\u00e7in idealdir.<\/p>\n<h3>Neden Elysium Roja Dove Code Eau de Parfum?<\/h3>\n<p>Bu parf\u00fcm, sofistike, bireysel ve zamans\u0131z bir \u00e7ekicilik sunan taze-aromatik-deri imzas\u0131 arayanlar i\u00e7in tasarlanm\u0131\u015ft\u0131r. G\u00fc\u00e7l\u00fc kal\u0131c\u0131l\u0131k ve rafine bir sillage ile varl\u0131\u011f\u0131 dengeli bir \u015fekilde hissettirir. Karma\u015f\u0131kl\u0131\u011f\u0131, dengeyi ve l\u00fcks\u00fc sevenler i\u00e7in m\u00fckemmel bir se\u00e7imdir.<\/p>\n<h3>Kullan\u0131m &amp; Stil<\/h3>\n<p>\u00d6zel dikim k\u0131yafetler, zarif g\u00fcnl\u00fck kombinler ve kendinden emin bir tarzla kusursuz uyum sa\u011flar. Hem g\u00fcnl\u00fck zarafet hem de \u00f6zel davetler i\u00e7in uygundur. En iyi performans i\u00e7in boyun, bilekler ve kulak arkas\u0131 gibi nab\u0131z noktalar\u0131na uygulanmal\u0131d\u0131r.<\/p>\n<h3>Modern Prestij &amp; Zamans\u0131z \u00c7ekicili\u011fin \u0130mzas\u0131<\/h3>\n<p>Elysium Roja Dove Code Eau de Parfum, sadece bir koku de\u011fil; canl\u0131l\u0131k, zarafet ve manyetik sofistikasyonun ifadesidir. Parlak narenciyeler, aromatik karma\u015f\u0131kl\u0131k ve duyusal re\u00e7ineleri unutulmaz bir imzaya d\u00f6n\u00fc\u015ft\u00fcr\u00fcr.<\/p>\n<p>Narenciye meyveleri, bitkiler, meyveler, \u00e7i\u00e7ekler, odunsu notalar, ambergris, deri ve vanilyan\u0131n birle\u015fimi; kendinden emin, zarif ve kal\u0131c\u0131 bir iz b\u0131rak\u0131r.<\/p>\n<p>\u0130lham\u0131n\u0131 <a href=\"https:\/\/en.wikipedia.org\/wiki\/Aromatic_perfume\" target=\"_blank\" rel=\"noopener\">aromatik kokulardan<\/a> ve <a href=\"https:\/\/en.wikipedia.org\/wiki\/Perfumery\" target=\"_blank\" rel=\"noopener\">ince parf\u00fcmeri sanat\u0131ndan<\/a> al\u0131r. Daha fazla zarif kreasyonu <a href=\"\/collections\/eau-de-perfume\/\">Eau de Parfum koleksiyonumuzda<\/a> ke\u015ffedin.<\/p>\n","protected":false},"excerpt":{"rendered":"<p data-start=\"1336\" data-end=\"1478\">Elysium Roja Dove Code Eau de Parf\u00fcm, parlak narenciye, aromatik karma\u015f\u0131kl\u0131k ve derin, duyusal odunsu bir taban\u0131 bir araya getiren rafine bir kokudur.<\/p>\n","protected":false},"featured_media":49055,"comment_status":"open","ping_status":"closed","template":"","meta":[],"product_brand":[1375],"product_cat":[1307,1312,1314],"product_tag":[],"class_list":{"0":"post-49204","1":"product","2":"type-product","3":"status-publish","4":"has-post-thumbnail","6":"product_brand-roja","7":"product_cat-parfumler","8":"product_cat-prive","9":"product_cat-unisex-parfumler","11":"first","12":"instock","13":"taxable","14":"shipping-taxable","15":"purchasable","16":"product-type-simple"},"_links":{"self":[{"href":"https:\/\/perfumefile.com\/tr\/wp-json\/wp\/v2\/product\/49204","targetHints":{"allow":["GET"]}}],"collection":[{"href":"https:\/\/perfumefile.com\/tr\/wp-json\/wp\/v2\/product"}],"about":[{"href":"https:\/\/perfumefile.com\/tr\/wp-json\/wp\/v2\/types\/product"}],"replies":[{"embeddable":true,"href":"https:\/\/perfumefile.com\/tr\/wp-json\/wp\/v2\/comments?post=49204"}],"version-history":[{"count":2,"href":"https:\/\/perfumefile.com\/tr\/wp-json\/wp\/v2\/product\/49204\/revisions"}],"predecessor-version":[{"id":49212,"href":"https:\/\/perfumefile.com\/tr\/wp-json\/wp\/v2\/product\/49204\/revisions\/49212"}],"wp:featuredmedia":[{"embeddable":true,"href":"https:\/\/perfumefile.com\/tr\/wp-json\/wp\/v2\/media\/49055"}],"wp:attachment":[{"href":"https:\/\/perfumefile.com\/tr\/wp-json\/wp\/v2\/media?parent=49204"}],"wp:term":[{"taxonomy":"product_brand","embeddable":true,"href":"https:\/\/perfumefile.com\/tr\/wp-json\/wp\/v2\/product_brand?post=49204"},{"taxonomy":"product_cat","embeddable":true,"href":"https:\/\/perfumefile.com\/tr\/wp-json\/wp\/v2\/product_cat?post=49204"},{"taxonomy":"product_tag","embeddable":true,"href":"https:\/\/perfumefile.com\/tr\/wp-json\/wp\/v2\/product_tag?post=49204"}],"curies":[{"name":"wp","href":"https:\/\/api.w.org\/{rel}","templated":true}]}}