{"id":49621,"date":"2024-07-30T08:35:30","date_gmt":"2024-07-30T08:35:30","guid":{"rendered":"https:\/\/tr.perfumefile.com\/?post_type=product&#038;p=49621"},"modified":"2026-02-05T13:01:55","modified_gmt":"2026-02-05T13:01:55","slug":"for-her-jawaher-eau-de-parfum-55-ml","status":"publish","type":"product","link":"https:\/\/perfumefile.com\/tr\/urun\/for-her-jawaher-eau-de-parfum-55-ml\/","title":{"rendered":"For Her \u2013 Jawaher Eau de Parf\u00fcm 55 ML"},"content":{"rendered":"<h2>For Her Jawaher Eau de Parfum \u2013 Zamans\u0131z Safl\u0131k, Miskli Zarafet ve \u00c7i\u00e7eksi Amber \u015e\u0131kl\u0131\u011f\u0131<\/h2>\n<p><strong>For Her Jawaher Eau de Parfum 55 ML<\/strong>, safl\u0131k, zarafet ve sade feminenli\u011fin rafine bir ifadesidir. \u0130nceli\u011fi ve sakin \u00f6zg\u00fcveni takdir eden kad\u0131nlar i\u00e7in tasarlanan bu parf\u00fcm; yumu\u015fak notalar ve huzur verici bir varl\u0131k ile sadeli\u011fin g\u00fczelli\u011fini yakalar. \u0130lk s\u0131k\u0131\u015fta dingin, zarif ve zamans\u0131z bir aura sunar.<\/p>\n<h3>\u00dcst Notalar<\/h3>\n<p>Parf\u00fcm, narin ve temiz \u00fcst notalarla a\u00e7\u0131l\u0131r.<br \/>\nBu a\u00e7\u0131l\u0131\u015f, safl\u0131k ve masumiyet hissi uyand\u0131r\u0131r.<br \/>\nFerahl\u0131k keskin de\u011fil, yumu\u015fak ve huzur vericidir.<br \/>\nDo\u011fal g\u00fczelli\u011fi ve sakin sofistikeli\u011fi yans\u0131tarak zarif bir ba\u015flang\u0131\u00e7 sa\u011flar.<\/p>\n<h3>Kalp Notalar \u2013 Romantizmin Kalbi<\/h3>\n<p>Kalpte <strong>misk<\/strong> \u00f6ne \u00e7\u0131kar.<br \/>\nMisk, derinlik ve duyusall\u0131k katarken temiz, cilde yak\u0131n bir yumu\u015fakl\u0131k sunar.<br \/>\nFeminenli\u011fi ve s\u0131cakl\u0131\u011f\u0131 art\u0131r\u0131r, parf\u00fcm\u00fc do\u011fal bir aura ile b\u00fct\u00fcnle\u015ftirir.<br \/>\nNazik ve rahatlat\u0131c\u0131 misk kalbi, yak\u0131nl\u0131k ve zarafet hissi b\u0131rak\u0131r.<\/p>\n<h3>Alt Notalar \u2013 S\u0131cakl\u0131k ve Derinlik<\/h3>\n<p>Tabanda <strong>amber<\/strong> bulunur.<br \/>\nAmber, s\u0131cakl\u0131k ve p\u00fcr\u00fczs\u00fczl\u00fck ekler, parf\u00fcme zarif bir \u0131\u015f\u0131lt\u0131 kazand\u0131r\u0131r.<br \/>\nKompozisyonu rahatlat\u0131c\u0131 bir kucaklama ile tamamlar.<br \/>\nKal\u0131c\u0131, zarif ve huzur verici bir iz b\u0131rak\u0131r.<\/p>\n<h3>For Her Jawaher Eau de Parfum \u2013 Saf Yumu\u015fakl\u0131k, Miskli Zarafet &amp; Zamans\u0131z \u015e\u0131kl\u0131k<\/h3>\n<p>Bu parf\u00fcm, sadeli\u011fin g\u00fczelli\u011fi ve ince feminenli\u011fin g\u00fcc\u00fcnden ilham al\u0131r.<br \/>\nTemiz ferahl\u0131ktan miskli s\u0131cakl\u0131\u011fa ve sonunda amberin huzurlu dokunu\u015funa ge\u00e7i\u015f yapar.<br \/>\nAk\u0131c\u0131 ve uyumlu geli\u015fimi, denge, zarafet ve i\u00e7sel \u00f6zg\u00fcveni yans\u0131t\u0131r.<\/p>\n<h3>Feminen Kimlik &amp; Zarif Varl\u0131k<\/h3>\n<p><strong>For Her Jawaher Eau de Parfum<\/strong>, farkl\u0131 cilt kimyalar\u0131na uyum sa\u011flayan dingin bir feminen kimlik ta\u015f\u0131r.<br \/>\nBaz\u0131lar\u0131nda temiz \u00fcst notalar \u00f6ne \u00e7\u0131karken, baz\u0131lar\u0131nda misk ve amber daha belirgin hale gelir.<br \/>\nG\u00fcnd\u00fcz kullan\u0131m\u0131, profesyonel ortamlar, samimi anlar ve zarif davetler i\u00e7in idealdir.<\/p>\n<h3>Neden For Her Jawaher Eau de Parfum?<\/h3>\n<p>Bu parf\u00fcm, safl\u0131k, zarafet ve zamans\u0131z feminenli\u011fi yans\u0131tan yumu\u015fak, miskli bir imza arayan kad\u0131nlar i\u00e7in tasarlanm\u0131\u015ft\u0131r.<br \/>\nDengeli kal\u0131c\u0131l\u0131k ve nazik bir sillage sunar; varl\u0131\u011f\u0131 hissettirir ama asla bask\u0131n olmaz.<\/p>\n<h3>Kullan\u0131m &amp; Stil<\/h3>\n<p><strong>For Her Jawaher Eau de Parfum<\/strong>, zarif k\u0131yafetler, hafif kuma\u015flar ve rafine ki\u015fisel stil ile m\u00fckemmel uyum sa\u011flar.<br \/>\nNazik \u00f6zg\u00fcven ve sakin sofistike bir varl\u0131k kazand\u0131r\u0131r.<br \/>\nHem g\u00fcnl\u00fck kullan\u0131m hem de \u00f6zel anlar i\u00e7in uygundur.<br \/>\nEn iyi performans i\u00e7in nab\u0131z noktalar\u0131na\u2014boyun, kulak arkas\u0131 ve bileklere\u2014uygulay\u0131n.<\/p>\n<h3>Zamans\u0131z Zarafetin \u0130mzas\u0131<\/h3>\n<p>Sonu\u00e7ta, <strong>For Her Jawaher Eau de Parfum 55 ML<\/strong> sadece bir koku de\u011fil; safl\u0131k, zarafet ve sade feminenli\u011fin ifadesidir.<br \/>\nTemiz notalar, misk ve amberin birle\u015fimiyle unutulmaz bir imza sunar.<br \/>\nNazik, zarif ve huzur verici bir iz b\u0131rakarak zamans\u0131z g\u00fczelli\u011fi tan\u0131mlar.<\/p>\n<p>\u0130lham\u0131n\u0131 <a href=\"https:\/\/en.wikipedia.org\/wiki\/Musk_(perfume)\" target=\"_blank\" rel=\"noopener\">misk parf\u00fcmlerinden<\/a> ve <a href=\"https:\/\/en.wikipedia.org\/wiki\/Perfumery\" target=\"_blank\" rel=\"noopener\">ince parf\u00fcmeri sanat\u0131ndan<\/a> al\u0131r.<br \/>\nDaha fazla zarif kreasyonu <a href=\"\/collections\/eau-de-perfume\/\">Eau de Parfum koleksiyonumuzda<\/a> ke\u015ffedin.<\/p>\n","protected":false},"excerpt":{"rendered":"<p data-start=\"1296\" data-end=\"1418\">For Her Jawaher Eau de Parf\u00fcm, saf notalar, \u015fehvetli misk ve s\u0131cak amber baz\u0131n\u0131 bir araya getiren yumu\u015fak ve feminen bir kokudur.<\/p>\n","protected":false},"featured_media":48692,"comment_status":"open","ping_status":"closed","template":"","meta":[],"product_brand":[1401],"product_cat":[1311,1307,1308],"product_tag":[],"class_list":{"0":"post-49621","1":"product","2":"type-product","3":"status-publish","4":"has-post-thumbnail","6":"product_brand-narciso-rodriguez","7":"product_cat-kadin-parfumleri","8":"product_cat-parfumler","9":"product_cat-prime","11":"first","12":"outofstock","13":"taxable","14":"shipping-taxable","15":"purchasable","16":"product-type-simple"},"_links":{"self":[{"href":"https:\/\/perfumefile.com\/tr\/wp-json\/wp\/v2\/product\/49621","targetHints":{"allow":["GET"]}}],"collection":[{"href":"https:\/\/perfumefile.com\/tr\/wp-json\/wp\/v2\/product"}],"about":[{"href":"https:\/\/perfumefile.com\/tr\/wp-json\/wp\/v2\/types\/product"}],"replies":[{"embeddable":true,"href":"https:\/\/perfumefile.com\/tr\/wp-json\/wp\/v2\/comments?post=49621"}],"version-history":[{"count":1,"href":"https:\/\/perfumefile.com\/tr\/wp-json\/wp\/v2\/product\/49621\/revisions"}],"predecessor-version":[{"id":49631,"href":"https:\/\/perfumefile.com\/tr\/wp-json\/wp\/v2\/product\/49621\/revisions\/49631"}],"wp:featuredmedia":[{"embeddable":true,"href":"https:\/\/perfumefile.com\/tr\/wp-json\/wp\/v2\/media\/48692"}],"wp:attachment":[{"href":"https:\/\/perfumefile.com\/tr\/wp-json\/wp\/v2\/media?parent=49621"}],"wp:term":[{"taxonomy":"product_brand","embeddable":true,"href":"https:\/\/perfumefile.com\/tr\/wp-json\/wp\/v2\/product_brand?post=49621"},{"taxonomy":"product_cat","embeddable":true,"href":"https:\/\/perfumefile.com\/tr\/wp-json\/wp\/v2\/product_cat?post=49621"},{"taxonomy":"product_tag","embeddable":true,"href":"https:\/\/perfumefile.com\/tr\/wp-json\/wp\/v2\/product_tag?post=49621"}],"curies":[{"name":"wp","href":"https:\/\/api.w.org\/{rel}","templated":true}]}}