{"id":49635,"date":"2024-07-30T08:34:39","date_gmt":"2024-07-30T08:34:39","guid":{"rendered":"https:\/\/tr.perfumefile.com\/?post_type=product&#038;p=49635"},"modified":"2026-02-05T13:04:00","modified_gmt":"2026-02-05T13:04:00","slug":"solo-note-vert-malachite-eau-de-parfum-55-ml","status":"publish","type":"product","link":"https:\/\/perfumefile.com\/tr\/urun\/solo-note-vert-malachite-eau-de-parfum-55-ml\/","title":{"rendered":"Solo Note Vert Malachite Eau de Parf\u00fcm 55 ML"},"content":{"rendered":"<p data-start=\"0\" data-end=\"420\"><strong data-start=\"0\" data-end=\"31\">Solo Note Vert Malachite Perfume<\/strong>, safl\u0131\u011f\u0131, dengeyi ve sade zarafeti kutlamak i\u00e7in yarat\u0131lm\u0131\u015f rafine ve etkileyici bir unisex parf\u00fcmd\u00fcr. Perfume File\u2019\u0131n \u00f6zel Prive Collection serisinin bir par\u00e7as\u0131 olan bu Eau de Perfume, berrakl\u0131k ve uyumla a\u00e7\u0131lan \u00f6zenle se\u00e7ilmi\u015f notalar arac\u0131l\u0131\u011f\u0131yla sadeli\u011fin g\u00fczelli\u011fini yans\u0131t\u0131r. A\u015f\u0131r\u0131l\u0131ktan uzak bir sofistikasyonu ve g\u00fcr\u00fclt\u00fcs\u00fcz bir varl\u0131\u011f\u0131 takdir eden bireyler i\u00e7in tasarlanm\u0131\u015ft\u0131r.<\/p>\n<p data-start=\"422\" data-end=\"910\">Koku, duyular\u0131 an\u0131nda uyand\u0131ran taze ve canland\u0131r\u0131c\u0131 bir turun\u00e7gil a\u00e7\u0131l\u0131\u015f\u0131yla ba\u015flar. Ac\u0131 portakal, hafif ye\u015fil bir ac\u0131l\u0131k e\u015fli\u011finde net ve parlak bir ferahl\u0131k sunarak temiz ve y\u00fckseltici bir ilk izlenim yarat\u0131r. Petitgrain, aromatik ye\u015fil tazeli\u011fiyle devam eder; incelik ve do\u011fal bir berrakl\u0131k katar. Bu a\u00e7\u0131l\u0131\u015f hafif, enerjik ve m\u00fckemmel dengelidir; zarafet ve \u00f6l\u00e7\u00fcl\u00fcl\u00fck \u00fczerine kurulu bir kokunun tonunu belirler.<\/p>\n<p data-start=\"912\" data-end=\"1420\">Koku geli\u015ftik\u00e7e kalp notalar\u0131nda narin ve uyumlu bir \u00e7i\u00e7eksi kompozisyon ortaya \u00e7\u0131kar. Ylang-ylang, yumu\u015fak egzotik karakteriyle kremams\u0131 bir \u00e7i\u00e7eksi s\u0131cakl\u0131k sunarak p\u00fcr\u00fczs\u00fczl\u00fck ve derinlik kazand\u0131r\u0131r. Jasmine sambac, ayd\u0131nl\u0131k bir \u00e7i\u00e7eksi zenginlik ve rafine bir duyusall\u0131k eklerken; pembe biber, dengeli yap\u0131y\u0131 bozmadan kalbi y\u00fckselten hafif baharatl\u0131 bir \u0131\u015f\u0131lt\u0131 katar. Bu notalar birlikte, zarif, modern ve sessizce etkileyici bir \u00e7i\u00e7eksi merkez olu\u015fturur.<\/p>\n<p data-start=\"1422\" data-end=\"1960\">Solo Note Vert Malachite Perfume\u2019\u00fcn dip notalar\u0131, kompozisyonu s\u0131cakl\u0131k ve nazik bir rahatl\u0131kla tamamlar. Zambak, temizli\u011fi ve huzuru peki\u015ftiren yumu\u015fak bir \u00e7i\u00e7eksi safl\u0131k sunar. Benzoin, p\u00fcr\u00fczs\u00fcz re\u00e7inemsi bir s\u0131cakl\u0131kla derinlik ve duygusal zenginlik kazand\u0131r\u0131r. Vanilya ise kremams\u0131 bir tatl\u0131l\u0131kla dip yap\u0131y\u0131 yuvarlar; tende a\u011f\u0131rl\u0131k yaratmadan zarif\u00e7e kal\u0131c\u0131, yumu\u015fak ve konforlu bir biti\u015f sa\u011flar.<\/p>\n<h3 data-start=\"1967\" data-end=\"2050\">Solo Note Vert Malachite Perfume \u2013 Saf Zarafet &amp; Zamans\u0131z Sadelik<\/h3>\n<p data-start=\"2052\" data-end=\"2360\">\u201cAz, \u00e7oktur\u201d felsefesinden ilham alan bu koku, tende nazik\u00e7e a\u00e7\u0131larak taze turun\u00e7gil parlakl\u0131\u011f\u0131ndan yumu\u015fak \u00e7i\u00e7eklere ve ard\u0131ndan s\u0131cak, dingin bir dip yap\u0131ya evrilir. Solo Note Vert Malachite Perfume, ak\u0131c\u0131 ve dengeli bir geli\u015fim sunar; do\u011fal ve zahmetsiz hissedilen sakin, rafine bir koku deneyimi yarat\u0131r.<\/p>\n<p data-start=\"2362\" data-end=\"2500\">Genel kompozisyon temiz, zarif ve \u00e7ok y\u00f6nl\u00fcd\u00fcr; t\u00fcm cinsiyetler ve geni\u015f bir kullan\u0131m alan\u0131 i\u00e7in uygundur.<\/p>\n<h3 data-start=\"2507\" data-end=\"2558\">Unisex Kimlik &amp; Rafine Duru\u015f<\/h3>\n<p data-start=\"2560\" data-end=\"2830\">Solo Note Vert Malachite Perfume, \u00f6zg\u00fcveni sadelik ve dengeyle ifade eden bireyler i\u00e7in tasarlanm\u0131\u015ft\u0131r. Baz\u0131 ciltlerde ac\u0131 portakal ve petitgrain net bir ferahl\u0131kla \u00f6ne \u00e7\u0131karken, baz\u0131 ciltlerde yasemin, benzoin ve vanilya nazik bir s\u0131cakl\u0131k ve yumu\u015fakl\u0131kla belirginle\u015fir.<\/p>\n<p data-start=\"2832\" data-end=\"3010\">G\u00fcnl\u00fck kullan\u0131m, profesyonel ortamlar ve ince bir sofistikasyon ile sakin bir varl\u0131\u011f\u0131n arand\u0131\u011f\u0131 anlar i\u00e7in idealdir.<\/p>\n<h3 data-start=\"3017\" data-end=\"3075\">Neden Solo Note Vert Malachite Perfume<\/h3>\n<p data-start=\"3077\" data-end=\"3320\">Bu koku, temiz, modern ve duygusal olarak dengeli bir taze \u00e7i\u00e7eksi imza arayanlar i\u00e7in tasarlanm\u0131\u015ft\u0131r. Orta d\u00fczey kal\u0131c\u0131l\u0131\u011f\u0131 ve yumu\u015fak, yak\u0131n yay\u0131l\u0131m\u0131 ile \u00e7evreyi bask\u0131lamadan ki\u015fisel varl\u0131\u011f\u0131 g\u00fc\u00e7lendirir.<\/p>\n<p data-start=\"3322\" data-end=\"3490\">Solo Note Vert Malachite Perfume, t\u00fcm mevsimlerde ba\u015far\u0131l\u0131 performans g\u00f6sterir; g\u00fcnd\u00fcz\u00fcn berrakl\u0131\u011f\u0131na da ak\u015fam\u0131n sakinli\u011fine de zahmetsizce uyum sa\u011flar.<\/p>\n<h3 data-start=\"3497\" data-end=\"3525\">Kullan\u0131m &amp; Stil<\/h3>\n<p data-start=\"3527\" data-end=\"3790\">Solo Note Vert Malachite Perfume; minimalist giyim tarz\u0131, temiz siluetler ve sade ki\u015fisel stille do\u011fal bir uyum yakalar. Netlik ve zarafetle g\u00f6r\u00fcn\u00fcm\u00fc tamamlar; i\u015f g\u00fcnleri, sade \u015f\u0131kl\u0131k ve rahat sosyal ortamlar i\u00e7in uygundur.<\/p>\n<p data-start=\"3792\" data-end=\"3970\">En iyi performans i\u00e7in boyun ve bilekler gibi nab\u0131z noktalar\u0131na uygulayarak kokunun v\u00fccut \u0131s\u0131s\u0131yla do\u011fal etkile\u015fimine ve nazik karma\u015f\u0131kl\u0131\u011f\u0131n\u0131 ortaya \u00e7\u0131karmas\u0131na izin verin.<\/p>\n<h3 data-start=\"3977\" data-end=\"4020\">Sakin Sofistikasyonun \u0130mzas\u0131<\/h3>\n<p data-start=\"4022\" data-end=\"4300\">Solo Note Vert Malachite Perfume, bir kokudan daha fazlas\u0131d\u0131r; safl\u0131\u011f\u0131n, dengenin ve rafine bireyselli\u011fin ifadesidir. Turun\u00e7gil ferahl\u0131\u011f\u0131n\u0131, yumu\u015fak \u00e7i\u00e7ekleri ve nazik s\u0131cakl\u0131\u011f\u0131 uyumlu ve dingin bir imzada birle\u015ftirir.<\/p>\n<p data-start=\"4302\" data-end=\"4520\">Geride b\u0131rakt\u0131\u011f\u0131 iz temiz, yumu\u015fak ve rahatlat\u0131c\u0131d\u0131r; zarafet, sakin bir \u00f6zg\u00fcven ve zamans\u0131z sadelik hissi b\u0131rak\u0131r.<\/p>\n<p><a href=\"https:\/\/en.wikipedia.org\/wiki\/Floral_perfume\" target=\"_blank\" rel=\"noopener\">\u00c7i\u00e7eksi parf\u00fcmlerin<\/a> uyumundan ve <a href=\"https:\/\/en.wikipedia.org\/wiki\/Perfumery\" target=\"_blank\" rel=\"noopener\">y\u00fcksek parf\u00fcmeri ustal\u0131\u011f\u0131ndan<\/a> ilham al\u0131nm\u0131\u015ft\u0131r.<br \/>\n<a href=\"https:\/\/perfumefile.com\/\" rel=\"follow\">Eau de Perfume koleksiyonumuzdaki<\/a> di\u011fer rafine kreasyonlar\u0131 ke\u015ffedin.<\/p>\n","protected":false},"excerpt":{"rendered":"<p>Solo Note Vert Malachite Perfume, taze turun\u00e7giller, yumu\u015fak \u00e7i\u00e7eksi notalar ve s\u0131cak vanilya-benzoin dokunu\u015flar\u0131n\u0131 bir araya getiren; saf, sade ve rafine bir zarafet sunan unisex bir parf\u00fcmd\u00fcr.<\/p>\n","protected":false},"featured_media":48569,"comment_status":"open","ping_status":"closed","template":"","meta":[],"product_brand":[1349],"product_cat":[1307,1312,1314],"product_tag":[],"class_list":{"0":"post-49635","1":"product","2":"type-product","3":"status-publish","4":"has-post-thumbnail","6":"product_brand-giorgio-armani","7":"product_cat-parfumler","8":"product_cat-prive","9":"product_cat-unisex-parfumler","11":"first","12":"instock","13":"taxable","14":"shipping-taxable","15":"purchasable","16":"product-type-simple"},"_links":{"self":[{"href":"https:\/\/perfumefile.com\/tr\/wp-json\/wp\/v2\/product\/49635","targetHints":{"allow":["GET"]}}],"collection":[{"href":"https:\/\/perfumefile.com\/tr\/wp-json\/wp\/v2\/product"}],"about":[{"href":"https:\/\/perfumefile.com\/tr\/wp-json\/wp\/v2\/types\/product"}],"replies":[{"embeddable":true,"href":"https:\/\/perfumefile.com\/tr\/wp-json\/wp\/v2\/comments?post=49635"}],"version-history":[{"count":2,"href":"https:\/\/perfumefile.com\/tr\/wp-json\/wp\/v2\/product\/49635\/revisions"}],"predecessor-version":[{"id":49639,"href":"https:\/\/perfumefile.com\/tr\/wp-json\/wp\/v2\/product\/49635\/revisions\/49639"}],"wp:featuredmedia":[{"embeddable":true,"href":"https:\/\/perfumefile.com\/tr\/wp-json\/wp\/v2\/media\/48569"}],"wp:attachment":[{"href":"https:\/\/perfumefile.com\/tr\/wp-json\/wp\/v2\/media?parent=49635"}],"wp:term":[{"taxonomy":"product_brand","embeddable":true,"href":"https:\/\/perfumefile.com\/tr\/wp-json\/wp\/v2\/product_brand?post=49635"},{"taxonomy":"product_cat","embeddable":true,"href":"https:\/\/perfumefile.com\/tr\/wp-json\/wp\/v2\/product_cat?post=49635"},{"taxonomy":"product_tag","embeddable":true,"href":"https:\/\/perfumefile.com\/tr\/wp-json\/wp\/v2\/product_tag?post=49635"}],"curies":[{"name":"wp","href":"https:\/\/api.w.org\/{rel}","templated":true}]}}