{"id":49640,"date":"2024-07-30T08:34:39","date_gmt":"2024-07-30T08:34:39","guid":{"rendered":"https:\/\/tr.perfumefile.com\/?post_type=product&#038;p=49640"},"modified":"2026-02-05T13:03:55","modified_gmt":"2026-02-05T13:03:55","slug":"opulent-shaik-gold-edition-furious-eau-de-parfum-55-ml","status":"publish","type":"product","link":"https:\/\/perfumefile.com\/tr\/urun\/opulent-shaik-gold-edition-furious-eau-de-parfum-55-ml\/","title":{"rendered":"Opulent Shaik Gold Edition Furious Eau de Parf\u00fcm 55 ML"},"content":{"rendered":"<p data-start=\"0\" data-end=\"420\"><strong data-start=\"0\" data-end=\"42\">Opulent Shaik Gold Edition Furious Perfume<\/strong>, g\u00fcc\u00fc, \u00f6zg\u00fcveni ve rafine sofistikasyonu temsil eden bireyler i\u00e7in yarat\u0131lm\u0131\u015f l\u00fcks ve otoriter bir parf\u00fcmd\u00fcr. Perfume File\u2019\u0131n se\u00e7kin Prive Collection serisinin bir par\u00e7as\u0131 olan bu Eau de Perfume, \u0131\u015f\u0131lt\u0131l\u0131 baharatlar, asil \u00e7i\u00e7ekler ve derin duyusal s\u0131cakl\u0131k aras\u0131ndaki g\u00fc\u00e7l\u00fc dengeyle modern zarafeti ifade eder. Bireyselli\u011fi ve g\u00f6rkemli duru\u015fu benimseyenler i\u00e7in cesur bir imza sunar.<\/p>\n<p data-start=\"422\" data-end=\"910\">Koku, dikkatleri an\u0131nda \u00fczerine \u00e7eken canl\u0131 ve etkileyici bir \u0131\u015f\u0131lt\u0131yla a\u00e7\u0131l\u0131r. Pembe biber, keskinlikten uzak; enerjik ve parlak bir baharatl\u0131 canl\u0131l\u0131k sunar. Bu a\u00e7\u0131l\u0131\u015f cesur ama rafinedir; ilk andan itibaren g\u00fcc\u00fc, karizmay\u0131 ve modern l\u00fcks\u00fc yans\u0131tan kendinden emin bir ton belirler.<\/p>\n<p data-start=\"912\" data-end=\"1420\">Koku geli\u015ftik\u00e7e kalp notalar\u0131nda rafine ve zarif bir \u00e7i\u00e7eksi kompozisyon ortaya \u00e7\u0131kar. G\u00fcl, kadifemsi zenginli\u011fiyle zamans\u0131z bir sofistikasyon ve duygusal derinlik katar. S\u00fcsen k\u00f6k\u00fc, l\u00fcks\u00fc ve dengeyi g\u00fc\u00e7lendiren pudrams\u0131 bir yumu\u015fakl\u0131k sunar. Orkide ise egzotik bir \u00e7i\u00e7eksi dokunu\u015fla duyusall\u0131k ve modern bir karakter ekler. Bu notalar birlikte asil, dengeli ve etkileyici bir kalp olu\u015fturur.<\/p>\n<p data-start=\"1422\" data-end=\"1960\">Opulent Shaik Gold Edition Furious Perfume\u2019\u00fcn dip notalar\u0131, kompozisyonu s\u0131cakl\u0131k, yo\u011funluk ve kal\u0131c\u0131 bir varl\u0131kla tamamlar. Misk, p\u00fcr\u00fczs\u00fcz ve duyusal bir derinlik katarak yay\u0131l\u0131m\u0131 ve kal\u0131c\u0131l\u0131\u011f\u0131 art\u0131r\u0131r. Sandal a\u011fac\u0131, kremams\u0131 odunsu zenginli\u011fiyle kokuyu zarafetle dengeler. Deniz ambergrisi, rafine mineral bir s\u0131cakl\u0131k sunarken; tonka fasulyesi kar\u0131\u015f\u0131ma nazik bir tatl\u0131l\u0131k kazand\u0131r\u0131r. Deri notas\u0131 ise dip yap\u0131y\u0131 cesur bir yo\u011funlukla tamamlayarak \u00f6zg\u00fcveni, g\u00fcc\u00fc ve ay\u0131rt edici karakteri peki\u015ftirir.<\/p>\n<h3 data-start=\"1967\" data-end=\"2050\">Opulent Shaik Gold Edition Furious Perfume \u2013 L\u00fcks, G\u00fc\u00e7 &amp; Asil Duru\u015f<\/h3>\n<p data-start=\"2052\" data-end=\"2360\">\u00d6zg\u00fcven ve modern asalet anlay\u0131\u015f\u0131ndan ilham alan bu koku, tende p\u00fcr\u00fczs\u00fczce a\u00e7\u0131larak \u0131\u015f\u0131lt\u0131l\u0131 baharatlardan zarif \u00e7i\u00e7eklere, ard\u0131ndan derin ve duyusal bir dip yap\u0131ya evrilir. Opulent Shaik Gold Edition Furious Perfume, kontrol ve netlikle geli\u015fir; g\u00fcc\u00fcn zarafetle dengelendi\u011fi bir karakter yans\u0131t\u0131r.<\/p>\n<p data-start=\"2362\" data-end=\"2500\">Genel kompozisyon zengin, manyetik ve prestijlidir; g\u00fcnl\u00fck bir koku olmaktan ziyade iddial\u0131 bir imza niteli\u011fi ta\u015f\u0131r.<\/p>\n<h3 data-start=\"2507\" data-end=\"2558\">Kimlik &amp; Kendinden Emin \u0130fade<\/h3>\n<p data-start=\"2560\" data-end=\"2830\">Opulent Shaik Gold Edition Furious Perfume, g\u00fcc\u00fc zarafet ve so\u011fukkanl\u0131l\u0131kla ifade eden bireyler i\u00e7in tasarlanm\u0131\u015ft\u0131r. Baz\u0131 ciltlerde pembe biber ve deri cesur bir yo\u011funlukla \u00f6ne \u00e7\u0131karken, baz\u0131lar\u0131nda g\u00fcl, s\u00fcsen k\u00f6k\u00fc ve sandal a\u011fac\u0131 rafine bir s\u0131cakl\u0131k ve derinlik sunar.<\/p>\n<p data-start=\"2832\" data-end=\"3010\">\u00d6zellikle ak\u015fam kullan\u0131m\u0131, resmi davetler, l\u00fcks etkinlikler ve g\u00fc\u00e7l\u00fc bir varl\u0131\u011f\u0131n \u00f6ne \u00e7\u0131kmas\u0131n\u0131n istendi\u011fi anlar i\u00e7in uygundur.<\/p>\n<h3 data-start=\"3017\" data-end=\"3075\">Neden Opulent Shaik Gold Edition Furious Perfume<\/h3>\n<p data-start=\"3077\" data-end=\"3320\">Bu koku; l\u00fcks\u00fc, \u00f6zg\u00fcveni ve bireyselli\u011fi yans\u0131tan baharatl\u0131, \u00e7i\u00e7eksi ve derimsi bir imza arayanlar i\u00e7in tasarlanm\u0131\u015ft\u0131r. G\u00fc\u00e7l\u00fc kal\u0131c\u0131l\u0131\u011f\u0131 ve rafine yay\u0131l\u0131m\u0131 sayesinde \u00e7evreyi bo\u011fmadan kal\u0131c\u0131 bir etki b\u0131rak\u0131r.<\/p>\n<p data-start=\"3322\" data-end=\"3490\">Opulent Shaik Gold Edition Furious Perfume, \u00f6zellikle serin mevsimlerde ve gece ortamlar\u0131nda \u00fcst\u00fcn performans g\u00f6sterir; s\u0131cakl\u0131\u011f\u0131 ve zenginli\u011fi bu ko\u015fullarda tam anlam\u0131yla ortaya \u00e7\u0131kar.<\/p>\n<h3 data-start=\"3497\" data-end=\"3525\">Kullan\u0131m &amp; Stil<\/h3>\n<p data-start=\"3527\" data-end=\"3790\">Opulent Shaik Gold Edition Furious Perfume; \u015f\u0131k k\u0131yafetler, \u00f6zel dikim tak\u0131mlar ve g\u00fc\u00e7l\u00fc ki\u015fisel stille do\u011fal bir uyum yakalar. \u00d6zg\u00fcven ve sofistikasyonla duru\u015fu g\u00fc\u00e7lendirir; \u00f6zel ak\u015famlar ve y\u00fcksek profilli davetler i\u00e7in idealdir.<\/p>\n<p data-start=\"3792\" data-end=\"3970\">En iyi performans i\u00e7in boyun, kulak arkas\u0131 ve bilekler gibi nab\u0131z noktalar\u0131na uygulayarak kokunun do\u011fal \u015fekilde geli\u015fmesine ve derinli\u011fini tam olarak yans\u0131tmas\u0131na izin verin.<\/p>\n<h3 data-start=\"3977\" data-end=\"4020\">Zamans\u0131z Cazibenin \u0130mzas\u0131<\/h3>\n<p data-start=\"4022\" data-end=\"4300\">Opulent Shaik Gold Edition Furious Perfume, bir kokudan daha fazlas\u0131d\u0131r; l\u00fcks\u00fcn, tutkunun ve modern sofistikasyonun ifadesidir. Canl\u0131 baharatlar\u0131, asil \u00e7i\u00e7ekleri, kremams\u0131 odunlar\u0131 ve cesur deriyi uyumlu ve unutulmaz bir imzada birle\u015ftirir.<\/p>\n<p data-start=\"4302\" data-end=\"4520\">Geride b\u0131rakt\u0131\u011f\u0131 iz s\u0131cak, manyetik ve otoriterdir; zarafet, g\u00fc\u00e7 ve zamans\u0131z bir cazibe hissi b\u0131rak\u0131r.<\/p>\n<p><a href=\"https:\/\/en.wikipedia.org\/wiki\/Oriental_perfume\" target=\"_blank\" rel=\"noopener\">Oryantal parf\u00fcmlerin<\/a> derinli\u011finden ve <a href=\"https:\/\/en.wikipedia.org\/wiki\/Perfumery\" target=\"_blank\" rel=\"noopener\">y\u00fcksek parf\u00fcmeri sanat\u0131ndan<\/a> ilham al\u0131nm\u0131\u015ft\u0131r.<br \/>\n<a href=\"https:\/\/perfumefile.com\/\" rel=\"follow\">Eau de Perfume koleksiyonumuzdaki<\/a> di\u011fer rafine kreasyonlar\u0131 ke\u015ffedin.<\/p>\n","protected":false},"excerpt":{"rendered":"<p data-start=\"5629\" data-end=\"5815\">Opulent Shaik Gold Edition Furious Perfume, canl\u0131 baharatlar\u0131, zarif \u00e7i\u00e7ekleri ve derin derimsi dip notalar\u0131 bir araya getirerek cesur bir \u00f6zg\u00fcven ve zamans\u0131z bir sofistikasyon sunan l\u00fcks bir parf\u00fcmd\u00fcr.<\/p>\n","protected":false},"featured_media":49015,"comment_status":"open","ping_status":"closed","template":"","meta":[],"product_brand":[1406],"product_cat":[1307,1312,1314],"product_tag":[],"class_list":{"0":"post-49640","1":"product","2":"type-product","3":"status-publish","4":"has-post-thumbnail","6":"product_brand-shaik","7":"product_cat-parfumler","8":"product_cat-prive","9":"product_cat-unisex-parfumler","11":"first","12":"outofstock","13":"taxable","14":"shipping-taxable","15":"purchasable","16":"product-type-simple"},"_links":{"self":[{"href":"https:\/\/perfumefile.com\/tr\/wp-json\/wp\/v2\/product\/49640","targetHints":{"allow":["GET"]}}],"collection":[{"href":"https:\/\/perfumefile.com\/tr\/wp-json\/wp\/v2\/product"}],"about":[{"href":"https:\/\/perfumefile.com\/tr\/wp-json\/wp\/v2\/types\/product"}],"replies":[{"embeddable":true,"href":"https:\/\/perfumefile.com\/tr\/wp-json\/wp\/v2\/comments?post=49640"}],"version-history":[{"count":2,"href":"https:\/\/perfumefile.com\/tr\/wp-json\/wp\/v2\/product\/49640\/revisions"}],"predecessor-version":[{"id":49646,"href":"https:\/\/perfumefile.com\/tr\/wp-json\/wp\/v2\/product\/49640\/revisions\/49646"}],"wp:featuredmedia":[{"embeddable":true,"href":"https:\/\/perfumefile.com\/tr\/wp-json\/wp\/v2\/media\/49015"}],"wp:attachment":[{"href":"https:\/\/perfumefile.com\/tr\/wp-json\/wp\/v2\/media?parent=49640"}],"wp:term":[{"taxonomy":"product_brand","embeddable":true,"href":"https:\/\/perfumefile.com\/tr\/wp-json\/wp\/v2\/product_brand?post=49640"},{"taxonomy":"product_cat","embeddable":true,"href":"https:\/\/perfumefile.com\/tr\/wp-json\/wp\/v2\/product_cat?post=49640"},{"taxonomy":"product_tag","embeddable":true,"href":"https:\/\/perfumefile.com\/tr\/wp-json\/wp\/v2\/product_tag?post=49640"}],"curies":[{"name":"wp","href":"https:\/\/api.w.org\/{rel}","templated":true}]}}