{"id":49683,"date":"2024-07-30T08:34:39","date_gmt":"2024-07-30T08:34:39","guid":{"rendered":"https:\/\/tr.perfumefile.com\/?post_type=product&#038;p=49683"},"modified":"2026-02-05T13:03:56","modified_gmt":"2026-02-05T13:03:56","slug":"the-blazing-mr-sam-incency-eau-de-parfum-55-ml","status":"publish","type":"product","link":"https:\/\/perfumefile.com\/tr\/urun\/the-blazing-mr-sam-incency-eau-de-parfum-55-ml\/","title":{"rendered":"The Blazing Mr Sam Incency Eau de Parf\u00fcm 55 ML"},"content":{"rendered":"<p data-start=\"1449\" data-end=\"1895\"><strong data-start=\"1449\" data-end=\"1487\">The Blazing Mr Sam Incency Perfume<\/strong>, g\u00fcc\u00fc, kontrol\u00fc ve rafine \u00f6zg\u00fcveni temsil eden erkekler i\u00e7in yarat\u0131lm\u0131\u015f cesur ve etkileyici bir parf\u00fcmd\u00fcr. Perfume File\u2019\u0131n prestijli Prive Collection serisinin bir par\u00e7as\u0131 olan bu Eau de Perfume, yo\u011funlu\u011fu sofistikasyonla dengeleyerek mask\u00fclenli\u011fi yans\u0131tmak \u00fczere tasarlanm\u0131\u015ft\u0131r. A\u015f\u0131r\u0131l\u0131kla de\u011fil, duru\u015fuyla dikkat \u00e7eken modern erke\u011fi temsil eder; bulundu\u011fu her ortamda g\u00fc\u00e7l\u00fc ve ak\u0131lda kal\u0131c\u0131 bir iz b\u0131rak\u0131r.<\/p>\n<p data-start=\"1897\" data-end=\"2384\">Koku, g\u00fc\u00e7l\u00fc ve kendinden emin bir ton belirleyen etkileyici bir baharat dalgas\u0131yla a\u00e7\u0131l\u0131r. Kakule, temiz ve hafif kremams\u0131 dokusuyla s\u0131cak, aromatik bir keskinlik sunarak dengeli ve zarif bir a\u00e7\u0131l\u0131\u015f yarat\u0131r. Ard\u0131ndan gelen tar\u00e7\u0131n, p\u00fcr\u00fczs\u00fcz ve ate\u015fli bir s\u0131cakl\u0131kla enerji ve derinlik katar; sertle\u015fmeden veya bask\u0131nla\u015fmadan yo\u011funlu\u011fu art\u0131r\u0131r. Bu giri\u015f, i\u00e7sel g\u00fcc\u00fc ve otoriteyi yans\u0131tan, kontroll\u00fc ama etkili bir ilk izlenim sunar.<\/p>\n<p data-start=\"2386\" data-end=\"2863\">Koku geli\u015ftik\u00e7e kalp notalar\u0131nda daha karanl\u0131k ve etkileyici bir karakter ortaya \u00e7\u0131kar. Safran, rafine ve derimsi bir s\u0131cakl\u0131kla kompozisyona zenginlik ve l\u00fcks hissi katar. Kimyon, kuru ve topraks\u0131 bir baharat dokunu\u015fuyla mask\u00fclenli\u011fi ve gizemi g\u00fc\u00e7lendirirken; karabiber, hafif isli bir s\u0131cakl\u0131kla kalbi keskinle\u015ftirir. Bu birle\u015fim, yo\u011fun kimli\u011fi peki\u015ftiren cesur, kendinden emin ve g\u00fc\u00e7l\u00fc bir merkez olu\u015fturur.<\/p>\n<p data-start=\"2865\" data-end=\"3419\">The Blazing Mr Sam Incency Perfume\u2019\u00fcn dip notalar\u0131, kompozisyonu s\u0131cakl\u0131k, derinlik ve uzun s\u00fcreli bir rafinelikle tamamlar. T\u00fct\u00fcn, koyu zenginli\u011fi ve olgun zarafetiyle kokuyu otorite ve g\u00fc\u00e7l\u00fc bir duru\u015fla sabitler. Vanilya, baharatlar\u0131n yo\u011funlu\u011funu azaltmadan kremams\u0131 bir yumu\u015fakl\u0131k katar. Sedir a\u011fac\u0131 odunsu bir yap\u0131 ve netlik sunarken, pa\u00e7uli dip yap\u0131y\u0131 topraks\u0131 zenginlik ve kal\u0131c\u0131l\u0131kla derinle\u015ftirir. Bu notalar birlikte, \u00f6zg\u00fcven ve sofistikasyonla kal\u0131c\u0131, s\u0131cak ve otoriter bir iz b\u0131rak\u0131r.<\/p>\n<h3 data-start=\"3426\" data-end=\"3507\"><\/h3>\n<h3 data-start=\"3426\" data-end=\"3507\">The Blazing Mr Sam Incency Perfume \u2013 Yo\u011funluk, Kontrol &amp; Mask\u00fclen Otorite<\/h3>\n<p data-start=\"3509\" data-end=\"3828\">Bu koku, \u00f6zg\u00fcven ve so\u011fukkanl\u0131l\u0131kla liderlik eden erkeklerden ilham al\u0131r. The Blazing Mr Sam Incency Perfume, tende p\u00fcr\u00fczs\u00fcz bir \u015fekilde geli\u015ferek ate\u015fli baharatlardan derin ve s\u0131cak bir dip yap\u0131ya dengeli bir ge\u00e7i\u015f sunar. Geli\u015fimi do\u011frusal ve kontroll\u00fcd\u00fcr; disiplinli, odakl\u0131 ve kendinden emin bir mask\u00fclenli\u011fi yans\u0131t\u0131r.<\/p>\n<p data-start=\"3830\" data-end=\"3938\">Genel kompozisyon g\u00fc\u00e7l\u00fc ama rafinedir; g\u00fcndelik bir tercih olmaktan ziyade iddial\u0131 bir imza niteli\u011fi ta\u015f\u0131r.<\/p>\n<h3 data-start=\"3945\" data-end=\"3987\"><\/h3>\n<h3 data-start=\"3945\" data-end=\"3987\">Mask\u00fclen Kimlik &amp; G\u00fc\u00e7l\u00fc Duru\u015f<\/h3>\n<p data-start=\"3989\" data-end=\"4254\">The Blazing Mr Sam Incency Perfume, g\u00fcc\u00fc sakin bir otoriteyle ifade eden erkekler i\u00e7in \u00f6zel olarak tasarlanm\u0131\u015ft\u0131r. Baz\u0131 ciltlerde kakule ve tar\u00e7\u0131n aromatik s\u0131cakl\u0131kla \u00f6ne \u00e7\u0131karken, baz\u0131lar\u0131nda t\u00fct\u00fcn, vanilya ve pa\u00e7uli daha derin ve duyusal bir yo\u011funluk sunar.<\/p>\n<p data-start=\"4256\" data-end=\"4431\">\u00d6zellikle ak\u015fam kullan\u0131m\u0131, resmi davetler ve i\u015f yemekleri, etkinlikler ile se\u00e7kin gece ortamlar\u0131 gibi etki ve g\u00fcvenilirli\u011fin \u00f6nemli oldu\u011fu anlar i\u00e7in uygundur.<\/p>\n<h3 data-start=\"4438\" data-end=\"4487\"><\/h3>\n<h3 data-start=\"4438\" data-end=\"4487\">Neden The Blazing Mr Sam Incency Perfume<\/h3>\n<p data-start=\"4489\" data-end=\"4722\">Bu koku, g\u00fcc\u00fc, \u00f6zg\u00fcveni ve rafineli\u011fi yans\u0131tan baharatl\u0131-odunsu bir imza arayan erkekler i\u00e7in tasarlanm\u0131\u015ft\u0131r. G\u00fcvenilir kal\u0131c\u0131l\u0131\u011f\u0131 ve kendinden emin yay\u0131l\u0131m\u0131 sayesinde \u00e7evreyi bask\u0131lamadan varl\u0131\u011f\u0131 g\u00fc\u00e7lendirir.<\/p>\n<p data-start=\"4724\" data-end=\"4899\">The Blazing Mr Sam Incency Perfume, \u00f6zellikle serin mevsimlerde ve gece kullan\u0131m\u0131nda en iyi performans\u0131 g\u00f6sterir; s\u0131cakl\u0131\u011f\u0131 ve derinli\u011fi deneyim boyunca istikrarl\u0131 \u015fekilde a\u00e7\u0131\u011fa \u00e7\u0131kar.<\/p>\n<h3 data-start=\"4906\" data-end=\"4929\"><\/h3>\n<h3 data-start=\"4906\" data-end=\"4929\">Kullan\u0131m &amp; Stil<\/h3>\n<p data-start=\"4931\" data-end=\"5184\">The Blazing Mr Sam Incency Perfume; \u00f6zel dikim tak\u0131mlar, koyu tonlar ve yap\u0131land\u0131r\u0131lm\u0131\u015f ki\u015fisel stille do\u011fal bir uyum yakalar. Otorite ve zarafetle g\u00f6r\u00fcn\u00fcm\u00fc tamamlar; resmi davetler, \u00f6zel anlar ve etkisi y\u00fcksek ak\u015famlar i\u00e7in idealdir.<\/p>\n<p data-start=\"5186\" data-end=\"5360\">En iyi performans i\u00e7in boyun, kulak arkas\u0131 ve bilekler gibi nab\u0131z noktalar\u0131na uygulayarak kokunun v\u00fccut \u0131s\u0131s\u0131yla do\u011fal \u015fekilde etkile\u015fmesine ve tam olarak geli\u015fmesine izin verin.<\/p>\n<h3 data-start=\"5367\" data-end=\"5405\"><\/h3>\n<h3 data-start=\"5367\" data-end=\"5405\">Cesur Sofistikasyonun \u0130mzas\u0131<\/h3>\n<p data-start=\"5407\" data-end=\"5662\">The Blazing Mr Sam Incency Perfume, bir kokudan daha fazlas\u0131d\u0131r; yo\u011funlu\u011fun, olgunlu\u011fun ve rafine mask\u00fclenli\u011fin ifadesidir. Aromatik baharatlar\u0131, derimsi s\u0131cakl\u0131\u011f\u0131, kremams\u0131 yumu\u015fakl\u0131\u011f\u0131 ve odunsu derinli\u011fi uyumlu ve unutulmaz bir imzada birle\u015ftirir.<\/p>\n<p data-start=\"5664\" data-end=\"5796\">Geride b\u0131rakt\u0131\u011f\u0131 iz s\u0131cak, baharatl\u0131 ve kontroll\u00fcd\u00fcr; \u00f6zg\u00fcven, otorite ve modern zarafet hissi b\u0131rak\u0131r.<\/p>\n<p><a href=\"https:\/\/en.wikipedia.org\/wiki\/Oriental_perfume\" target=\"_blank\" rel=\"noopener\">Oryantal parf\u00fcmlerin<\/a> karakterinden ve <a href=\"https:\/\/en.wikipedia.org\/wiki\/Perfumery\" target=\"_blank\" rel=\"noopener\">y\u00fcksek parf\u00fcmeri ustal\u0131\u011f\u0131ndan<\/a> ilham al\u0131nm\u0131\u015ft\u0131r.<br \/>\n<a href=\"https:\/\/perfumefile.com\/\">Eau de Perfume koleksiyonumuzdaki<\/a> di\u011fer rafine kreasyonlar\u0131 ke\u015ffedin.<\/p>\n","protected":false},"excerpt":{"rendered":"<p data-start=\"1159\" data-end=\"1330\">The Blazing Mr Sam Incency Perfume, ate\u015fli baharatlar\u0131, derin t\u00fct\u00fcn s\u0131cakl\u0131\u011f\u0131n\u0131 ve rafine odunsu derinli\u011fi bir araya getiren; kendinden emin bir sofistikasyon sunan g\u00fc\u00e7l\u00fc, mask\u00fclen bir parf\u00fcmd\u00fcr.<\/p>\n","protected":false},"featured_media":48544,"comment_status":"open","ping_status":"closed","template":"","meta":[],"product_brand":[1404],"product_cat":[1313,1307,1312],"product_tag":[],"class_list":{"0":"post-49683","1":"product","2":"type-product","3":"status-publish","4":"has-post-thumbnail","6":"product_brand-penhaligons","7":"product_cat-erkek-parfumleri","8":"product_cat-parfumler","9":"product_cat-prive","11":"first","12":"instock","13":"taxable","14":"shipping-taxable","15":"purchasable","16":"product-type-simple"},"_links":{"self":[{"href":"https:\/\/perfumefile.com\/tr\/wp-json\/wp\/v2\/product\/49683","targetHints":{"allow":["GET"]}}],"collection":[{"href":"https:\/\/perfumefile.com\/tr\/wp-json\/wp\/v2\/product"}],"about":[{"href":"https:\/\/perfumefile.com\/tr\/wp-json\/wp\/v2\/types\/product"}],"replies":[{"embeddable":true,"href":"https:\/\/perfumefile.com\/tr\/wp-json\/wp\/v2\/comments?post=49683"}],"version-history":[{"count":2,"href":"https:\/\/perfumefile.com\/tr\/wp-json\/wp\/v2\/product\/49683\/revisions"}],"predecessor-version":[{"id":49686,"href":"https:\/\/perfumefile.com\/tr\/wp-json\/wp\/v2\/product\/49683\/revisions\/49686"}],"wp:featuredmedia":[{"embeddable":true,"href":"https:\/\/perfumefile.com\/tr\/wp-json\/wp\/v2\/media\/48544"}],"wp:attachment":[{"href":"https:\/\/perfumefile.com\/tr\/wp-json\/wp\/v2\/media?parent=49683"}],"wp:term":[{"taxonomy":"product_brand","embeddable":true,"href":"https:\/\/perfumefile.com\/tr\/wp-json\/wp\/v2\/product_brand?post=49683"},{"taxonomy":"product_cat","embeddable":true,"href":"https:\/\/perfumefile.com\/tr\/wp-json\/wp\/v2\/product_cat?post=49683"},{"taxonomy":"product_tag","embeddable":true,"href":"https:\/\/perfumefile.com\/tr\/wp-json\/wp\/v2\/product_tag?post=49683"}],"curies":[{"name":"wp","href":"https:\/\/api.w.org\/{rel}","templated":true}]}}