{"id":49687,"date":"2024-07-30T08:34:39","date_gmt":"2024-07-30T08:34:39","guid":{"rendered":"https:\/\/tr.perfumefile.com\/?post_type=product&#038;p=49687"},"modified":"2026-02-05T13:03:58","modified_gmt":"2026-02-05T13:03:58","slug":"la-nuit-de-lelas-eau-de-parfum-55-ml","status":"publish","type":"product","link":"https:\/\/perfumefile.com\/tr\/urun\/la-nuit-de-lelas-eau-de-parfum-55-ml\/","title":{"rendered":"La Nuit De LELAS Eau de Parf\u00fcm 55 ML"},"content":{"rendered":"<p data-start=\"0\" data-end=\"420\"><strong data-start=\"0\" data-end=\"28\">La Nuit De LELAS Perfume<\/strong>, zarafeti, \u00f6zg\u00fcveni ve rafine feminenli\u011fi temsil eden kad\u0131nlar i\u00e7in yarat\u0131lm\u0131\u015f \u015f\u0131k ve etkileyici bir parf\u00fcmd\u00fcr. Perfume File\u2019\u0131n se\u00e7kin Prive Collection serisinin bir par\u00e7as\u0131 olan bu Eau de Perfume, gecenin gizemli cazibesini; meyvemsi parlakl\u0131k, romantik \u00e7i\u00e7ekler ve s\u0131cak odunsu derinli\u011fin uyumlu birle\u015fimiyle yans\u0131t\u0131r. \u00c7abadan \u00e7ok duru\u015fuyla b\u00fcy\u00fcleyen, sofistikasyon ve \u00e7ekicilikle kal\u0131c\u0131 bir iz b\u0131rakan kad\u0131n\u0131 temsil eder.<\/p>\n<p data-start=\"422\" data-end=\"910\">Koku, duyular\u0131 an\u0131nda uyand\u0131ran ayd\u0131nl\u0131k ve etkileyici bir a\u00e7\u0131l\u0131\u015fla ba\u015flar. Li\u00e7i, oyunbaz ama rafine bir his veren sulu ve hafif tatl\u0131 bir ferahl\u0131k sunarken; ravent, modern zarafeti g\u00fc\u00e7lendiren ek\u015fi ve ye\u015fil-meyvemsi bir n\u00fcans katar. Bergamot, net ve ferah turun\u00e7gil berrakl\u0131\u011f\u0131yla a\u00e7\u0131l\u0131\u015f\u0131 dengeler. Muskat, narin meyve notalar\u0131n\u0131 bast\u0131rmadan kompozisyona merak uyand\u0131ran yumu\u015fak bir baharat s\u0131cakl\u0131\u011f\u0131 ekler. Bu a\u00e7\u0131l\u0131\u015f canl\u0131, feminen ve sessizce ba\u015ftan \u00e7\u0131kar\u0131c\u0131d\u0131r.<\/p>\n<p data-start=\"912\" data-end=\"1420\">Koku geli\u015ftik\u00e7e kalp notalar\u0131nda zengin ve romantik bir \u00e7i\u00e7eksi kompozisyon ortaya \u00e7\u0131kar. T\u00fcrk g\u00fcl\u00fc, kadifemsi \u00e7i\u00e7ek derinli\u011fiyle zamans\u0131z feminenli\u011fi ve duygusal s\u0131cakl\u0131\u011f\u0131 yans\u0131t\u0131r. \u015eakay\u0131k, zarafet ve hafifli\u011fi g\u00fc\u00e7lendiren yumu\u015fak bir \u00e7i\u00e7eksi ayd\u0131nl\u0131k katar. Misk, temiz bir duyusall\u0131kla kalpte dola\u015f\u0131rken; petalia, modern ve havadar bir \u00e7i\u00e7ek \u015feffafl\u0131\u011f\u0131 sunar. Vanilya ise romantik karakteri a\u011f\u0131rla\u015ft\u0131rmadan destekleyen nazik bir s\u0131cakl\u0131k ve hafif tatl\u0131l\u0131k ekler.<\/p>\n<p data-start=\"1422\" data-end=\"1960\">La Nuit De LELAS Perfume\u2019\u00fcn dip notalar\u0131, kokuyu derinlik, s\u0131cakl\u0131k ve uzun s\u00fcreli zarafetle tamamlar. Cashmeran, p\u00fcr\u00fczs\u00fcz ve konforlu his veren yumu\u015fak miskimsi-odunsu bir doku sunar. Sedir a\u011fac\u0131, yap\u0131sal bir netlik ve sofistike denge kazand\u0131r\u0131r. T\u00fcts\u00fc, gizemi ve gece cazibesini art\u0131ran hafif dumanl\u0131 bir n\u00fcans eklerken; Haiti vetiveri, topraks\u0131 bir incelik ve dengeleyici derinlik sa\u011flar. Bu notalar birlikte, \u00f6zg\u00fcven ve zarafetle kal\u0131c\u0131, s\u0131cak ve etkileyici bir iz b\u0131rak\u0131r.<\/p>\n<h3 data-start=\"1967\" data-end=\"2045\">La Nuit De LELAS Perfume \u2013 Gece Zarafeti &amp; Feminen Gizem<\/h3>\n<p data-start=\"2047\" data-end=\"2360\">Ak\u015fam zarafetinin sessiz g\u00fcc\u00fcnden ilham alan bu koku, feminenli\u011fi denge ve duyguyla ifade eder. La Nuit De LELAS Perfume, tende ak\u0131c\u0131 bir \u015fekilde geli\u015ferek canl\u0131 meyvelerden romantik \u00e7i\u00e7eklere ve ard\u0131ndan s\u0131cak, odunsu bir kucaklay\u0131\u015fa evrilir. Geli\u015fimi ak\u0131c\u0131 ve uyumludur; a\u015f\u0131r\u0131l\u0131\u011fa ka\u00e7madan b\u00fcy\u00fcleyici bir etki yarat\u0131r.<\/p>\n<p data-start=\"2362\" data-end=\"2500\">Genel kompozisyon rafine, duyusal ve duygusal olarak etkileyicidir; samimi anlar ve zarif geceler i\u00e7in m\u00fckemmel bir uyum sunar.<\/p>\n<h3 data-start=\"2507\" data-end=\"2558\">Feminen Kimlik &amp; Rafine Duru\u015f<\/h3>\n<p data-start=\"2560\" data-end=\"2830\">La Nuit De LELAS Perfume, \u00f6zg\u00fcveni zarafet ve ince bir cazibeyle ifade eden kad\u0131nlar i\u00e7in tasarlanm\u0131\u015ft\u0131r. Baz\u0131 ciltlerde li\u00e7i ve g\u00fcl ayd\u0131nl\u0131k bir ferahl\u0131kla \u00f6ne \u00e7\u0131karken, baz\u0131lar\u0131nda vanilya, odunsu notalar ve t\u00fcts\u00fc daha derin bir s\u0131cakl\u0131k ve duyusall\u0131k sunar.<\/p>\n<p data-start=\"2832\" data-end=\"3010\">\u00d6zellikle ak\u015fam kullan\u0131m\u0131, romantik anlar, resmi davetler ve sofistikasyonun \u00f6nemli oldu\u011fu \u00f6zel ortamlar i\u00e7in idealdir.<\/p>\n<h3 data-start=\"3017\" data-end=\"3075\">Neden La Nuit De LELAS Perfume<\/h3>\n<p data-start=\"3077\" data-end=\"3320\">Bu koku, zarif, romantik ve duygusal a\u00e7\u0131dan zengin bir \u00e7i\u00e7eksi-odunsu imza arayan kad\u0131nlar i\u00e7in tasarlanm\u0131\u015ft\u0131r. Dengeli kal\u0131c\u0131l\u0131\u011f\u0131 ve rafine yay\u0131l\u0131m\u0131 ile duyular\u0131 bo\u011fmadan ak\u0131lda kal\u0131c\u0131 bir etki b\u0131rak\u0131r.<\/p>\n<p data-start=\"3322\" data-end=\"3490\">La Nuit De LELAS Perfume, y\u0131l boyunca ba\u015far\u0131l\u0131 bir performans sergiler; \u00f6zellikle ak\u015fam saatlerinde ve serin mevsimlerde etkisini daha da g\u00fc\u00e7lendirir.<\/p>\n<h3 data-start=\"3497\" data-end=\"3525\">Kullan\u0131m &amp; Stil<\/h3>\n<p data-start=\"3527\" data-end=\"3790\">La Nuit De LELAS Perfume; \u015f\u0131k elbiseler, gece kombinleri ve rafine ki\u015fisel stille do\u011fal bir uyum yakalar. Feminen duru\u015fu zarafet ve \u00f6zg\u00fcvenle g\u00fc\u00e7lendirir; ak\u015fam yemekleri, davetler ve \u00f6zel geceler i\u00e7in uygundur.<\/p>\n<p data-start=\"3792\" data-end=\"3970\">En iyi performans i\u00e7in boyun, kulak arkas\u0131 ve bilekler gibi nab\u0131z noktalar\u0131na uygulayarak kokunun do\u011fal \u015fekilde a\u00e7\u0131lmas\u0131na ve t\u00fcm derinli\u011fini ortaya koymas\u0131na izin verin.<\/p>\n<h3 data-start=\"3977\" data-end=\"4015\">Zarif Cazibenin \u0130mzas\u0131<\/h3>\n<p data-start=\"4017\" data-end=\"4300\">La Nuit De LELAS Perfume, bir kokudan daha fazlas\u0131d\u0131r; romantizmin, feminenli\u011fin ve gece zarafetinin ifadesidir. I\u015f\u0131lt\u0131l\u0131 meyveleri, zengin \u00e7i\u00e7ekleri ve s\u0131cak odunlar\u0131 uyumlu ve unutulmaz bir imzada birle\u015ftirir.<\/p>\n<p data-start=\"4302\" data-end=\"4520\">Geride b\u0131rakt\u0131\u011f\u0131 iz s\u0131cak, \u00e7i\u00e7eksi ve b\u00fcy\u00fcleyicidir; zarafet, gizem ve zamans\u0131z g\u00fczellik hissi b\u0131rak\u0131r.<\/p>\n<p><a href=\"https:\/\/en.wikipedia.org\/wiki\/Floral_perfume\" target=\"_blank\" rel=\"noopener\">\u00c7i\u00e7eksi parf\u00fcmlerin<\/a> sanatsal d\u00fcnyas\u0131ndan ve <a href=\"https:\/\/en.wikipedia.org\/wiki\/Perfumery\" target=\"_blank\" rel=\"noopener\">y\u00fcksek parf\u00fcmeri ustal\u0131\u011f\u0131ndan<\/a> ilham al\u0131nm\u0131\u015ft\u0131r.<br \/>\n<a href=\"https:\/\/perfumefile.com\/\" rel=\"follow\">Eau de Perfume koleksiyonumuzdaki<\/a> di\u011fer rafine kreasyonlar\u0131 ke\u015ffedin.<\/p>\n","protected":false},"excerpt":{"rendered":"<p>La Nuit De LELAS Perfume, ayd\u0131nl\u0131k meyveleri, romantik \u00e7i\u00e7ekleri ve s\u0131cak odunsu notalar\u0131 harmanlayarak rafine bir gece cazibesi sunan zarif bir kad\u0131n parf\u00fcm\u00fcd\u00fcr.<\/p>\n","protected":false},"featured_media":48673,"comment_status":"open","ping_status":"closed","template":"","meta":[],"product_brand":[1403],"product_cat":[1315,1307,1312],"product_tag":[],"class_list":{"0":"post-49687","1":"product","2":"type-product","3":"status-publish","4":"has-post-thumbnail","6":"product_brand-parfums-de-marly","7":"product_cat-kadin-parfumleri","8":"product_cat-parfumler","9":"product_cat-prive","11":"first","12":"outofstock","13":"taxable","14":"shipping-taxable","15":"purchasable","16":"product-type-simple"},"_links":{"self":[{"href":"https:\/\/perfumefile.com\/tr\/wp-json\/wp\/v2\/product\/49687","targetHints":{"allow":["GET"]}}],"collection":[{"href":"https:\/\/perfumefile.com\/tr\/wp-json\/wp\/v2\/product"}],"about":[{"href":"https:\/\/perfumefile.com\/tr\/wp-json\/wp\/v2\/types\/product"}],"replies":[{"embeddable":true,"href":"https:\/\/perfumefile.com\/tr\/wp-json\/wp\/v2\/comments?post=49687"}],"version-history":[{"count":2,"href":"https:\/\/perfumefile.com\/tr\/wp-json\/wp\/v2\/product\/49687\/revisions"}],"predecessor-version":[{"id":49691,"href":"https:\/\/perfumefile.com\/tr\/wp-json\/wp\/v2\/product\/49687\/revisions\/49691"}],"wp:featuredmedia":[{"embeddable":true,"href":"https:\/\/perfumefile.com\/tr\/wp-json\/wp\/v2\/media\/48673"}],"wp:attachment":[{"href":"https:\/\/perfumefile.com\/tr\/wp-json\/wp\/v2\/media?parent=49687"}],"wp:term":[{"taxonomy":"product_brand","embeddable":true,"href":"https:\/\/perfumefile.com\/tr\/wp-json\/wp\/v2\/product_brand?post=49687"},{"taxonomy":"product_cat","embeddable":true,"href":"https:\/\/perfumefile.com\/tr\/wp-json\/wp\/v2\/product_cat?post=49687"},{"taxonomy":"product_tag","embeddable":true,"href":"https:\/\/perfumefile.com\/tr\/wp-json\/wp\/v2\/product_tag?post=49687"}],"curies":[{"name":"wp","href":"https:\/\/api.w.org\/{rel}","templated":true}]}}