{"id":49693,"date":"2024-07-30T08:34:39","date_gmt":"2024-07-30T08:34:39","guid":{"rendered":"https:\/\/tr.perfumefile.com\/?post_type=product&#038;p=49693"},"modified":"2026-02-05T13:03:51","modified_gmt":"2026-02-05T13:03:51","slug":"ehsas-ultra-eau-de-parfum-55-ml","status":"publish","type":"product","link":"https:\/\/perfumefile.com\/tr\/urun\/ehsas-ultra-eau-de-parfum-55-ml\/","title":{"rendered":"Ehsas Ultra Eau de Parf\u00fcm 55 ML"},"content":{"rendered":"<p data-start=\"0\" data-end=\"420\"><strong data-start=\"0\" data-end=\"24\">Ehsas Ultra Perfume<\/strong>, \u00f6zg\u00fcveni, netli\u011fi ve rafine g\u00fcc\u00fc temsil eden erkekler i\u00e7in yarat\u0131lm\u0131\u015f modern bir mask\u00fclen parf\u00fcmd\u00fcr. Perfume File taraf\u0131ndan k\u00fcrat\u00f6rl\u00fc\u011f\u00fc yap\u0131lan se\u00e7kin Prive Collection serisinin bir par\u00e7as\u0131 olan bu Eau de Perfume, ferahl\u0131\u011f\u0131 s\u0131cakl\u0131k ve odunsu derinlikle dengeleyerek mask\u00fclenli\u011fi ifade eder. Sakin bir kendinden eminlikle liderlik eden, dengeli ve ak\u0131lda kal\u0131c\u0131 bir iz b\u0131rakan erke\u011fi yans\u0131t\u0131r.<\/p>\n<p data-start=\"422\" data-end=\"910\">Koku, duyular\u0131 an\u0131nda canland\u0131ran canl\u0131 ve ferah bir a\u00e7\u0131l\u0131\u015fla ba\u015flar. Yabani g\u00fcl, temiz ve modern karakteriyle hafif \u00e7i\u00e7eksi bir ferahl\u0131k sunarken; misket limonu, canl\u0131 ve enerjik bir his veren net bir turun\u00e7gil parlakl\u0131\u011f\u0131 ekler. Bu a\u00e7\u0131l\u0131\u015f taze, \u00f6zg\u00fcvenli ve y\u00fckselticidir; dinamizm ve kendine g\u00fcveni yans\u0131tan bir ton belirler.<\/p>\n<p data-start=\"912\" data-end=\"1420\">Koku geli\u015ftik\u00e7e kalp notalar\u0131nda p\u00fcr\u00fczs\u00fcz ve \u0131s\u0131tan bir yap\u0131 ortaya \u00e7\u0131kar. Amber, zengin s\u0131cakl\u0131\u011f\u0131 ve nazik tatl\u0131l\u0131\u011f\u0131yla kompozisyona derinlik ve zarafet katar. Varl\u0131\u011f\u0131, a\u00e7\u0131l\u0131\u015ftaki ferahl\u0131k ile dip notalardaki g\u00fcc\u00fc birbirine ba\u011flayarak denge ve sofistikasyon hissi yarat\u0131r. Kalp notalar\u0131 sakin, rafine ve kendinden emin bir mask\u00fclenlik sunar.<\/p>\n<p data-start=\"1422\" data-end=\"1960\">Ehsas Ultra Perfume\u2019\u00fcn dip notalar\u0131, kompozisyonu g\u00fc\u00e7 ve kal\u0131c\u0131 bir varl\u0131kla tamamlar. Sedir a\u011fac\u0131, topraks\u0131 derinli\u011fe sahip kuru ve odunsu bir karakter sunarak mask\u00fclenli\u011fi ve sa\u011flaml\u0131\u011f\u0131 peki\u015ftirir. Bu odunsu temel, kokuyu dengeler ve \u00f6zg\u00fcven ile otorite hissi ta\u015f\u0131yan temiz ama g\u00fc\u00e7l\u00fc bir iz b\u0131rak\u0131r.<\/p>\n<h3 data-start=\"1967\" data-end=\"2050\">Ehsas Ultra Perfume \u2013 Taze Enerji &amp; Mask\u00fclen G\u00fc\u00e7<\/h3>\n<p data-start=\"2052\" data-end=\"2360\">Modern mask\u00fclenlik ve sade zarafetten ilham alan bu koku, tende p\u00fcr\u00fczs\u00fczce geli\u015ferek taze turun\u00e7gil ve \u00e7i\u00e7eksi notalardan s\u0131cak amber ve sa\u011flam bir odunsu dip yap\u0131ya evrilir. Ehsas Ultra Perfume, do\u011frusal ve dengeli bir geli\u015fim sunar; g\u00fcvenilir ve zahmetsiz bir kullan\u0131m sa\u011flar.<\/p>\n<p data-start=\"2362\" data-end=\"2500\">Genel kompozisyon ferah ama sa\u011flamd\u0131r; netli\u011fi, dengeyi ve sessiz bir \u00f6zg\u00fcveni takdir eden erkekler i\u00e7in uygundur.<\/p>\n<h3 data-start=\"2507\" data-end=\"2558\">Mask\u00fclen Kimlik &amp; Kendinden Emin Duru\u015f<\/h3>\n<p data-start=\"2560\" data-end=\"2830\">Ehsas Ultra Perfume, g\u00fcc\u00fc sakinlik ve rafinelikle ifade eden erkekler i\u00e7in tasarlanm\u0131\u015ft\u0131r. Baz\u0131 ciltlerde misket limonu ve yabani g\u00fcl canl\u0131 ve ferah kal\u0131rken, baz\u0131lar\u0131nda amber ve sedir daha s\u0131cak ve odunsu bir yo\u011funlukla \u00f6ne \u00e7\u0131kar.<\/p>\n<p data-start=\"2832\" data-end=\"3010\">G\u00fcnl\u00fck kullan\u0131m, profesyonel ortamlar ve temiz, g\u00fcven veren bir izlenimin \u00f6nemli oldu\u011fu anlar i\u00e7in idealdir.<\/p>\n<h3 data-start=\"3017\" data-end=\"3075\">Neden Ehsas Ultra Perfume<\/h3>\n<p data-start=\"3077\" data-end=\"3320\">Bu koku, modern, zarif ve \u00e7ok y\u00f6nl\u00fc bir ferah-odunsu imza arayan erkekler i\u00e7in tasarlanm\u0131\u015ft\u0131r. Dengeli kal\u0131c\u0131l\u0131\u011f\u0131 ve orta d\u00fczey yay\u0131l\u0131m\u0131 ile \u00e7evreyi bo\u011fmadan varl\u0131\u011f\u0131 g\u00fc\u00e7lendirir.<\/p>\n<p data-start=\"3322\" data-end=\"3490\">Ehsas Ultra Perfume, \u00f6zellikle g\u00fcnd\u00fcz kullan\u0131m\u0131 ve s\u0131cak mevsimlerde \u00fcst\u00fcn performans g\u00f6sterir; i\u015f ve g\u00fcnl\u00fck ortamlara kolayca uyum sa\u011flar.<\/p>\n<h3 data-start=\"3497\" data-end=\"3525\">Kullan\u0131m &amp; Stil<\/h3>\n<p data-start=\"3527\" data-end=\"3790\">Ehsas Ultra Perfume; temiz kesimli kombinler, smart-casual giyim ve yap\u0131land\u0131r\u0131lm\u0131\u015f ki\u015fisel stille do\u011fal bir uyum yakalar. Ferahl\u0131k ve \u00f6zg\u00fcvenle g\u00f6r\u00fcn\u00fcm\u00fc tamamlar; i\u015f g\u00fcnleri, toplant\u0131lar ve g\u00fcnl\u00fck kullan\u0131m i\u00e7in uygundur.<\/p>\n<p data-start=\"3792\" data-end=\"3970\">En iyi performans i\u00e7in boyun ve bilekler gibi nab\u0131z noktalar\u0131na uygulayarak kokunun do\u011fal \u015fekilde geli\u015fmesine ve g\u00fcn boyu ferah-odunsu karakterini korumas\u0131na izin verin.<\/p>\n<h3 data-start=\"3977\" data-end=\"4020\">Modern Mask\u00fclenli\u011fin \u0130mzas\u0131<\/h3>\n<p data-start=\"4022\" data-end=\"4300\">Ehsas Ultra Perfume, bir kokudan daha fazlas\u0131d\u0131r; netli\u011fin, g\u00fcc\u00fcn ve modern mask\u00fclen zarafetin ifadesidir. Taze turun\u00e7gilleri, yumu\u015fak \u00e7i\u00e7ekleri, s\u0131cak amberi ve odunsu derinli\u011fi uyumlu ve kendinden emin bir imzada birle\u015ftirir.<\/p>\n<p data-start=\"4302\" data-end=\"4520\">Geride b\u0131rakt\u0131\u011f\u0131 iz temiz, s\u0131cak ve \u00f6l\u00e7\u00fcl\u00fc derecede g\u00fc\u00e7l\u00fcd\u00fcr; g\u00fcven, sa\u011flaml\u0131k ve rafine mask\u00fclenlik hissi b\u0131rak\u0131r.<\/p>\n<p><a href=\"https:\/\/en.wikipedia.org\/wiki\/Woody_perfume\" target=\"_blank\" rel=\"noopener\">Odunsu parf\u00fcmlerin<\/a> dengesi ve <a href=\"https:\/\/en.wikipedia.org\/wiki\/Perfumery\" target=\"_blank\" rel=\"noopener\">y\u00fcksek parf\u00fcmeri ustal\u0131\u011f\u0131ndan<\/a> ilham al\u0131nm\u0131\u015ft\u0131r.<br \/>\n<a href=\"https:\/\/perfumefile.com\/\" rel=\"follow\">Eau de Perfume koleksiyonumuzdaki<\/a> di\u011fer rafine kreasyonlar\u0131 ke\u015ffedin.<\/p>\n","protected":false},"excerpt":{"rendered":"<p>Ehsas Ultra Perfume, yabani g\u00fcl, misket limonu, s\u0131cak amber ve odunsu sediri bir araya getiren; g\u00fcnl\u00fck kullan\u0131mda kendinden emin bir zarafet sunan ferah, mask\u00fclen bir parf\u00fcmd\u00fcr.<\/p>\n","protected":false},"featured_media":48536,"comment_status":"open","ping_status":"closed","template":"","meta":[],"product_brand":[1345],"product_cat":[1313,1307,1312],"product_tag":[],"class_list":{"0":"post-49693","1":"product","2":"type-product","3":"status-publish","4":"has-post-thumbnail","6":"product_brand-arabian-oud","7":"product_cat-erkek-parfumleri","8":"product_cat-parfumler","9":"product_cat-prive","11":"first","12":"outofstock","13":"taxable","14":"shipping-taxable","15":"purchasable","16":"product-type-simple"},"_links":{"self":[{"href":"https:\/\/perfumefile.com\/tr\/wp-json\/wp\/v2\/product\/49693","targetHints":{"allow":["GET"]}}],"collection":[{"href":"https:\/\/perfumefile.com\/tr\/wp-json\/wp\/v2\/product"}],"about":[{"href":"https:\/\/perfumefile.com\/tr\/wp-json\/wp\/v2\/types\/product"}],"replies":[{"embeddable":true,"href":"https:\/\/perfumefile.com\/tr\/wp-json\/wp\/v2\/comments?post=49693"}],"version-history":[{"count":2,"href":"https:\/\/perfumefile.com\/tr\/wp-json\/wp\/v2\/product\/49693\/revisions"}],"predecessor-version":[{"id":49709,"href":"https:\/\/perfumefile.com\/tr\/wp-json\/wp\/v2\/product\/49693\/revisions\/49709"}],"wp:featuredmedia":[{"embeddable":true,"href":"https:\/\/perfumefile.com\/tr\/wp-json\/wp\/v2\/media\/48536"}],"wp:attachment":[{"href":"https:\/\/perfumefile.com\/tr\/wp-json\/wp\/v2\/media?parent=49693"}],"wp:term":[{"taxonomy":"product_brand","embeddable":true,"href":"https:\/\/perfumefile.com\/tr\/wp-json\/wp\/v2\/product_brand?post=49693"},{"taxonomy":"product_cat","embeddable":true,"href":"https:\/\/perfumefile.com\/tr\/wp-json\/wp\/v2\/product_cat?post=49693"},{"taxonomy":"product_tag","embeddable":true,"href":"https:\/\/perfumefile.com\/tr\/wp-json\/wp\/v2\/product_tag?post=49693"}],"curies":[{"name":"wp","href":"https:\/\/api.w.org\/{rel}","templated":true}]}}