{"id":49715,"date":"2024-07-30T08:34:59","date_gmt":"2024-07-30T08:34:59","guid":{"rendered":"https:\/\/tr.perfumefile.com\/?post_type=product&#038;p=49715"},"modified":"2026-02-05T13:03:40","modified_gmt":"2026-02-05T13:03:40","slug":"sirrah-le-rose-de-rose-eau-de-parfum-55-ml","status":"publish","type":"product","link":"https:\/\/perfumefile.com\/tr\/urun\/sirrah-le-rose-de-rose-eau-de-parfum-55-ml\/","title":{"rendered":"Sirrah Le Rose De Rose Eau de Parf\u00fcm 55 ML"},"content":{"rendered":"<p data-start=\"0\" data-end=\"420\"><strong data-start=\"0\" data-end=\"44\">Sirrah Le Rose De Rose Perfume<\/strong>, \u00e7i\u00e7eksi zarafeti, duyusal derinli\u011fi ve zamans\u0131z sofistikasyonu takdir eden bireyler i\u00e7in yarat\u0131lm\u0131\u015f rafine bir unisex parf\u00fcmd\u00fcr. Perfume File taraf\u0131ndan k\u00fcrat\u00f6rl\u00fc\u011f\u00fc yap\u0131lan se\u00e7kin Prive Collection serisinin bir par\u00e7as\u0131 olan bu Eau de Perfume; meyvemsi parlakl\u0131\u011f\u0131, \u00e7i\u00e7eksi l\u00fcks\u00fc ve odunsu duyusall\u0131\u011f\u0131 b\u00fcy\u00fcleyici bir koku yolculu\u011funa d\u00f6n\u00fc\u015ft\u00fcr\u00fcr. Zarafet, incelik ve kar\u015f\u0131 konulmaz bir duru\u015fu yans\u0131tarak, \u015f\u0131kl\u0131k ve cazibenin \u00f6ne \u00e7\u0131kt\u0131\u011f\u0131 anlar i\u00e7in tasarlanm\u0131\u015ft\u0131r.<\/p>\n<p data-start=\"422\" data-end=\"910\">Koku; ayva, \u00e7ark\u0131felek meyvesi, safran ve ye\u015fil biberin i\u015ftah a\u00e7\u0131c\u0131 birle\u015fimiyle a\u00e7\u0131l\u0131r. Ayva net ve ferah bir meyvemsi canl\u0131l\u0131k sunarken, \u00e7ark\u0131felek meyvesi egzotik bir tatl\u0131l\u0131k katar. Safran baharatl\u0131 bir zenginlik eklerken, ye\u015fil biber taze ve canl\u0131 bir dinamizm sa\u011flar. Bu a\u00e7\u0131l\u0131\u015f parlak, merak uyand\u0131r\u0131c\u0131 ve davetk\u00e2rd\u0131r; meyvemsi canl\u0131l\u0131\u011f\u0131 baharatl\u0131 bir sofistikasyonla dengeler. \u00dcst notalar duyular\u0131 canland\u0131rmak \u00fczere tasarlanm\u0131\u015ft\u0131r; ilkbahar sabahlar\u0131, kutlamalar ve ferahl\u0131k ile cazibenin \u00f6nemli oldu\u011fu anlar i\u00e7in idealdir.<\/p>\n<p data-start=\"912\" data-end=\"1420\">Koku geli\u015ftik\u00e7e kalp notalar\u0131nda \u00e7i\u00e7eksi ve atmosferik bir sofistikasyon ortaya \u00e7\u0131kar. Osmanthus, kay\u0131s\u0131y\u0131 and\u0131ran tatl\u0131l\u0131\u011f\u0131 ve \u00e7i\u00e7eksi derinli\u011fiyle \u00f6ne \u00e7\u0131kar. Da\u011f havas\u0131 ferah ve havadar bir tazelik sunarken, amber re\u00e7inemsi bir s\u0131cakl\u0131k katar. G\u00fcl, zamans\u0131z bir \u00e7i\u00e7ek zarafeti getirir; kakule ise baharatl\u0131 bir parlakl\u0131kla kompozisyonu zenginle\u015ftirir. Bu notalar birlikte, g\u00f6steri\u015fli, rafine ve kar\u015f\u0131 konulmaz derecede zarif bir kalp olu\u015fturur. \u00c7i\u00e7eksi orta b\u00f6l\u00fcm, meyvemsi-baharatl\u0131 a\u00e7\u0131l\u0131\u015fa l\u00fcks bir kontrast sunar ve odunsu-miskli dip yap\u0131ya ge\u00e7i\u015fi haz\u0131rlar.<\/p>\n<p data-start=\"1422\" data-end=\"1960\">Sirrah Le Rose De Rose Perfume\u2019\u00fcn dip notalar\u0131, kompozisyonu topraks\u0131 bir s\u0131cakl\u0131k ve duyusal bir incelikle tamamlar. Beyaz misk yumu\u015fak ve \u00e7ekici bir tensel cazibe sunar. Deri cesur bir sofistikasyon eklerken, sandal a\u011fac\u0131 p\u00fcr\u00fczs\u00fcz bir odunsu zenginlik kazand\u0131r\u0131r. Hu\u015f a\u011fac\u0131 isli bir derinlik katarken, pa\u00e7uli kokuyu topraks\u0131 bir zarafetle dengeler. Bu temel, manyetik, zarif ve unutulmaz bir iz b\u0131rak\u0131r. Miskli-odunsu dip yap\u0131, dengeyi koruyarak uzun s\u00fcreli kal\u0131c\u0131l\u0131k sa\u011flar ve parf\u00fcm\u00fcn saatler boyunca fark edilir olmas\u0131na imk\u00e2n tan\u0131r.<\/p>\n<h3 data-start=\"1967\" data-end=\"2050\">Sirrah Le Rose De Rose Perfume \u2013 \u00c7i\u00e7ek Bah\u00e7esi, Baharatl\u0131 Parlakl\u0131k &amp; Odunsu Zarafet<\/h3>\n<p data-start=\"2052\" data-end=\"2360\">\u00c7i\u00e7ek a\u00e7an bah\u00e7elerden ve rafine cazibeden ilham alan bu koku; meyvemsi parlakl\u0131ktan \u00e7i\u00e7eksi sofistikasyona, ard\u0131ndan odunsu bir duyusall\u0131\u011fa zarif\u00e7e evrilir. Sirrah Le Rose De Rose Perfume, modern ama zamans\u0131z hissettiren etkileyici bir koku yolculu\u011fu sunar. Katmanl\u0131 geli\u015fimi sayesinde her a\u015fama farkl\u0131 bir hik\u00e2ye anlat\u0131r; kullanan\u0131 da \u00e7evresindekileri de etkisi alt\u0131na al\u0131r.<\/p>\n<p data-start=\"2362\" data-end=\"2500\">Genel kompozisyon zengin, zarif ve duygusal olarak g\u00fc\u00e7l\u00fcd\u00fcr; denge ve cazibe ile tan\u0131mlanan iddial\u0131 bir imza niteli\u011fi ta\u015f\u0131r. Bu yaln\u0131zca bir parf\u00fcm de\u011fil, bireyselli\u011fi ve sofistikasyonu yans\u0131tan duyusal bir deneyimdir.<\/p>\n<h3 data-start=\"2507\" data-end=\"2558\">Unisex Kimlik &amp; Rafine Duru\u015f<\/h3>\n<p data-start=\"2560\" data-end=\"2830\">Sirrah Le Rose De Rose Perfume, \u00f6zg\u00fcveni zarafet ve \u00e7i\u00e7eksi cazibe ile ifade eden bireyler i\u00e7in tasarlanm\u0131\u015ft\u0131r. Baz\u0131 ciltlerde ayva ve safran meyvemsi-baharatl\u0131 bir parlakl\u0131kla \u00f6ne \u00e7\u0131karken, baz\u0131lar\u0131nda g\u00fcl, misk ve sandal a\u011fac\u0131 daha derin bir sofistikasyon sunar. Bu de\u011fi\u015fkenlik, kokunun ger\u00e7ek anlamda unisex olmas\u0131n\u0131 sa\u011flar ve her ten kimyas\u0131nda farkl\u0131 bir karakter sergiler.<\/p>\n<p data-start=\"2832\" data-end=\"3010\">\u00d6zellikle ak\u015fam kullan\u0131m\u0131, romantik bulu\u015fmalar ve cazibe, merak uyand\u0131rma ve g\u00fc\u00e7l\u00fc bir duru\u015fun \u00f6nemli oldu\u011fu \u00f6zel anlar i\u00e7in uygundur. Uyumlu yap\u0131s\u0131 sayesinde profesyonel ortamlarda da samimi anlarda da rahatl\u0131kla kullan\u0131labilir.<\/p>\n<h3 data-start=\"3017\" data-end=\"3075\">Neden Sirrah Le Rose De Rose Perfume<\/h3>\n<p data-start=\"3077\" data-end=\"3320\">Bu koku; l\u00fcks, cesur ve zamans\u0131z hissettiren meyvemsi-\u00e7i\u00e7eksi-odunsu bir imza arayanlar i\u00e7in tasarlanm\u0131\u015ft\u0131r. G\u00fc\u00e7l\u00fc kal\u0131c\u0131l\u0131\u011f\u0131 ve p\u00fcr\u00fczs\u00fcz yay\u0131l\u0131m\u0131 sayesinde \u00e7evreyi bask\u0131lamadan ak\u0131lda kal\u0131c\u0131 bir etki b\u0131rak\u0131r. Parlakl\u0131k ile duyusall\u0131k aras\u0131ndaki denge, g\u00fcn boyunca kullan\u0131c\u0131yla birlikte evrilen \u00e7ok y\u00f6nl\u00fc bir karakter sunar.<\/p>\n<p data-start=\"3322\" data-end=\"3490\">Sirrah Le Rose De Rose Perfume, \u00f6zellikle serin mevsimlerde ve ak\u015fam ortamlar\u0131nda m\u00fckemmel performans g\u00f6sterir. \u0130lkbaharda meyvemsi-\u00e7i\u00e7eksi notalar berrakl\u0131kla \u00f6ne \u00e7\u0131karken, sonbaharda odunsu dip yap\u0131 dengeleyici bir sofistikasyon sunar.<\/p>\n<h3 data-start=\"3497\" data-end=\"3525\">Kullan\u0131m &amp; Stil<\/h3>\n<p data-start=\"3527\" data-end=\"3790\">Sirrah Le Rose De Rose Perfume; zarif k\u0131yafetler, rafine ki\u015fisel stil ve kendinden emin bir duru\u015fla do\u011fal bir uyum yakalar. Meyvemsi parlakl\u0131k ve \u00e7i\u00e7eksi zarafetle cazibeyi g\u00fc\u00e7lendirir; galalar, konserler ve unutulmaz geceler i\u00e7in idealdir. \u0130ster resmi kombinlerle ister \u015f\u0131k ak\u015fam stilleriyle kullan\u0131ls\u0131n, genel etkiyi \u00fcst seviyeye ta\u015f\u0131r.<\/p>\n<p data-start=\"3792\" data-end=\"3970\">En iyi performans i\u00e7in boyun, kulak arkas\u0131 ve bilekler gibi nab\u0131z noktalar\u0131na uygulay\u0131n; kokunun do\u011fal \u015fekilde geli\u015fmesine ve t\u00fcm derinli\u011fini ortaya koymas\u0131na izin verin. G\u00fc\u00e7l\u00fc kal\u0131c\u0131l\u0131\u011f\u0131 sayesinde tekrar uygulama nadiren gerekir; uzun s\u00fcreli kullan\u0131mda hafif bir tazeleme parlakl\u0131\u011f\u0131 art\u0131rabilir.<\/p>\n<h3 data-start=\"3977\" data-end=\"4020\">Zamans\u0131z \u00c7i\u00e7eksi L\u00fcks\u00fcn \u0130mzas\u0131<\/h3>\n<p data-start=\"4022\" data-end=\"4300\">Sirrah Le Rose De Rose Perfume, bir kokudan daha fazlas\u0131d\u0131r; \u00e7i\u00e7ek bah\u00e7esinin ihti\u015fam\u0131n\u0131, baharatl\u0131 parlakl\u0131\u011f\u0131 ve rafine sofistikasyonu yans\u0131t\u0131r. Meyvemsi canl\u0131l\u0131\u011f\u0131, \u00e7i\u00e7eksi zenginli\u011fi ve odunsu s\u0131cakl\u0131\u011f\u0131 uyumlu ve unutulmaz bir imzada birle\u015ftirir. Her a\u015famas\u0131 bilin\u00e7li olarak kurgulanm\u0131\u015f bu yap\u0131, ba\u015ftan sona eksiksiz bir deneyim sunar.<\/p>\n<p data-start=\"4302\" data-end=\"4520\">Geride b\u0131rakt\u0131\u011f\u0131 iz s\u0131cak, p\u00fcr\u00fczs\u00fcz ve manyetiktir; zamans\u0131z bir cazibe ve rafine bir \u00e7ekicilik hissi b\u0131rak\u0131r. Bu koku, yaln\u0131zca e\u015flik etmekle kalmaz; zarafete ve bireyselli\u011fe de\u011fer verenler i\u00e7in ger\u00e7ek bir imza olarak varl\u0131\u011f\u0131 tan\u0131mlar.<\/p>\n<p><a href=\"https:\/\/en.wikipedia.org\/wiki\/Perfumery\" target=\"_blank\" rel=\"noopener\">Y\u00fcksek parf\u00fcmeri sanat\u0131ndan<\/a> ilham al\u0131nm\u0131\u015ft\u0131r.<br \/>\n<a href=\"https:\/\/perfumefile.com\/\" rel=\"follow\">Eau de Perfume koleksiyonumuzdaki<\/a> di\u011fer rafine kreasyonlar\u0131 ke\u015ffedin.<\/p>\n","protected":false},"excerpt":{"rendered":"<p>Sirrah Le Rose De Rose Perfume, ayva, g\u00fcl, safran, misk ve sandal a\u011fac\u0131n\u0131 harmanlayan canl\u0131 bir unisex parf\u00fcmd\u00fcr.<\/p>\n","protected":false},"featured_media":49022,"comment_status":"open","ping_status":"closed","template":"","meta":[],"product_brand":[1369],"product_cat":[1313,1315,1307,1312,1314],"product_tag":[],"class_list":{"0":"post-49715","1":"product","2":"type-product","3":"status-publish","4":"has-post-thumbnail","6":"product_brand-tiziana-terenzi","7":"product_cat-erkek-parfumleri","8":"product_cat-kadin-parfumleri","9":"product_cat-parfumler","10":"product_cat-prive","11":"product_cat-unisex-parfumler","13":"first","14":"outofstock","15":"taxable","16":"shipping-taxable","17":"purchasable","18":"product-type-simple"},"_links":{"self":[{"href":"https:\/\/perfumefile.com\/tr\/wp-json\/wp\/v2\/product\/49715","targetHints":{"allow":["GET"]}}],"collection":[{"href":"https:\/\/perfumefile.com\/tr\/wp-json\/wp\/v2\/product"}],"about":[{"href":"https:\/\/perfumefile.com\/tr\/wp-json\/wp\/v2\/types\/product"}],"replies":[{"embeddable":true,"href":"https:\/\/perfumefile.com\/tr\/wp-json\/wp\/v2\/comments?post=49715"}],"version-history":[{"count":2,"href":"https:\/\/perfumefile.com\/tr\/wp-json\/wp\/v2\/product\/49715\/revisions"}],"predecessor-version":[{"id":49720,"href":"https:\/\/perfumefile.com\/tr\/wp-json\/wp\/v2\/product\/49715\/revisions\/49720"}],"wp:featuredmedia":[{"embeddable":true,"href":"https:\/\/perfumefile.com\/tr\/wp-json\/wp\/v2\/media\/49022"}],"wp:attachment":[{"href":"https:\/\/perfumefile.com\/tr\/wp-json\/wp\/v2\/media?parent=49715"}],"wp:term":[{"taxonomy":"product_brand","embeddable":true,"href":"https:\/\/perfumefile.com\/tr\/wp-json\/wp\/v2\/product_brand?post=49715"},{"taxonomy":"product_cat","embeddable":true,"href":"https:\/\/perfumefile.com\/tr\/wp-json\/wp\/v2\/product_cat?post=49715"},{"taxonomy":"product_tag","embeddable":true,"href":"https:\/\/perfumefile.com\/tr\/wp-json\/wp\/v2\/product_tag?post=49715"}],"curies":[{"name":"wp","href":"https:\/\/api.w.org\/{rel}","templated":true}]}}