{"id":49739,"date":"2024-07-30T08:34:59","date_gmt":"2024-07-30T08:34:59","guid":{"rendered":"https:\/\/tr.perfumefile.com\/?post_type=product&#038;p=49739"},"modified":"2026-02-05T13:03:35","modified_gmt":"2026-02-05T13:03:35","slug":"tobacco-vanilla-tom-ford-noir-premier-eau-de-parfum-55-ml","status":"publish","type":"product","link":"https:\/\/perfumefile.com\/tr\/urun\/tobacco-vanilla-tom-ford-noir-premier-eau-de-parfum-55-ml\/","title":{"rendered":"Tobacco Vanilla Tom Ford Noir Premier Eau de Parf\u00fcm 55 ML"},"content":{"rendered":"<p data-start=\"0\" data-end=\"420\"><strong data-start=\"0\" data-end=\"54\">Tobacco Vanilla Tom Ford Noir Premier Perfume<\/strong>, ihti\u015fam\u0131, gizemi ve zamans\u0131z sofistikasyonu takdir eden bireyler i\u00e7in yarat\u0131lm\u0131\u015f l\u00fcks bir unisex parf\u00fcmd\u00fcr. Perfume File taraf\u0131ndan k\u00fcrat\u00f6rl\u00fc\u011f\u00fc yap\u0131lan se\u00e7kin Prive Collection serisinin bir par\u00e7as\u0131 olan bu Eau de Perfume; baharatl\u0131 zenginli\u011fi, gourmand tatl\u0131l\u0131\u011f\u0131 ve kadifemsi s\u0131cakl\u0131\u011f\u0131 b\u00fcy\u00fcleyici bir koku yolculu\u011funa d\u00f6n\u00fc\u015ft\u00fcr\u00fcr. Asalet, rafinelik ve kar\u015f\u0131 konulmaz bir duru\u015fu yans\u0131tarak, zarafet ve cazibenin \u00f6ne \u00e7\u0131kt\u0131\u011f\u0131 anlar i\u00e7in tasarlanm\u0131\u015ft\u0131r.<\/p>\n<p data-start=\"422\" data-end=\"910\">Koku, baharat ve s\u0131cakl\u0131\u011f\u0131n zengin bir birle\u015fimiyle a\u00e7\u0131l\u0131r. Baharatl\u0131 akorlar egzotik bir canl\u0131l\u0131k sunarken, kremams\u0131 tonka fasulyesi p\u00fcr\u00fczs\u00fcz bir yumu\u015fakl\u0131k katar. Vanilya tatl\u0131 bir sofistikasyon sa\u011flarken, kakao kompozisyona kadifemsi bir gourmand derinlik ekler; kuru meyveler ise do\u011fal ve ince bir zenginlik sunar. Bu a\u00e7\u0131l\u0131\u015f cesur, davetk\u00e2r ve rafinedir; baharat ile tatl\u0131l\u0131k aras\u0131nda dengeli bir yap\u0131 kurar. \u00dcst notalar duyular\u0131 uyand\u0131rmak \u00fczere tasarlanm\u0131\u015ft\u0131r; ak\u015famlar, kutlamalar ve yo\u011funluk ile cazibenin \u00f6nemli oldu\u011fu anlar i\u00e7in idealdir.<\/p>\n<p data-start=\"912\" data-end=\"1420\">Koku geli\u015ftik\u00e7e kalp notalar\u0131nda gourmand ve aromatik bir sofistikasyon ortaya \u00e7\u0131kar. Kakao ve vanilyan\u0131n uyumu kadifemsi ve p\u00fcr\u00fczs\u00fcz bir aura yarat\u0131rken, tonka fasulyesi kremams\u0131 bir s\u0131cakl\u0131k katar. Baharatlar kompozisyonu zenginle\u015ftirmeye devam ederek derinlik ve merak uyand\u0131ran bir karakter sunar. Bu notalar birlikte, l\u00fcks, rafine ve kar\u015f\u0131 konulmaz derecede zarif bir kalp olu\u015fturur. Orta b\u00f6l\u00fcm, baharatl\u0131 a\u00e7\u0131l\u0131\u015fa zengin bir kontrast sunar ve miskli-odunsu dip yap\u0131ya ge\u00e7i\u015fi haz\u0131rlar. Bu kalp yap\u0131, hem resmi davetlere hem de samimi ortamlara zarif bir uyum sa\u011flar.<\/p>\n<p data-start=\"1422\" data-end=\"1960\">Tobacco Vanilla Tom Ford Noir Premier Perfume\u2019\u00fcn dip notalar\u0131, kompozisyonu topraks\u0131 bir s\u0131cakl\u0131k ve duyusal bir incelikle tamamlar. Misk yumu\u015fak ve tensel bir cazibe sunarken, amber re\u00e7inemsi s\u0131cakl\u0131\u011f\u0131yla alt\u0131n tonlar\u0131nda bir zenginlik katar. Odunsu notalar ise kuru ve dengeli bir yo\u011funluk sa\u011flayarak yap\u0131y\u0131 sa\u011flamla\u015ft\u0131r\u0131r. Bu temel, manyetik, zarif ve unutulmaz bir iz b\u0131rak\u0131r. Miskli-odunsu dip yap\u0131, dengeyi koruyarak uzun s\u00fcreli kal\u0131c\u0131l\u0131k sa\u011flar ve parf\u00fcm\u00fcn saatler boyunca fark edilir olmas\u0131na imk\u00e2n tan\u0131r.<\/p>\n<h3 data-start=\"1967\" data-end=\"2050\">Tobacco Vanilla Tom Ford Noir Premier Perfume \u2013 Baharatl\u0131 Zenginlik, Gourmand Zarafet &amp; Kadifemsi \u0130hti\u015fam<\/h3>\n<p data-start=\"2052\" data-end=\"2360\">L\u00fcks ve rafine cazibeden ilham alan bu koku; baharatl\u0131 parlakl\u0131ktan gourmand sofistikasyona, ard\u0131ndan miskli bir duyusall\u0131\u011fa zarif\u00e7e evrilir. Tobacco Vanilla Tom Ford Noir Premier Perfume, modern ama zamans\u0131z hissettiren etkileyici bir koku yolculu\u011fu sunar. Katmanl\u0131 geli\u015fimi sayesinde her a\u015fama farkl\u0131 bir hik\u00e2ye anlat\u0131r; kullanan\u0131 da \u00e7evresindekileri de etkisi alt\u0131na al\u0131r.<\/p>\n<p data-start=\"2362\" data-end=\"2500\">Genel kompozisyon zengin, zarif ve duygusal olarak g\u00fc\u00e7l\u00fcd\u00fcr; denge ve cazibe ile tan\u0131mlanan iddial\u0131 bir imza niteli\u011fi ta\u015f\u0131r. Bu yaln\u0131zca bir parf\u00fcm de\u011fil, bireyselli\u011fi ve sofistikasyonu yans\u0131tan duyusal bir deneyimdir.<\/p>\n<h3 data-start=\"2507\" data-end=\"2558\">Unisex Kimlik &amp; Rafine Duru\u015f<\/h3>\n<p data-start=\"2560\" data-end=\"2830\">Tobacco Vanilla Tom Ford Noir Premier Perfume, \u00f6zg\u00fcveni zarafet ve ihti\u015famla ifade eden bireyler i\u00e7in tasarlanm\u0131\u015ft\u0131r. Baz\u0131 ciltlerde baharatlar ve tonka fasulyesi gourmand bir parlakl\u0131kla \u00f6ne \u00e7\u0131karken, baz\u0131lar\u0131nda misk, amber ve odunsu notalar daha derin bir sofistikasyon sunar. Bu de\u011fi\u015fkenlik, parf\u00fcm\u00fc her ten kimyas\u0131na uyum sa\u011flayan ger\u00e7ek bir unisex koku h\u00e2line getirir.<\/p>\n<p data-start=\"2832\" data-end=\"3010\">\u00d6zellikle ak\u015fam kullan\u0131m\u0131, kutlamalar ve cazibe, merak uyand\u0131rma ve g\u00fc\u00e7l\u00fc bir duru\u015fun \u00f6nemli oldu\u011fu \u00f6zel anlar i\u00e7in uygundur. Uyumlu yap\u0131s\u0131 sayesinde profesyonel ortamlarda da samimi anlarda da rahatl\u0131kla kullan\u0131labilir.<\/p>\n<h3 data-start=\"3017\" data-end=\"3075\">Neden Tobacco Vanilla Tom Ford Noir Premier Perfume<\/h3>\n<p data-start=\"3077\" data-end=\"3320\">Bu koku; l\u00fcks, cesur ve zamans\u0131z hissettiren baharatl\u0131-gourmand-miskli bir imza arayanlar i\u00e7in tasarlanm\u0131\u015ft\u0131r. G\u00fc\u00e7l\u00fc kal\u0131c\u0131l\u0131\u011f\u0131 ve p\u00fcr\u00fczs\u00fcz yay\u0131l\u0131m\u0131 sayesinde \u00e7evreyi bask\u0131lamadan ak\u0131lda kal\u0131c\u0131 bir etki b\u0131rak\u0131r. Parlakl\u0131k ile duyusall\u0131k aras\u0131ndaki denge, g\u00fcn boyunca kullan\u0131c\u0131yla birlikte evrilen \u00e7ok y\u00f6nl\u00fc bir karakter sunar.<\/p>\n<p data-start=\"3322\" data-end=\"3490\">Tobacco Vanilla Tom Ford Noir Premier Perfume, \u00f6zellikle serin mevsimlerde ve ak\u015fam ortamlar\u0131nda m\u00fckemmel performans g\u00f6sterir. K\u0131\u015f aylar\u0131nda baharatl\u0131 notalar s\u0131cak bir yo\u011funluk sunarken, sonbaharda miskli dip yap\u0131 dengeleyici bir sofistikasyon sa\u011flar.<\/p>\n<h3 data-start=\"3497\" data-end=\"3525\">Kullan\u0131m &amp; Stil<\/h3>\n<p data-start=\"3527\" data-end=\"3790\">Tobacco Vanilla Tom Ford Noir Premier Perfume; \u015f\u0131k k\u0131yafetler, rafine ki\u015fisel stil ve kendinden emin bir duru\u015fla do\u011fal bir uyum yakalar. Baharatl\u0131 s\u0131cakl\u0131k ve gourmand duyusall\u0131kla cazibeyi g\u00fc\u00e7lendirir; galalar, konserler ve unutulmaz geceler i\u00e7in idealdir. \u0130ster resmi kombinlerle ister \u015f\u0131k ak\u015fam stilleriyle kullan\u0131ls\u0131n, genel etkiyi \u00fcst seviyeye ta\u015f\u0131r.<\/p>\n<p data-start=\"3792\" data-end=\"3970\">En iyi performans i\u00e7in boyun, kulak arkas\u0131 ve bilekler gibi nab\u0131z noktalar\u0131na uygulay\u0131n; kokunun do\u011fal \u015fekilde geli\u015fmesine ve t\u00fcm derinli\u011fini ortaya koymas\u0131na izin verin. G\u00fc\u00e7l\u00fc kal\u0131c\u0131l\u0131\u011f\u0131 sayesinde tekrar uygulama nadiren gerekir; uzun s\u00fcreli kullan\u0131mlarda hafif bir tazeleme parlakl\u0131\u011f\u0131 art\u0131rabilir.<\/p>\n<h3 data-start=\"3977\" data-end=\"4020\">Zamans\u0131z L\u00fcks\u00fcn \u0130mzas\u0131<\/h3>\n<p data-start=\"4022\" data-end=\"4300\">Tobacco Vanilla Tom Ford Noir Premier Perfume, bir kokudan daha fazlas\u0131d\u0131r; l\u00fcks\u00fcn, zarafetin ve rafine sofistikasyonun ifadesidir. Baharatl\u0131 canl\u0131l\u0131\u011f\u0131, gourmand tatl\u0131l\u0131\u011f\u0131 ve miskli s\u0131cakl\u0131\u011f\u0131 uyumlu ve unutulmaz bir imzada birle\u015ftirir. Her a\u015famas\u0131 bilin\u00e7li olarak kurgulanm\u0131\u015f bu yap\u0131, ba\u015ftan sona eksiksiz bir deneyim sunar.<\/p>\n<p data-start=\"4302\" data-end=\"4520\">Geride b\u0131rakt\u0131\u011f\u0131 iz s\u0131cak, p\u00fcr\u00fczs\u00fcz ve manyetiktir; zamans\u0131z bir cazibe ve rafine bir \u00e7ekicilik hissi b\u0131rak\u0131r. Bu koku, yaln\u0131zca e\u015flik etmekle kalmaz; zarafete ve bireyselli\u011fe de\u011fer verenler i\u00e7in ger\u00e7ek bir imza olarak varl\u0131\u011f\u0131 tan\u0131mlar.<\/p>\n<p><a href=\"https:\/\/en.wikipedia.org\/wiki\/Perfumery\" target=\"_blank\" rel=\"noopener\">Y\u00fcksek parf\u00fcmeri sanat\u0131ndan<\/a> ilham al\u0131nm\u0131\u015ft\u0131r.<br \/>\n<a href=\"https:\/\/perfumefile.com\/\" rel=\"follow\">Eau de Perfume koleksiyonumuzdaki<\/a> di\u011fer rafine kreasyonlar\u0131 ke\u015ffedin.<\/p>\n","protected":false},"excerpt":{"rendered":"<p>Tobacco Vanilla Tom Ford Noir Premier Perfume, baharatlar\u0131, tonka fasulyesini, vanilyay\u0131, kakaoyu ve miski bir araya getiren cesur bir unisex parf\u00fcmd\u00fcr.<\/p>\n","protected":false},"featured_media":49005,"comment_status":"open","ping_status":"closed","template":"","meta":[],"product_brand":[1333],"product_cat":[1313,1315,1307,1312,1314],"product_tag":[],"class_list":{"0":"post-49739","1":"product","2":"type-product","3":"status-publish","4":"has-post-thumbnail","6":"product_brand-tom-ford","7":"product_cat-erkek-parfumleri","8":"product_cat-kadin-parfumleri","9":"product_cat-parfumler","10":"product_cat-prive","11":"product_cat-unisex-parfumler","13":"first","14":"outofstock","15":"taxable","16":"shipping-taxable","17":"purchasable","18":"product-type-simple"},"_links":{"self":[{"href":"https:\/\/perfumefile.com\/tr\/wp-json\/wp\/v2\/product\/49739","targetHints":{"allow":["GET"]}}],"collection":[{"href":"https:\/\/perfumefile.com\/tr\/wp-json\/wp\/v2\/product"}],"about":[{"href":"https:\/\/perfumefile.com\/tr\/wp-json\/wp\/v2\/types\/product"}],"replies":[{"embeddable":true,"href":"https:\/\/perfumefile.com\/tr\/wp-json\/wp\/v2\/comments?post=49739"}],"version-history":[{"count":2,"href":"https:\/\/perfumefile.com\/tr\/wp-json\/wp\/v2\/product\/49739\/revisions"}],"predecessor-version":[{"id":49749,"href":"https:\/\/perfumefile.com\/tr\/wp-json\/wp\/v2\/product\/49739\/revisions\/49749"}],"wp:featuredmedia":[{"embeddable":true,"href":"https:\/\/perfumefile.com\/tr\/wp-json\/wp\/v2\/media\/49005"}],"wp:attachment":[{"href":"https:\/\/perfumefile.com\/tr\/wp-json\/wp\/v2\/media?parent=49739"}],"wp:term":[{"taxonomy":"product_brand","embeddable":true,"href":"https:\/\/perfumefile.com\/tr\/wp-json\/wp\/v2\/product_brand?post=49739"},{"taxonomy":"product_cat","embeddable":true,"href":"https:\/\/perfumefile.com\/tr\/wp-json\/wp\/v2\/product_cat?post=49739"},{"taxonomy":"product_tag","embeddable":true,"href":"https:\/\/perfumefile.com\/tr\/wp-json\/wp\/v2\/product_tag?post=49739"}],"curies":[{"name":"wp","href":"https:\/\/api.w.org\/{rel}","templated":true}]}}