{"id":49777,"date":"2024-07-30T08:34:58","date_gmt":"2024-07-30T08:34:58","guid":{"rendered":"https:\/\/tr.perfumefile.com\/?post_type=product&#038;p=49777"},"modified":"2026-02-05T13:03:41","modified_gmt":"2026-02-05T13:03:41","slug":"kirke-the-great-eau-de-parfum-55-ml","status":"publish","type":"product","link":"https:\/\/perfumefile.com\/tr\/urun\/kirke-the-great-eau-de-parfum-55-ml\/","title":{"rendered":"Kirke The Great Eau de Parf\u00fcm 55 ML"},"content":{"rendered":"<p data-start=\"0\" data-end=\"420\"><strong data-start=\"0\" data-end=\"32\">Kirke The Great Perfume<\/strong>, zarafeti, cazibeyi ve zamans\u0131z sofistikasyonu takdir eden bireyler i\u00e7in yarat\u0131lm\u0131\u015f g\u00f6rkemli bir unisex parf\u00fcmd\u00fcr. Perfume File taraf\u0131ndan k\u00fcrat\u00f6rl\u00fc\u011f\u00fc yap\u0131lan se\u00e7kin Prive Collection serisinin bir par\u00e7as\u0131 olan bu Eau de Perfume; meyvemsi canl\u0131l\u0131\u011f\u0131, narin \u00e7i\u00e7eksi dokunu\u015flar\u0131 ve s\u0131cak duyusall\u0131\u011f\u0131 rafine bir koku yolculu\u011funa d\u00f6n\u00fc\u015ft\u00fcr\u00fcr. Asalet, derinlik ve kar\u015f\u0131 konulmaz bir duru\u015fu yans\u0131tarak, zarafet ve unutulmaz cazibenin \u00f6ne \u00e7\u0131kt\u0131\u011f\u0131 anlar i\u00e7in tasarlanm\u0131\u015ft\u0131r.<\/p>\n<p data-start=\"422\" data-end=\"910\">Koku, canl\u0131 ve davetk\u00e2r bir senfoniyle a\u00e7\u0131l\u0131r. \u00c7ark\u0131felek meyvesi egzotik bir parlakl\u0131k sunarken, \u015feftali sulu bir tatl\u0131l\u0131k katar; armut ferah bir canl\u0131l\u0131k sa\u011flar, ahududu ve frenk \u00fcz\u00fcm\u00fc ek\u015fi bir enerji getirir, kum ise mineral bir n\u00fcansla farkl\u0131l\u0131k yarat\u0131r. Bu a\u00e7\u0131l\u0131\u015f oyunbaz, enerjik ve etkileyicidir; meyvemsi canl\u0131l\u0131\u011f\u0131 sofistike bir dengeyle bulu\u015fturur.<\/p>\n<p data-start=\"912\" data-end=\"1420\">Koku geli\u015ftik\u00e7e kalp notalar\u0131nda narin bir \u00e7i\u00e7ek zarafeti ortaya \u00e7\u0131kar. M\u00fcge \u00e7i\u00e7e\u011fi, yumu\u015fak ve ye\u015fil \u00e7i\u00e7eksi tonlar\u0131yla kompozisyona safl\u0131k ve incelik katar. Bu kalp nota denge ve sofistikasyonu g\u00fc\u00e7lendirerek ayd\u0131nl\u0131k ve zamans\u0131z bir orta b\u00f6l\u00fcm yarat\u0131r.<\/p>\n<p data-start=\"1422\" data-end=\"1960\">Kirke The Great Perfume\u2019\u00fcn dip notalar\u0131, kompozisyonu s\u0131cakl\u0131k, derinlik ve duyusall\u0131kla tamamlar. Misk yumu\u015fak ve tensel bir cazibe sunar; vanilya kremams\u0131 bir tatl\u0131l\u0131k ekler; sandal a\u011fac\u0131 p\u00fcr\u00fczs\u00fcz bir odunsu zenginlik kazand\u0131r\u0131r; pa\u00e7uli topraks\u0131 bir sofistikasyon sa\u011flar; heliotrop ise pudrams\u0131 \u00e7i\u00e7eksi bir s\u0131cakl\u0131k getirir. Bu notalar birlikte, g\u00f6steri\u015fli, rafine ve unutulmaz bir iz b\u0131rak\u0131r.<\/p>\n<h3 data-start=\"1967\" data-end=\"2050\">Kirke The Great Perfume \u2013 G\u00f6rkem, Zarafet &amp; Zamans\u0131z Sofistikasyon<\/h3>\n<p data-start=\"2052\" data-end=\"2360\">B\u00fcy\u00fckl\u00fck ve rafine cazibeden ilham alan bu koku; meyvemsi canl\u0131l\u0131ktan \u00e7i\u00e7eksi inceli\u011fe, ard\u0131ndan s\u0131cak ve duyusal bir derinli\u011fe zarif\u00e7e evrilir. Kirke The Great Perfume, modern ve klasik hissi bir arada sunan etkileyici bir geli\u015fim sergiler.<\/p>\n<p data-start=\"2362\" data-end=\"2500\">Genel kompozisyon canl\u0131, zarif ve duygusal olarak g\u00fc\u00e7l\u00fcd\u00fcr; denge ve cazibe ile tan\u0131mlanan iddial\u0131 bir imza niteli\u011fi ta\u015f\u0131r.<\/p>\n<h3 data-start=\"2507\" data-end=\"2558\">Unisex Kimlik &amp; Rafine Duru\u015f<\/h3>\n<p data-start=\"2560\" data-end=\"2830\">Kirke The Great Perfume, \u00f6zg\u00fcveni zarafet ve ihti\u015famla ifade eden bireyler i\u00e7in tasarlanm\u0131\u015ft\u0131r. Baz\u0131 ciltlerde meyvemsi notalar parlakl\u0131\u011f\u0131yla \u00f6ne \u00e7\u0131karken, baz\u0131lar\u0131nda misk, vanilya ve sandal a\u011fac\u0131 daha derin bir sofistikasyon sunar.<\/p>\n<p data-start=\"2832\" data-end=\"3010\">\u00d6zellikle ak\u015fam kullan\u0131m\u0131, resmi davetler ve zarafet, cazibe ve g\u00fc\u00e7l\u00fc bir duru\u015fun \u00f6nemli oldu\u011fu \u00f6zel anlar i\u00e7in uygundur.<\/p>\n<h3 data-start=\"3017\" data-end=\"3075\">Neden Kirke The Great Perfume<\/h3>\n<p data-start=\"3077\" data-end=\"3320\">Bu koku; l\u00fcks, ba\u015ftan \u00e7\u0131kar\u0131c\u0131 ve zamans\u0131z hissettiren meyvemsi-\u00e7i\u00e7eksi-amber bir imza arayanlar i\u00e7in tasarlanm\u0131\u015ft\u0131r. G\u00fc\u00e7l\u00fc kal\u0131c\u0131l\u0131\u011f\u0131 ve p\u00fcr\u00fczs\u00fcz yay\u0131l\u0131m\u0131 sayesinde \u00e7evreyi bask\u0131lamadan kal\u0131c\u0131 bir etki b\u0131rak\u0131r.<\/p>\n<p data-start=\"3322\" data-end=\"3490\">Kirke The Great Perfume, \u00f6zellikle serin mevsimlerde ve ak\u015fam ortamlar\u0131nda \u00fcst\u00fcn performans g\u00f6sterir; s\u0131cakl\u0131\u011f\u0131 ve \u00e7i\u00e7eksi derinli\u011fi bu ko\u015fullarda tam anlam\u0131yla a\u00e7\u0131\u011fa \u00e7\u0131kar.<\/p>\n<h3 data-start=\"3497\" data-end=\"3525\">Kullan\u0131m &amp; Stil<\/h3>\n<p data-start=\"3527\" data-end=\"3790\">Kirke The Great Perfume; \u015f\u0131k k\u0131yafetler, rafine ki\u015fisel stil ve resmi davetlerle do\u011fal bir uyum yakalar. Zarafet ve cazibeyle duru\u015fu g\u00fc\u00e7lendirir; galalar, konserler ve unutulmaz geceler i\u00e7in idealdir.<\/p>\n<p data-start=\"3792\" data-end=\"3970\">En iyi performans i\u00e7in boyun, kulak arkas\u0131 ve bilekler gibi nab\u0131z noktalar\u0131na uygulayarak kokunun do\u011fal \u015fekilde geli\u015fmesine ve t\u00fcm derinli\u011fini ortaya koymas\u0131na izin verin.<\/p>\n<h3 data-start=\"3977\" data-end=\"4020\">Zamans\u0131z G\u00f6rkemin \u0130mzas\u0131<\/h3>\n<p data-start=\"4022\" data-end=\"4300\">Kirke The Great Perfume, bir kokudan daha fazlas\u0131d\u0131r; zarafetin, cazibenin ve rafine sofistikasyonun ifadesidir. Meyvemsi canl\u0131l\u0131\u011f\u0131, \u00e7i\u00e7eksi inceli\u011fi ve s\u0131cak duyusall\u0131\u011f\u0131 uyumlu ve unutulmaz bir imzada birle\u015ftirir.<\/p>\n<p data-start=\"4302\" data-end=\"4520\">Geride b\u0131rakt\u0131\u011f\u0131 iz s\u0131cak, p\u00fcr\u00fczs\u00fcz ve ba\u015ftan \u00e7\u0131kar\u0131c\u0131d\u0131r; zamans\u0131z bir \u00e7ekicilik ve rafine bir g\u00f6rkem hissi b\u0131rak\u0131r.<\/p>\n<p><a href=\"https:\/\/en.wikipedia.org\/wiki\/Perfumery\" target=\"_blank\" rel=\"noopener\">Y\u00fcksek parf\u00fcmeri sanat\u0131ndan<\/a> ilham al\u0131nm\u0131\u015ft\u0131r.<br \/>\n<a href=\"https:\/\/perfumefile.com\/\" rel=\"follow\">Eau de Perfume koleksiyonumuzdaki<\/a> di\u011fer rafine kreasyonlar\u0131 ke\u015ffedin.<\/p>\n","protected":false},"excerpt":{"rendered":"<p>Kirke The Great Perfume, egzotik meyveleri, \u00e7i\u00e7eksi m\u00fcge notas\u0131n\u0131 ve s\u0131cak amberimsi odunsu dokunu\u015flar\u0131 bir araya getiren; zamans\u0131z bir g\u00f6rkem sunan canl\u0131 bir unisex parf\u00fcmd\u00fcr.<\/p>\n","protected":false},"featured_media":48540,"comment_status":"open","ping_status":"closed","template":"","meta":[],"product_brand":[1369],"product_cat":[1307,1312,1314],"product_tag":[],"class_list":{"0":"post-49777","1":"product","2":"type-product","3":"status-publish","4":"has-post-thumbnail","6":"product_brand-tiziana-terenzi","7":"product_cat-parfumler","8":"product_cat-prive","9":"product_cat-unisex-parfumler","11":"first","12":"instock","13":"taxable","14":"shipping-taxable","15":"purchasable","16":"product-type-simple"},"_links":{"self":[{"href":"https:\/\/perfumefile.com\/tr\/wp-json\/wp\/v2\/product\/49777","targetHints":{"allow":["GET"]}}],"collection":[{"href":"https:\/\/perfumefile.com\/tr\/wp-json\/wp\/v2\/product"}],"about":[{"href":"https:\/\/perfumefile.com\/tr\/wp-json\/wp\/v2\/types\/product"}],"replies":[{"embeddable":true,"href":"https:\/\/perfumefile.com\/tr\/wp-json\/wp\/v2\/comments?post=49777"}],"version-history":[{"count":2,"href":"https:\/\/perfumefile.com\/tr\/wp-json\/wp\/v2\/product\/49777\/revisions"}],"predecessor-version":[{"id":49779,"href":"https:\/\/perfumefile.com\/tr\/wp-json\/wp\/v2\/product\/49777\/revisions\/49779"}],"wp:featuredmedia":[{"embeddable":true,"href":"https:\/\/perfumefile.com\/tr\/wp-json\/wp\/v2\/media\/48540"}],"wp:attachment":[{"href":"https:\/\/perfumefile.com\/tr\/wp-json\/wp\/v2\/media?parent=49777"}],"wp:term":[{"taxonomy":"product_brand","embeddable":true,"href":"https:\/\/perfumefile.com\/tr\/wp-json\/wp\/v2\/product_brand?post=49777"},{"taxonomy":"product_cat","embeddable":true,"href":"https:\/\/perfumefile.com\/tr\/wp-json\/wp\/v2\/product_cat?post=49777"},{"taxonomy":"product_tag","embeddable":true,"href":"https:\/\/perfumefile.com\/tr\/wp-json\/wp\/v2\/product_tag?post=49777"}],"curies":[{"name":"wp","href":"https:\/\/api.w.org\/{rel}","templated":true}]}}