{"id":49780,"date":"2024-07-30T08:34:40","date_gmt":"2024-07-30T08:34:40","guid":{"rendered":"https:\/\/tr.perfumefile.com\/?post_type=product&#038;p=49780"},"modified":"2026-02-05T13:03:50","modified_gmt":"2026-02-05T13:03:50","slug":"ombre-nomade-tempting-juice-eau-de-parfum-55-ml","status":"publish","type":"product","link":"https:\/\/perfumefile.com\/tr\/urun\/ombre-nomade-tempting-juice-eau-de-parfum-55-ml\/","title":{"rendered":"Ombre Nomade Tempting Juice Eau de Parf\u00fcm 55 ML"},"content":{"rendered":"<p data-start=\"0\" data-end=\"420\"><strong data-start=\"0\" data-end=\"36\">Ombre Nomade Tempting Juice Perfume<\/strong>, gizem, yo\u011funluk ve rafine duyusall\u0131\u011fa \u00e7ekilen bireyler i\u00e7in yarat\u0131lm\u0131\u015f derin ve ba\u015ftan \u00e7\u0131kar\u0131c\u0131 bir parf\u00fcmd\u00fcr. Perfume File taraf\u0131ndan k\u00fcrat\u00f6rl\u00fc\u011f\u00fc yap\u0131lan se\u00e7kin Prive Collection serisinin bir par\u00e7as\u0131 olan bu Eau de Perfume; s\u0131cak odunlar\u0131, koyu re\u00e7ineleri ve \u00e7ekici tatl\u0131l\u0131\u011f\u0131 zengin bir koku anlat\u0131s\u0131nda bulu\u015fturur. Arzuyu, derinli\u011fi ve unutulmaz bir duru\u015fu benimseyen cesur bir karakteri yans\u0131t\u0131r.<\/p>\n<p data-start=\"422\" data-end=\"910\">Koku, duyular\u0131 an\u0131nda saran g\u00fc\u00e7l\u00fc ve s\u0131cak bir a\u00e7\u0131l\u0131\u015fla ba\u015flar. Amberwood, modern ve l\u00fcks his veren p\u00fcr\u00fczs\u00fcz bir odunsu zenginlik sunarken; benzoin, balsamik karaktere sahip re\u00e7inemsi bir tatl\u0131l\u0131kla konforlu bir s\u0131cakl\u0131k katar. Bu a\u00e7\u0131l\u0131\u015f s\u0131cak, davetk\u00e2r ve sofistikedir; duyusal derinlik ve sakin bir yo\u011funluk d\u00fcnyas\u0131na davet eder.<\/p>\n<p data-start=\"912\" data-end=\"1420\">Koku geli\u015ftik\u00e7e kalp notalar\u0131nda beklenmedik ve ba\u015ftan \u00e7\u0131kar\u0131c\u0131 bir tatl\u0131l\u0131k ortaya \u00e7\u0131kar. Ahududu, sulu ve parlak bir meyvemsi dokunu\u015fla kompozisyona modern bir cazibe ekler. Koyu a\u00e7\u0131l\u0131\u015f notalar\u0131yla kurdu\u011fu kontrast, denge ve \u00e7ekicilik yarat\u0131r. Bu orta b\u00f6l\u00fcm oyunbaz ama gizemlidir; ba\u011f\u0131ml\u0131l\u0131k yaratan ve etkileyici bir karakter sunar.<\/p>\n<p data-start=\"1422\" data-end=\"1960\">Ombre Nomade Tempting Juice Perfume\u2019\u00fcn dip notalar\u0131, kompozisyonu karanl\u0131k, derin ve kal\u0131c\u0131 bir ba\u015ftan \u00e7\u0131kar\u0131c\u0131l\u0131kla tamamlar. T\u00fcts\u00fc, dumanl\u0131 bir gizem ve ruhani bir s\u0131cakl\u0131k sunarken; agar a\u011fac\u0131 (ud), derin odunsu yo\u011funlu\u011fu ve rafine karanl\u0131\u011f\u0131yla kokunun g\u00fcc\u00fcn\u00fc art\u0131r\u0131r. Bu notalar birlikte, duyusal, g\u00fc\u00e7l\u00fc ve unutulmaz bir iz b\u0131rak\u0131r.<\/p>\n<h3 data-start=\"1967\" data-end=\"2050\">Ombre Nomade Tempting Juice Perfume \u2013 Gizem, Ba\u015ftan \u00c7\u0131kar\u0131c\u0131l\u0131k &amp; Koyu Zarafet<\/h3>\n<p data-start=\"2052\" data-end=\"2360\">Arzu ve ba\u015ftan \u00e7\u0131karma sanat\u0131ndan ilham alan bu koku, tende yava\u015f\u00e7a a\u00e7\u0131larak s\u0131cak re\u00e7inemsi odunlardan sulu tatl\u0131l\u0131\u011fa, ard\u0131ndan dumanl\u0131 ud derinli\u011fine evrilir. Ombre Nomade Tempting Juice Perfume, kontroll\u00fc ve zengin bir geli\u015fim sunarak etkileyici bir koku yolculu\u011fu yarat\u0131r.<\/p>\n<p data-start=\"2362\" data-end=\"2500\">Genel kompozisyon koyu, duyusal ve yo\u011fundur; g\u00fcndelik kullan\u0131mdan ziyade iddial\u0131 bir imza kokusu niteli\u011fi ta\u015f\u0131r.<\/p>\n<h3 data-start=\"2507\" data-end=\"2558\">Unisex Kimlik &amp; Manyetik Duru\u015f<\/h3>\n<p data-start=\"2560\" data-end=\"2830\">Ombre Nomade Tempting Juice Perfume, \u00f6zg\u00fcveni gizem ve derinlikle ifade eden bireyler i\u00e7in tasarlanm\u0131\u015ft\u0131r. Baz\u0131 ciltlerde amberwood ve benzoin s\u0131cakl\u0131\u011f\u0131 \u00f6ne \u00e7\u0131karken, baz\u0131lar\u0131nda ahududu ve ud daha g\u00fc\u00e7l\u00fc bir kontrast ve yo\u011funluk sunar.<\/p>\n<p data-start=\"2832\" data-end=\"3010\">\u00d6zellikle ak\u015fam kullan\u0131m\u0131, samimi ortamlar ve cazibe, merak uyand\u0131rma ve g\u00fc\u00e7l\u00fc bir duru\u015fun \u00f6nemli oldu\u011fu \u00f6zel anlar i\u00e7in idealdir.<\/p>\n<h3 data-start=\"3017\" data-end=\"3075\">Neden Ombre Nomade Tempting Juice Perfume<\/h3>\n<p data-start=\"3077\" data-end=\"3320\">Bu koku; ba\u015ftan \u00e7\u0131kar\u0131c\u0131, cesur ve duygusal a\u00e7\u0131dan etkileyici bir amber-odunsu-ud imzas\u0131 arayanlar i\u00e7in tasarlanm\u0131\u015ft\u0131r. G\u00fc\u00e7l\u00fc kal\u0131c\u0131l\u0131\u011f\u0131 ve zengin yay\u0131l\u0131m\u0131 sayesinde \u00e7evreyi bask\u0131lamadan ak\u0131lda kal\u0131c\u0131 bir etki b\u0131rak\u0131r.<\/p>\n<p data-start=\"3322\" data-end=\"3490\">Ombre Nomade Tempting Juice Perfume, \u00f6zellikle serin mevsimlerde ve gece ortamlar\u0131nda m\u00fckemmel performans g\u00f6sterir; derinli\u011fi ve yo\u011funlu\u011fu bu ko\u015fullarda tam anlam\u0131yla ortaya \u00e7\u0131kar.<\/p>\n<h3 data-start=\"3497\" data-end=\"3525\">Kullan\u0131m &amp; Stil<\/h3>\n<p data-start=\"3527\" data-end=\"3790\">Ombre Nomade Tempting Juice Perfume; koyu tonlar, \u015f\u0131k kombinler ve kendinden emin bir ki\u015fisel stille do\u011fal bir uyum yakalar. Duyusal derinlik ve gizemle duru\u015fu g\u00fc\u00e7lendirir; ak\u015fam davetleri ve rafine geceler i\u00e7in uygundur.<\/p>\n<p data-start=\"3792\" data-end=\"3970\">En iyi performans i\u00e7in boyun, kulak arkas\u0131 ve bilekler gibi nab\u0131z noktalar\u0131na uygulayarak kokunun do\u011fal \u015fekilde geli\u015fmesine ve t\u00fcm ba\u015ftan \u00e7\u0131kar\u0131c\u0131 karakterini ortaya koymas\u0131na izin verin.<\/p>\n<h3 data-start=\"3977\" data-end=\"4020\">Kar\u015f\u0131 Konulmaz Cazibenin \u0130mzas\u0131<\/h3>\n<p data-start=\"4022\" data-end=\"4300\">Ombre Nomade Tempting Juice Perfume, bir kokudan daha fazlas\u0131d\u0131r; ba\u015ftan \u00e7\u0131kar\u0131c\u0131l\u0131\u011f\u0131n, karanl\u0131\u011f\u0131n ve rafine duyusall\u0131\u011f\u0131n ifadesidir. S\u0131cak re\u00e7ineleri, sulu meyveleri, dumanl\u0131 t\u00fcts\u00fcy\u00fc ve derin udu uyumlu ve unutulmaz bir imzada birle\u015ftirir.<\/p>\n<p data-start=\"4302\" data-end=\"4520\">Geride b\u0131rakt\u0131\u011f\u0131 iz koyu, dumanl\u0131 ve son derece \u00e7ekicidir; gizem, arzu ve ink\u00e2r edilemez bir manyetizma hissi b\u0131rak\u0131r.<\/p>\n<p><a href=\"https:\/\/en.wikipedia.org\/wiki\/Oud\" target=\"_blank\" rel=\"noopener\">Parf\u00fcmeride udun<\/a> derinli\u011finden ve <a href=\"https:\/\/en.wikipedia.org\/wiki\/Perfumery\" target=\"_blank\" rel=\"noopener\">y\u00fcksek parf\u00fcmeri ustal\u0131\u011f\u0131ndan<\/a> ilham al\u0131nm\u0131\u015ft\u0131r.<br \/>\n<a href=\"https:\/\/perfumefile.com\/\" rel=\"follow\">Eau de Perfume koleksiyonumuzdaki<\/a> di\u011fer rafine kreasyonlar\u0131 ke\u015ffedin.<\/p>\n","protected":false},"excerpt":{"rendered":"<p>Ombre Nomade Tempting Juice Perfume, s\u0131cak amberwood, sulu ahududu, dumanl\u0131 t\u00fcts\u00fc ve derin udu bir araya getiren; kar\u015f\u0131 konulmaz bir cazibe sunan ba\u015ftan \u00e7\u0131kar\u0131c\u0131 bir unisex parf\u00fcmd\u00fcr.<\/p>\n","protected":false},"featured_media":49013,"comment_status":"open","ping_status":"closed","template":"","meta":[],"product_brand":[1359],"product_cat":[1307,1312,1314],"product_tag":[],"class_list":{"0":"post-49780","1":"product","2":"type-product","3":"status-publish","4":"has-post-thumbnail","6":"product_brand-louis-vuitton","7":"product_cat-parfumler","8":"product_cat-prive","9":"product_cat-unisex-parfumler","11":"first","12":"instock","13":"taxable","14":"shipping-taxable","15":"purchasable","16":"product-type-simple"},"_links":{"self":[{"href":"https:\/\/perfumefile.com\/tr\/wp-json\/wp\/v2\/product\/49780","targetHints":{"allow":["GET"]}}],"collection":[{"href":"https:\/\/perfumefile.com\/tr\/wp-json\/wp\/v2\/product"}],"about":[{"href":"https:\/\/perfumefile.com\/tr\/wp-json\/wp\/v2\/types\/product"}],"replies":[{"embeddable":true,"href":"https:\/\/perfumefile.com\/tr\/wp-json\/wp\/v2\/comments?post=49780"}],"version-history":[{"count":2,"href":"https:\/\/perfumefile.com\/tr\/wp-json\/wp\/v2\/product\/49780\/revisions"}],"predecessor-version":[{"id":49782,"href":"https:\/\/perfumefile.com\/tr\/wp-json\/wp\/v2\/product\/49780\/revisions\/49782"}],"wp:featuredmedia":[{"embeddable":true,"href":"https:\/\/perfumefile.com\/tr\/wp-json\/wp\/v2\/media\/49013"}],"wp:attachment":[{"href":"https:\/\/perfumefile.com\/tr\/wp-json\/wp\/v2\/media?parent=49780"}],"wp:term":[{"taxonomy":"product_brand","embeddable":true,"href":"https:\/\/perfumefile.com\/tr\/wp-json\/wp\/v2\/product_brand?post=49780"},{"taxonomy":"product_cat","embeddable":true,"href":"https:\/\/perfumefile.com\/tr\/wp-json\/wp\/v2\/product_cat?post=49780"},{"taxonomy":"product_tag","embeddable":true,"href":"https:\/\/perfumefile.com\/tr\/wp-json\/wp\/v2\/product_tag?post=49780"}],"curies":[{"name":"wp","href":"https:\/\/api.w.org\/{rel}","templated":true}]}}