{"id":49783,"date":"2024-07-30T08:34:40","date_gmt":"2024-07-30T08:34:40","guid":{"rendered":"https:\/\/tr.perfumefile.com\/?post_type=product&#038;p=49783"},"modified":"2026-02-05T13:03:48","modified_gmt":"2026-02-05T13:03:48","slug":"grand-soir-concert-eau-de-parfum-55-ml","status":"publish","type":"product","link":"https:\/\/perfumefile.com\/tr\/urun\/grand-soir-concert-eau-de-parfum-55-ml\/","title":{"rendered":"Grand Soir Concert Eau de Parf\u00fcm 55 ML"},"content":{"rendered":"<p data-start=\"0\" data-end=\"420\"><strong data-start=\"0\" data-end=\"30\">Grand Soir Concert Perfume<\/strong>, zarafeti, s\u0131cakl\u0131\u011f\u0131 ve zamans\u0131z sofistikasyonu takdir eden bireyler i\u00e7in yarat\u0131lm\u0131\u015f rafine ve sarmalay\u0131c\u0131 bir parf\u00fcmd\u00fcr. Perfume File taraf\u0131ndan k\u00fcrat\u00f6rl\u00fc\u011f\u00fc yap\u0131lan se\u00e7kin Prive Collection serisinin bir par\u00e7as\u0131 olan bu Eau de Perfume, g\u00f6rkemli bir ak\u015fam performans\u0131n\u0131n atmosferini kokuya d\u00f6n\u00fc\u015ft\u00fcr\u00fcr. Sakin bir duru\u015fu, derinli\u011fi ve zarif bir varl\u0131\u011f\u0131 yans\u0131tarak; sessiz bir \u00f6zg\u00fcven ve kal\u0131c\u0131 bir etki gerektiren anlar i\u00e7in tasarlanm\u0131\u015ft\u0131r.<\/p>\n<p data-start=\"422\" data-end=\"910\">Koku, dikkatleri an\u0131nda \u00fczerine \u00e7eken zengin ve etkileyici bir s\u0131cakl\u0131kla a\u00e7\u0131l\u0131r. Amber, derin ve l\u00fcks hissedilen p\u00fcr\u00fczs\u00fcz, alt\u0131n tonlar\u0131nda bir parlakl\u0131k sunarken; \u0130spanyol labdanumu hafif derimsi alt tonlara sahip re\u00e7inemsi bir zenginlik ekler. Bu a\u00e7\u0131l\u0131\u015f zarif ve kendinden emindir; iyi kurgulanm\u0131\u015f bir senfoni gibi ilerleyen bir kompozisyonun zeminini haz\u0131rlar.<\/p>\n<p data-start=\"912\" data-end=\"1420\">Koku geli\u015ftik\u00e7e kalp notalar\u0131nda duyusal ve rahatlat\u0131c\u0131 bir merkez ortaya \u00e7\u0131kar. Siyam benzoini, balsamik s\u0131cakl\u0131\u011fa sahip yumu\u015fak re\u00e7inemsi bir tatl\u0131l\u0131k sunarak derinli\u011fi ve duygusal zenginli\u011fi art\u0131r\u0131r. Vanilya, gourmandla\u015fmadan rafine kalan kremams\u0131 bir yumu\u015fakl\u0131k ve nazik bir tatl\u0131l\u0131k ekler. Bu notalar birlikte s\u0131cak, samimi ve kar\u015f\u0131 konulmaz derecede zarif bir kalp olu\u015fturur.<\/p>\n<p data-start=\"1422\" data-end=\"1960\">Grand Soir Concert Perfume\u2019\u00fcn dip notalar\u0131, kompozisyonu sakin bir rafinelik ve kal\u0131c\u0131 bir uyumla tamamlar. Tonka fasulyesi, bademimsi yumu\u015fak bir s\u0131cakl\u0131kla hafif bir tatl\u0131l\u0131k sunarak dip yap\u0131y\u0131 zenginle\u015ftirir. Lavanta ise aromatik bir berrakl\u0131k ve dinginlik katarak s\u0131cakl\u0131\u011f\u0131 ferahl\u0131k ve zarafetle dengeler. Bu temel, tende zarif ve dengeli bir iz b\u0131rakarak uzun s\u00fcre varl\u0131\u011f\u0131n\u0131 korur.<\/p>\n<h3 data-start=\"1967\" data-end=\"2050\">Grand Soir Concert Perfume \u2013 Zarafet, S\u0131cakl\u0131k &amp; Zamans\u0131z Uyum<\/h3>\n<p data-start=\"2052\" data-end=\"2360\">G\u00f6rkemli anlar ve sanatsal ifadeden ilham alan bu koku, tende yava\u015f ve zarif bir \u015fekilde a\u00e7\u0131l\u0131r. Grand Soir Concert Perfume; s\u0131cak re\u00e7inelerden kremams\u0131 tatl\u0131l\u0131\u011fa, ard\u0131ndan sakin ve aromatik bir dip yap\u0131ya evrilerek p\u00fcr\u00fczs\u00fcz ve uyumlu bir koku yolculu\u011fu sunar.<\/p>\n<p data-start=\"2362\" data-end=\"2500\">Genel kompozisyon zengin, zarif ve duygusal olarak etkileyicidir; denge ve rafinelikle tan\u0131mlanan g\u00fc\u00e7l\u00fc bir imza niteli\u011fi ta\u015f\u0131r.<\/p>\n<h3 data-start=\"2507\" data-end=\"2558\">Unisex Kimlik &amp; Rafine Duru\u015f<\/h3>\n<p data-start=\"2560\" data-end=\"2830\">Grand Soir Concert Perfume, \u00f6zg\u00fcveni sakin bir sofistikasyonla ifade eden bireyler i\u00e7in tasarlanm\u0131\u015ft\u0131r. Baz\u0131 ciltlerde amber ve labdanum re\u00e7inemsi s\u0131cakl\u0131\u011f\u0131yla \u00f6ne \u00e7\u0131karken; baz\u0131lar\u0131nda vanilya, tonka fasulyesi ve lavanta daha yumu\u015fak bir tatl\u0131l\u0131k ve aromatik netlik sunar.<\/p>\n<p data-start=\"2832\" data-end=\"3010\">\u00d6zellikle ak\u015fam kullan\u0131m\u0131, resmi davetler ve zarafet, dinginlik ve g\u00fc\u00e7l\u00fc bir duru\u015fun \u00f6nemli oldu\u011fu \u00f6zel anlar i\u00e7in idealdir.<\/p>\n<h3 data-start=\"3017\" data-end=\"3075\">Neden Grand Soir Concert Perfume<\/h3>\n<p data-start=\"3077\" data-end=\"3320\">Bu koku; l\u00fcks, rahatlat\u0131c\u0131 ve zamans\u0131z hissettiren amber-re\u00e7inemsi bir imza arayanlar i\u00e7in tasarlanm\u0131\u015ft\u0131r. G\u00fc\u00e7l\u00fc kal\u0131c\u0131l\u0131\u011f\u0131 ve p\u00fcr\u00fczs\u00fcz yay\u0131l\u0131m\u0131 sayesinde \u00e7evreyi bask\u0131lamadan kal\u0131c\u0131 bir etki b\u0131rak\u0131r.<\/p>\n<p data-start=\"3322\" data-end=\"3490\">Grand Soir Concert Perfume, \u00f6zellikle serin mevsimlerde ve ak\u015fam saatlerinde m\u00fckemmel performans g\u00f6sterir; s\u0131cakl\u0131\u011f\u0131 ve derinli\u011fi bu ko\u015fullarda tam anlam\u0131yla a\u00e7\u0131\u011fa \u00e7\u0131kar.<\/p>\n<h3 data-start=\"3497\" data-end=\"3525\">Kullan\u0131m &amp; Stil<\/h3>\n<p data-start=\"3527\" data-end=\"3790\">Grand Soir Concert Perfume; \u015f\u0131k k\u0131yafetler, resmi giyim ve rafine ki\u015fisel stille do\u011fal bir uyum yakalar. S\u0131cakl\u0131k ve dinginlikle duru\u015fu g\u00fc\u00e7lendirir; konserler, resmi yemekler ve unutulmaz geceler i\u00e7in uygundur.<\/p>\n<p data-start=\"3792\" data-end=\"3970\">En iyi performans i\u00e7in boyun, kulak arkas\u0131 ve bilekler gibi nab\u0131z noktalar\u0131na uygulayarak kokunun do\u011fal \u015fekilde geli\u015fmesine ve t\u00fcm uyumlu derinli\u011fini ortaya koymas\u0131na izin verin.<\/p>\n<h3 data-start=\"3977\" data-end=\"4020\">Zarif Yank\u0131n\u0131n \u0130mzas\u0131<\/h3>\n<p data-start=\"4022\" data-end=\"4300\">Grand Soir Concert Perfume, bir kokudan daha fazlas\u0131d\u0131r; uyumun, zarafetin ve zamans\u0131z cazibenin ifadesidir. S\u0131cak re\u00e7ineleri, kremams\u0131 tatl\u0131l\u0131\u011f\u0131 ve aromatik sakinli\u011fi uyumlu ve unutulmaz bir imzada birle\u015ftirir.<\/p>\n<p data-start=\"4302\" data-end=\"4520\">Geride b\u0131rakt\u0131\u011f\u0131 iz s\u0131cak, p\u00fcr\u00fczs\u00fcz ve dengelidir; sofistikasyon, dinginlik ve rafine bir g\u00f6rkem hissi b\u0131rak\u0131r.<\/p>\n<p><a href=\"https:\/\/en.wikipedia.org\/wiki\/Amber_(perfumery)\" target=\"_blank\" rel=\"noopener\">Parf\u00fcmeride amberin<\/a> g\u00fczelli\u011finden ve <a href=\"https:\/\/en.wikipedia.org\/wiki\/Perfumery\" target=\"_blank\" rel=\"noopener\">y\u00fcksek parf\u00fcmeri ustal\u0131\u011f\u0131ndan<\/a> ilham al\u0131nm\u0131\u015ft\u0131r.<br \/>\n<a href=\"https:\/\/perfumefile.com\/\" rel=\"follow\">Eau de Perfume koleksiyonumuzdaki<\/a> di\u011fer rafine kreasyonlar\u0131 ke\u015ffedin.<\/p>\n","protected":false},"excerpt":{"rendered":"<p data-start=\"5372\" data-end=\"5531\">Grand Soir Concert Perfume, amber re\u00e7ineleri, kremams\u0131 vanilya ve aromatik lavantay\u0131 bir araya getiren, zamans\u0131z sofistikasyon sunan s\u0131cak ve zarif bir unisex parf\u00fcmd\u00fcr.<\/p>\n","protected":false},"featured_media":48538,"comment_status":"open","ping_status":"closed","template":"","meta":[],"product_brand":[1399],"product_cat":[1307,1312,1314],"product_tag":[],"class_list":{"0":"post-49783","1":"product","2":"type-product","3":"status-publish","4":"has-post-thumbnail","6":"product_brand-maison-francis-kurkdjian","7":"product_cat-parfumler","8":"product_cat-prive","9":"product_cat-unisex-parfumler","11":"first","12":"instock","13":"taxable","14":"shipping-taxable","15":"purchasable","16":"product-type-simple"},"_links":{"self":[{"href":"https:\/\/perfumefile.com\/tr\/wp-json\/wp\/v2\/product\/49783","targetHints":{"allow":["GET"]}}],"collection":[{"href":"https:\/\/perfumefile.com\/tr\/wp-json\/wp\/v2\/product"}],"about":[{"href":"https:\/\/perfumefile.com\/tr\/wp-json\/wp\/v2\/types\/product"}],"replies":[{"embeddable":true,"href":"https:\/\/perfumefile.com\/tr\/wp-json\/wp\/v2\/comments?post=49783"}],"version-history":[{"count":2,"href":"https:\/\/perfumefile.com\/tr\/wp-json\/wp\/v2\/product\/49783\/revisions"}],"predecessor-version":[{"id":49785,"href":"https:\/\/perfumefile.com\/tr\/wp-json\/wp\/v2\/product\/49783\/revisions\/49785"}],"wp:featuredmedia":[{"embeddable":true,"href":"https:\/\/perfumefile.com\/tr\/wp-json\/wp\/v2\/media\/48538"}],"wp:attachment":[{"href":"https:\/\/perfumefile.com\/tr\/wp-json\/wp\/v2\/media?parent=49783"}],"wp:term":[{"taxonomy":"product_brand","embeddable":true,"href":"https:\/\/perfumefile.com\/tr\/wp-json\/wp\/v2\/product_brand?post=49783"},{"taxonomy":"product_cat","embeddable":true,"href":"https:\/\/perfumefile.com\/tr\/wp-json\/wp\/v2\/product_cat?post=49783"},{"taxonomy":"product_tag","embeddable":true,"href":"https:\/\/perfumefile.com\/tr\/wp-json\/wp\/v2\/product_tag?post=49783"}],"curies":[{"name":"wp","href":"https:\/\/api.w.org\/{rel}","templated":true}]}}