{"id":49786,"date":"2024-07-30T08:34:40","date_gmt":"2024-07-30T08:34:40","guid":{"rendered":"https:\/\/tr.perfumefile.com\/?post_type=product&#038;p=49786"},"modified":"2026-02-05T13:03:47","modified_gmt":"2026-02-05T13:03:47","slug":"dubai-jade-from-bond-9-luxury-scent-eau-de-parfum-55-ml","status":"publish","type":"product","link":"https:\/\/perfumefile.com\/tr\/urun\/dubai-jade-from-bond-9-luxury-scent-eau-de-parfum-55-ml\/","title":{"rendered":"Dubai Jade From Bond 9 &#8211; Luxury Scent Eau de Parf\u00fcm 55 ML"},"content":{"rendered":"<p data-start=\"0\" data-end=\"420\"><strong data-start=\"0\" data-end=\"32\">Dubai Jade Luxury Scent Perfume<\/strong>, sofistikasyon, derinlik ve modern zarafeti takdir eden ki\u015filer i\u00e7in tasarlanm\u0131\u015f rafine ve etkileyici bir kokudur. Perfume File taraf\u0131ndan k\u00fcrat\u00f6rl\u00fc\u011f\u00fc yap\u0131lan \u00f6zel Prive Collection\u2019\u0131n bir par\u00e7as\u0131 olan bu Eau de Parfum, aromatik ferahl\u0131k, zarif \u00e7i\u00e7ekler ve derin duyusal s\u0131cakl\u0131\u011f\u0131n zengin bir birle\u015fimiyle l\u00fcks\u00fc yans\u0131t\u0131r. Gizeme, zarafete ve kal\u0131c\u0131 bir etkiye \u00e7ekilen \u00f6zg\u00fcvenli bir karakteri temsil eder.<\/p>\n<p data-start=\"422\" data-end=\"910\">Koku, duyular\u0131 an\u0131nda harekete ge\u00e7iren etkileyici ve canl\u0131 bir a\u00e7\u0131l\u0131\u015fla ba\u015flar. Menek\u015fe yapra\u011f\u0131 modern ve zarif hissedilen ye\u015fil, hafif pudrams\u0131 bir ferahl\u0131k sunarken; ahududu yumu\u015fak ve davetk\u00e2r meyvemsi bir tatl\u0131l\u0131k katar. Kimyon ise s\u0131cak ve baharatl\u0131 bir n\u00fcansla derinlik ve gizem hissini art\u0131r\u0131r. Bu a\u00e7\u0131l\u0131\u015f gizemli, cesur ve kendinden emin bir zarafet sunar.<\/p>\n<p data-start=\"912\" data-end=\"1420\">Koku geli\u015ftik\u00e7e kalpte zengin ve uyumlu bir \u00e7i\u00e7ek kompozisyonu ortaya \u00e7\u0131kar. G\u00fcl, klasik \u00e7i\u00e7ek zarafeti ve duygusal s\u0131cakl\u0131k sunarken; zambak yumu\u015fak ve ayd\u0131nl\u0131k bir safl\u0131k katar. Yasemin, rafine bir duyusall\u0131k ve derinlik ekleyerek \u00e7i\u00e7ek zenginli\u011fini g\u00fc\u00e7lendirir. Sedir a\u011fac\u0131 ise bu notalar aras\u0131nda nazik bir odunsu yap\u0131 olu\u015fturarak denge ve sofistikasyon sa\u011flar.<\/p>\n<p data-start=\"1422\" data-end=\"1960\">Dubai Jade Luxury Scent Perfume\u2019\u00fcn taban\u0131, s\u0131cakl\u0131k, duyusall\u0131k ve kal\u0131c\u0131 yo\u011funlukla kompozisyonu tamamlar. Amber alt\u0131n tonlar\u0131nda zengin bir s\u0131cakl\u0131k sunarken, ambrette hafif tatl\u0131ms\u0131 ve yumu\u015fak miskimsi bir n\u00fcans katar. Misk, tene yak\u0131n bir yumu\u015fakl\u0131k ve derinlik kazand\u0131r\u0131r; agarwood (oud) koyu ve zengin odunsu bir karakter sunar; hu\u015f a\u011fac\u0131 ise dumanl\u0131 ve derimsi bir dokunu\u015f ekler. Bu notalar birlikte \u00f6zg\u00fcven ve \u00e7ekicilikle kal\u0131c\u0131, l\u00fcks bir iz b\u0131rak\u0131r.<\/p>\n<h3 data-start=\"1967\" data-end=\"2050\">Dubai Jade Luxury Scent Perfume \u2013 \u0130hti\u015fam, Gizem &amp; Modern Zarafet<\/h3>\n<p data-start=\"2052\" data-end=\"2360\">Rafine l\u00fcks ve \u00e7a\u011fda\u015f sofistikasyondan ilham alan bu koku, aromatik ferahl\u0131ktan zarif \u00e7i\u00e7eklere ve ard\u0131ndan zengin, duyusal bir tabana do\u011fru ak\u0131c\u0131 bir \u015fekilde geli\u015fir. Dubai Jade Luxury Scent Perfume, dengeli ve net bir yap\u0131 sunarak katmanl\u0131 ve etkileyici bir koku yolculu\u011fu ya\u015fat\u0131r.<\/p>\n<p data-start=\"2362\" data-end=\"2500\">Genel kompozisyon l\u00fcks, gizemli ve \u00e7ok y\u00f6nl\u00fc bir karakter ta\u015f\u0131r; iddial\u0131 olmas\u0131na ra\u011fmen zarif ve rahat\u00e7a kullan\u0131labilir bir imza sunar.<\/p>\n<h3 data-start=\"2507\" data-end=\"2558\">Unisex Kimlik &amp; Rafine Duru\u015f<\/h3>\n<p data-start=\"2560\" data-end=\"2830\">Dubai Jade Luxury Scent Perfume, zarafet ve bireysellik yoluyla \u00f6zg\u00fcvenini ifade eden ki\u015filer i\u00e7in tasarlanm\u0131\u015ft\u0131r. Baz\u0131 ciltlerde menek\u015fe yapra\u011f\u0131 ve ahududu ferahl\u0131kla \u00f6ne \u00e7\u0131karken, baz\u0131 ciltlerde amber, oud ve misk daha derin bir s\u0131cakl\u0131k ve yo\u011funlukla hissedilir.<\/p>\n<p data-start=\"2832\" data-end=\"3010\">\u00d6zellikle ak\u015fam kullan\u0131m\u0131, \u00f6zel davetler ve sofistikasyon, gizem ve g\u00fc\u00e7l\u00fc bir duru\u015f gerektiren anlar i\u00e7in idealdir.<\/p>\n<h3 data-start=\"3017\" data-end=\"3075\">Neden Dubai Jade Luxury Scent Perfume<\/h3>\n<p data-start=\"3077\" data-end=\"3320\">Bu koku, l\u00fcks, etkileyici ve uzun \u00f6m\u00fcrl\u00fc bir \u00e7i\u00e7eksi-odunsu-misk imzas\u0131 arayanlar i\u00e7in tasarlanm\u0131\u015ft\u0131r. G\u00fc\u00e7l\u00fc kal\u0131c\u0131l\u0131\u011f\u0131 ve rafine yay\u0131l\u0131m\u0131 sayesinde \u00e7evreyi bo\u011fmadan ak\u0131lda kal\u0131c\u0131 bir etki b\u0131rak\u0131r.<\/p>\n<p data-start=\"3322\" data-end=\"3490\">Dubai Jade Luxury Scent Perfume, \u00f6zellikle serin mevsimlerde ve gece kullan\u0131m\u0131nda derinli\u011fini ve zenginli\u011fini en iyi \u015fekilde ortaya koyar.<\/p>\n<h3 data-start=\"3497\" data-end=\"3525\">Kullan\u0131m &amp; Stil<\/h3>\n<p data-start=\"3527\" data-end=\"3790\">Dubai Jade Luxury Scent Perfume, \u015f\u0131k k\u0131yafetler, iddial\u0131 aksesuarlar ve \u00f6zg\u00fcvenli bir stil ile do\u011fal bir uyum sa\u011flar. Resmi davetler, ak\u015fam etkinlikleri ve se\u00e7kin organizasyonlar i\u00e7in sofistike ve duyusal bir etki sunar.<\/p>\n<p data-start=\"3792\" data-end=\"3970\">En iyi performans i\u00e7in boyun, kulak arkas\u0131 ve bilek gibi nab\u0131z noktalar\u0131na uygulanmas\u0131, kokunun do\u011fal \u015fekilde geli\u015fmesini ve t\u00fcm derinli\u011fini ortaya \u00e7\u0131karmas\u0131n\u0131 sa\u011flar.<\/p>\n<h3 data-start=\"3977\" data-end=\"4020\">L\u00fcks \u00c7ekicili\u011fin \u0130mzas\u0131<\/h3>\n<p data-start=\"4022\" data-end=\"4300\">Dubai Jade Luxury Scent Perfume bir kokudan daha fazlas\u0131d\u0131r; ihti\u015fam\u0131n, gizemin ve modern sofistikasyonun bir ifadesidir. Aromatik ferahl\u0131\u011f\u0131, zarif \u00e7i\u00e7ekleri, dumanl\u0131 odunlar\u0131 ve misk s\u0131cakl\u0131\u011f\u0131n\u0131 tek ve unutulmaz bir imzaya d\u00f6n\u00fc\u015ft\u00fcr\u00fcr.<\/p>\n<p data-start=\"4302\" data-end=\"4520\">Kal\u0131c\u0131l\u0131\u011f\u0131 y\u00fcksek olan izi s\u0131cak, duyusal ve b\u00fcy\u00fcleyicidir; geride l\u00fcks, \u00f6zg\u00fcven ve zamans\u0131z bir \u00e7ekicilik b\u0131rak\u0131r.<\/p>\n<p>Inspired by the richness of <a href=\"https:\/\/en.wikipedia.org\/wiki\/Oud\" target=\"_blank\" rel=\"noopener\">oud in perfumery<\/a> and the craftsmanship of <a href=\"https:\/\/en.wikipedia.org\/wiki\/Perfumery\" target=\"_blank\" rel=\"noopener\">fine perfumery<\/a>.<br \/>\nExplore more refined creations in our <a href=\"https:\/\/perfumefile.com\/\" rel=\"follow\">Eau de Perfume collection<\/a>.<\/p>\n","protected":false},"excerpt":{"rendered":"<p>Dubai Jade Luxury Scent Perfume, aromatik ferahl\u0131k, zarif \u00e7i\u00e7ekler ve derin oud-misk s\u0131cakl\u0131\u011f\u0131n\u0131 bir araya getiren, l\u00fcks ve modern \u00e7ekicilik sunan sofistike bir unisex parf\u00fcmd\u00fcr.<\/p>\n","protected":false},"featured_media":48606,"comment_status":"open","ping_status":"closed","template":"","meta":[],"product_brand":[1383],"product_cat":[1307,1312,1314],"product_tag":[],"class_list":{"0":"post-49786","1":"product","2":"type-product","3":"status-publish","4":"has-post-thumbnail","6":"product_brand-bond9","7":"product_cat-parfumler","8":"product_cat-prive","9":"product_cat-unisex-parfumler","11":"first","12":"instock","13":"taxable","14":"shipping-taxable","15":"purchasable","16":"product-type-simple"},"_links":{"self":[{"href":"https:\/\/perfumefile.com\/tr\/wp-json\/wp\/v2\/product\/49786","targetHints":{"allow":["GET"]}}],"collection":[{"href":"https:\/\/perfumefile.com\/tr\/wp-json\/wp\/v2\/product"}],"about":[{"href":"https:\/\/perfumefile.com\/tr\/wp-json\/wp\/v2\/types\/product"}],"replies":[{"embeddable":true,"href":"https:\/\/perfumefile.com\/tr\/wp-json\/wp\/v2\/comments?post=49786"}],"version-history":[{"count":2,"href":"https:\/\/perfumefile.com\/tr\/wp-json\/wp\/v2\/product\/49786\/revisions"}],"predecessor-version":[{"id":49788,"href":"https:\/\/perfumefile.com\/tr\/wp-json\/wp\/v2\/product\/49786\/revisions\/49788"}],"wp:featuredmedia":[{"embeddable":true,"href":"https:\/\/perfumefile.com\/tr\/wp-json\/wp\/v2\/media\/48606"}],"wp:attachment":[{"href":"https:\/\/perfumefile.com\/tr\/wp-json\/wp\/v2\/media?parent=49786"}],"wp:term":[{"taxonomy":"product_brand","embeddable":true,"href":"https:\/\/perfumefile.com\/tr\/wp-json\/wp\/v2\/product_brand?post=49786"},{"taxonomy":"product_cat","embeddable":true,"href":"https:\/\/perfumefile.com\/tr\/wp-json\/wp\/v2\/product_cat?post=49786"},{"taxonomy":"product_tag","embeddable":true,"href":"https:\/\/perfumefile.com\/tr\/wp-json\/wp\/v2\/product_tag?post=49786"}],"curies":[{"name":"wp","href":"https:\/\/api.w.org\/{rel}","templated":true}]}}