{"id":49805,"date":"2024-07-30T08:35:00","date_gmt":"2024-07-30T08:35:00","guid":{"rendered":"https:\/\/tr.perfumefile.com\/?post_type=product&#038;p=49805"},"modified":"2026-02-05T13:03:09","modified_gmt":"2026-02-05T13:03:09","slug":"ultra-male-infinity-eau-de-parfum-55-ml","status":"publish","type":"product","link":"https:\/\/perfumefile.com\/tr\/urun\/ultra-male-infinity-eau-de-parfum-55-ml\/","title":{"rendered":"Ultra Male Infinity Eau de Parf\u00fcm 55 ML"},"content":{"rendered":"<p data-start=\"0\" data-end=\"420\"><strong data-start=\"0\" data-end=\"40\">Ultra Male Infinity Perfume<\/strong> zarafet, cazibe ve zamans\u0131z sofistikeli\u011fi takdir eden ki\u015filer i\u00e7in tasarlanm\u0131\u015f rafine bir unisex parf\u00fcmd\u00fcr. Perfume File\u2019\u0131n \u00f6zel Prime Koleksiyonu\u2019nun bir par\u00e7as\u0131 olan bu Eau de Parfum; meyvemsi canl\u0131l\u0131\u011f\u0131, baharatl\u0131 s\u0131cakl\u0131\u011f\u0131 ve odunsu duyusall\u0131\u011f\u0131 b\u00fcy\u00fcleyici bir koku yolculu\u011funa d\u00f6n\u00fc\u015ft\u00fcr\u00fcr. \u00d6zg\u00fcveni, inceli\u011fi ve kar\u015f\u0131 konulmaz bir varl\u0131\u011f\u0131 yans\u0131tarak, zarafet ve cazibenin gerekli oldu\u011fu anlar i\u00e7in tasarlanm\u0131\u015ft\u0131r.<\/p>\n<p data-start=\"422\" data-end=\"910\">Parf\u00fcm, armut, lavanta, nane, bergamot ve limondan olu\u015fan ferahlat\u0131c\u0131 bir kar\u0131\u015f\u0131mla a\u00e7\u0131l\u0131r. Armut kadifemsi bir dokunu\u015fla sulu tatl\u0131l\u0131k sunar, lavanta aromatik bir sakinlik ekler, nane serinletici canl\u0131l\u0131k katar, bergamot \u0131\u015f\u0131lt\u0131l\u0131 narenciye berrakl\u0131\u011f\u0131 sa\u011flar, limon ise keskin parlakl\u0131k ekler. Bu a\u00e7\u0131l\u0131\u015f canl\u0131, ne\u015feli ve enerji verici hissedilir; tazelik ve canl\u0131l\u0131k uyand\u0131r\u0131r. \u00dcst notalar duyular\u0131 canland\u0131rmak i\u00e7in tasarlanm\u0131\u015ft\u0131r, bu da parf\u00fcm\u00fc g\u00fcnd\u00fcz kullan\u0131m\u0131, kutlamalar ve sofistikenin gerekli oldu\u011fu anlar i\u00e7in ideal k\u0131lar.<\/p>\n<p data-start=\"912\" data-end=\"1420\">Koku ilerledik\u00e7e kalpte s\u0131cak ve baharatl\u0131 bir sofistike yap\u0131 ortaya \u00e7\u0131kar. Tar\u00e7\u0131n hafif tatl\u0131 bir n\u00fcansla gurme s\u0131cakl\u0131k sunar, ada\u00e7ay\u0131 aromatik parlakl\u0131kla bitkisel derinlik ekler, kimyon ise topraks\u0131 alt tonlarla baharatl\u0131 bir karma\u015f\u0131kl\u0131k katar. Birlikte, meyvemsi a\u00e7\u0131l\u0131\u015fa l\u00fcks bir kontrast sa\u011flayan ve odunsu-miskli temele haz\u0131rl\u0131k yapan rafine bir kalp olu\u015ftururlar. Bu orta b\u00f6l\u00fcm hem resmi davetlerde hem de samimi ortamlarda uyumlu bir \u015fekilde kendini g\u00f6sterir.<\/p>\n<p data-start=\"1422\" data-end=\"1960\">Ultra Male Infinity\u2019nin temeli, topraks\u0131 s\u0131cakl\u0131k ve duyusal incelikle kompozisyonu tamamlar. Siyah vanilya kabu\u011fu gurme bir cazibeyle kremams\u0131 tatl\u0131l\u0131k sunar, amber re\u00e7ineli s\u0131cakl\u0131kla alt\u0131n zenginlik ekler, pa\u00e7uli topraks\u0131 karakterle re\u00e7ineli derinlik katar, sedir ise p\u00fcr\u00fczs\u00fcz odunsu zenginlik sa\u011flar. Bu temel, zarif ve unutulmaz bir iz b\u0131rak\u0131r. Odunsu-gurme yap\u0131, parf\u00fcm\u00fcn saatlerce kal\u0131c\u0131l\u0131\u011f\u0131n\u0131 garanti ederken denge ve zarafeti korur.<\/p>\n<h3 data-start=\"1967\" data-end=\"2050\">Ultra Male Infinity Perfume \u2013 Meyvemsi Canl\u0131l\u0131k, Baharatl\u0131 S\u0131cakl\u0131k &amp; Odunsu \u0130hti\u015fam<\/h3>\n<p data-start=\"2052\" data-end=\"2360\">Canl\u0131l\u0131k ve rafine cazibeden ilham alan bu parf\u00fcm; meyvemsi canl\u0131l\u0131ktan baharatl\u0131 sofistikeye ve sonras\u0131nda odunsu duyusall\u0131\u011fa ge\u00e7i\u015f yapar. Ultra Male Infinity zarif bir \u015fekilde geli\u015ferek hem modern hem de zamans\u0131z bir koku yolculu\u011fu sunar. Katmanl\u0131 yap\u0131s\u0131 sayesinde her a\u015fama farkl\u0131 bir hik\u00e2ye anlat\u0131r, kullan\u0131c\u0131y\u0131 b\u00fcy\u00fcler ve \u00e7evresindekileri etkiler.<\/p>\n<p data-start=\"2362\" data-end=\"2500\">Genel kompozisyon zengin, zarif ve duygusal olarak etkileyici hissedilir; denge ve cazibe ile tan\u0131mlanan bir imza kokudur. Sadece bir parf\u00fcm de\u011fil, bireyselli\u011fi ve zarafeti yans\u0131tan duyusal bir deneyimdir.<\/p>\n<h3 data-start=\"2507\" data-end=\"2558\">Unisex Kimlik &amp; Rafine Varl\u0131k<\/h3>\n<p data-start=\"2560\" data-end=\"2830\">Ultra Male Infinity Parf\u00fcm, zarafet ve canl\u0131l\u0131k yoluyla \u00f6zg\u00fcvenini ifade eden ki\u015filer i\u00e7in tasarlanm\u0131\u015ft\u0131r. Baz\u0131 cilt tiplerinde armut ve bergamot meyvemsi canl\u0131l\u0131kla \u00f6ne \u00e7\u0131karken; baz\u0131lar\u0131nda tar\u00e7\u0131n, vanilya ve sedir daha derin bir sofistike etki yarat\u0131r. Bu de\u011fi\u015fkenlik, parf\u00fcm\u00fc ger\u00e7ekten unisex k\u0131lar ve her kullan\u0131c\u0131n\u0131n kimyas\u0131 ile ki\u015fili\u011fine \u00f6zg\u00fcn bir \u015fekilde uyum sa\u011flamas\u0131n\u0131 m\u00fcmk\u00fcn k\u0131lar.<\/p>\n<p data-start=\"2832\" data-end=\"3010\">\u00d6zellikle ak\u015fam kullan\u0131m\u0131, kutlamalar ve cazibe ile varl\u0131\u011f\u0131n gerekli oldu\u011fu \u00f6zel anlar i\u00e7in uygundur. Uyumlulu\u011fu sayesinde profesyonel ortamlarda oldu\u011fu kadar samimi ortamlarda da ayn\u0131 derecede uygun hissedilir.<\/p>\n<h3 data-start=\"3017\" data-end=\"3075\">Neden Ultra Male Infinity Parf\u00fcm?<\/h3>\n<p data-start=\"3077\" data-end=\"3320\">Bu parf\u00fcm; l\u00fcks, cesur ve zamans\u0131z hissettiren meyvemsi-baharatl\u0131-odunsu bir imza arayanlar i\u00e7in tasarlanm\u0131\u015ft\u0131r. G\u00fc\u00e7l\u00fc kal\u0131c\u0131l\u0131k ve \u00e7evreyi bozmadan unutulmaz bir iz b\u0131rakan yumu\u015fak bir yay\u0131l\u0131m sunar. Parlakl\u0131k ile duyusall\u0131k aras\u0131ndaki denge, g\u00fcn boyunca kullan\u0131c\u0131yla birlikte geli\u015fen \u00e7ok y\u00f6nl\u00fc bir tercih haline getirir.<\/p>\n<p data-start=\"3322\" data-end=\"3490\">Ultra Male Infinity, serin mevsimlerde ve ak\u015fam kullan\u0131m\u0131nda m\u00fckemmel performans g\u00f6sterir; s\u0131cakl\u0131k ve odunsu derinlik tam anlam\u0131yla ortaya \u00e7\u0131kar. K\u0131\u015f\u0131n baharatl\u0131 notalar\u0131 rahatlat\u0131c\u0131 bir yo\u011funlukla parlar, sonbaharda ise gurme taban sofistike bir denge sa\u011flar.<\/p>\n<h3 data-start=\"3497\" data-end=\"3525\">Kullan\u0131labilirlik &amp; Stil<\/h3>\n<p data-start=\"3527\" data-end=\"3790\">Ultra Male Infinity Parf\u00fcm, zarif k\u0131yafetler, rafine ki\u015fisel stil ve \u00f6zg\u00fcvenli duru\u015fla do\u011fal bir uyum sa\u011flar. Meyvemsi canl\u0131l\u0131k ve odunsu duyusall\u0131\u011f\u0131yla cazibeyi art\u0131r\u0131r; galalar, konserler ve unutulmaz geceler i\u00e7in uygundur. Resmi k\u0131yafetler veya \u015f\u0131k gece kombinleriyle birlikte kullan\u0131ld\u0131\u011f\u0131nda, kullan\u0131c\u0131n\u0131n genel izlenimini y\u00fckseltir.<\/p>\n<p data-start=\"3792\" data-end=\"3970\">En iyi performans i\u00e7in boyun, kulak arkas\u0131 ve bilek gibi nab\u0131z noktalar\u0131na uygulanmal\u0131d\u0131r. G\u00fc\u00e7l\u00fc kal\u0131c\u0131l\u0131\u011f\u0131 sayesinde yeniden uygulama nadiren gerekir; ancak uzun s\u00fcreli kullan\u0131mda hafif bir tazeleme parlakl\u0131\u011f\u0131 art\u0131rabilir.<\/p>\n<h3 data-start=\"3977\" data-end=\"4020\">Zamans\u0131z Zarafetin \u0130mzas\u0131<\/h3>\n<p data-start=\"4022\" data-end=\"4300\">Ultra Male Infinity Parf\u00fcm, bir kokudan \u00f6te; canl\u0131l\u0131k, zarafet ve rafine sofistike bir ifadedir. Meyvemsi canl\u0131l\u0131\u011f\u0131, baharatl\u0131 zenginli\u011fi ve odunsu s\u0131cakl\u0131\u011f\u0131 b\u00fct\u00fcnle\u015fmi\u015f ve unutulmaz bir imzaya d\u00f6n\u00fc\u015ft\u00fcr\u00fcr. Her a\u015famas\u0131 \u00f6zenle tasarlanm\u0131\u015f olup, kullan\u0131c\u0131ya ba\u015ftan sona eksiksiz bir yolculuk sunar.<\/p>\n<p data-start=\"4302\" data-end=\"4520\">Kal\u0131c\u0131 izi s\u0131cak, yumu\u015fak ve \u00e7ekicidir; zamans\u0131z cazibe ve rafine bir zarafet b\u0131rak\u0131r. Kullan\u0131c\u0131ya e\u015flik etmekle kalmaz, ayn\u0131 zamanda onun varl\u0131\u011f\u0131n\u0131 tan\u0131mlar; zarafet ve bireyselli\u011fe de\u011fer verenler i\u00e7in ger\u00e7ek bir imza kokudur.<\/p>\n<p>\u0130lham\u0131n\u0131 <a href=\"https:\/\/en.wikipedia.org\/wiki\/Perfumery\" target=\"_blank\" rel=\"noopener\">ince parf\u00fcmeri sanat\u0131ndan<\/a> al\u0131r.<br \/>\nDaha fazla zarif kreasyonu <a href=\"https:\/\/perfumefile.com\/\" rel=\"follow\">Eau de Parfum koleksiyonumuzda<\/a> ke\u015ffedin.<\/p>\n","protected":false},"excerpt":{"rendered":"<p>Ultra Male Infinity Parf\u00fcm, armut, tar\u00e7\u0131n, vanilya, kehribar ve sedir a\u011fac\u0131n\u0131 harmanlayan cesur bir unisex kokudur.<\/p>\n","protected":false},"featured_media":49001,"comment_status":"open","ping_status":"closed","template":"","meta":[],"product_brand":[1354],"product_cat":[1309,1307,1308],"product_tag":[],"class_list":{"0":"post-49805","1":"product","2":"type-product","3":"status-publish","4":"has-post-thumbnail","6":"product_brand-joop","7":"product_cat-erkek-parfumleri","8":"product_cat-parfumler","9":"product_cat-prime","11":"first","12":"outofstock","13":"taxable","14":"shipping-taxable","15":"purchasable","16":"product-type-simple"},"_links":{"self":[{"href":"https:\/\/perfumefile.com\/tr\/wp-json\/wp\/v2\/product\/49805","targetHints":{"allow":["GET"]}}],"collection":[{"href":"https:\/\/perfumefile.com\/tr\/wp-json\/wp\/v2\/product"}],"about":[{"href":"https:\/\/perfumefile.com\/tr\/wp-json\/wp\/v2\/types\/product"}],"replies":[{"embeddable":true,"href":"https:\/\/perfumefile.com\/tr\/wp-json\/wp\/v2\/comments?post=49805"}],"version-history":[{"count":2,"href":"https:\/\/perfumefile.com\/tr\/wp-json\/wp\/v2\/product\/49805\/revisions"}],"predecessor-version":[{"id":49823,"href":"https:\/\/perfumefile.com\/tr\/wp-json\/wp\/v2\/product\/49805\/revisions\/49823"}],"wp:featuredmedia":[{"embeddable":true,"href":"https:\/\/perfumefile.com\/tr\/wp-json\/wp\/v2\/media\/49001"}],"wp:attachment":[{"href":"https:\/\/perfumefile.com\/tr\/wp-json\/wp\/v2\/media?parent=49805"}],"wp:term":[{"taxonomy":"product_brand","embeddable":true,"href":"https:\/\/perfumefile.com\/tr\/wp-json\/wp\/v2\/product_brand?post=49805"},{"taxonomy":"product_cat","embeddable":true,"href":"https:\/\/perfumefile.com\/tr\/wp-json\/wp\/v2\/product_cat?post=49805"},{"taxonomy":"product_tag","embeddable":true,"href":"https:\/\/perfumefile.com\/tr\/wp-json\/wp\/v2\/product_tag?post=49805"}],"curies":[{"name":"wp","href":"https:\/\/api.w.org\/{rel}","templated":true}]}}