{"id":49811,"date":"2024-07-30T08:34:59","date_gmt":"2024-07-30T08:34:59","guid":{"rendered":"https:\/\/tr.perfumefile.com\/?post_type=product&#038;p=49811"},"modified":"2026-02-05T13:03:33","modified_gmt":"2026-02-05T13:03:33","slug":"aventus-creed-artistic-eau-de-parfum-55-ml","status":"publish","type":"product","link":"https:\/\/perfumefile.com\/tr\/urun\/aventus-creed-artistic-eau-de-parfum-55-ml\/","title":{"rendered":"Aventus Creed Artistic Eau de Parf\u00fcm 55 ML"},"content":{"rendered":"<p data-start=\"0\" data-end=\"420\"><strong data-start=\"0\" data-end=\"42\">Aventus Creed Artistic Perfume<\/strong> yarat\u0131c\u0131l\u0131\u011f\u0131, bireyselli\u011fi ve zamans\u0131z sofistikeli\u011fi takdir eden ki\u015filer i\u00e7in tasarlanm\u0131\u015f rafine bir unisex parf\u00fcmd\u00fcr. Perfume File\u2019\u0131n \u00f6zel Prive Koleksiyonu\u2019nun bir par\u00e7as\u0131 olan bu Eau de Parfum; meyvemsi canl\u0131l\u0131\u011f\u0131, \u00e7i\u00e7eksi zarafeti ve odunsu duyusall\u0131\u011f\u0131 b\u00fcy\u00fcleyici bir koku yolculu\u011funa d\u00f6n\u00fc\u015ft\u00fcr\u00fcr. Cazibe, cesaret ve kar\u015f\u0131 konulmaz bir varl\u0131k yans\u0131t\u0131r; zarafet ve farkl\u0131l\u0131k arayan anlar i\u00e7in idealdir.<\/p>\n<p data-start=\"422\" data-end=\"910\">Parf\u00fcm; ananas, bergamot, frenk \u00fcz\u00fcm\u00fc ve elman\u0131n dinamik birle\u015fimiyle a\u00e7\u0131l\u0131r. Ananas tropikal canl\u0131l\u0131kla sulu tatl\u0131l\u0131k sunar, bergamot \u0131\u015f\u0131lt\u0131l\u0131 narenciye berrakl\u0131\u011f\u0131 ekler, frenk \u00fcz\u00fcm\u00fc ek\u015fi bir enerji katar, elma ise kompozisyona taze bir canl\u0131l\u0131k kazand\u0131r\u0131r. Bu a\u00e7\u0131l\u0131\u015f enerjik, ne\u015feli ve davetk\u00e2r bir karakter kazand\u0131r\u0131r; meyvemsi canl\u0131l\u0131\u011f\u0131 sofistike bir dengeyle harmanlar.<\/p>\n<p data-start=\"912\" data-end=\"1420\">Koku ilerledik\u00e7e kalpte odunsu ve aromatik bir sofistike yap\u0131 ortaya \u00e7\u0131kar. Hu\u015f a\u011fac\u0131 hafif derimsi bir n\u00fcansla dumanl\u0131 derinlik sunar, pa\u00e7uli re\u00e7ineli s\u0131cakl\u0131k ve topraks\u0131 zenginlik ekler, Fas yasemini kadifemsi cazibeyle \u0131\u015f\u0131lt\u0131l\u0131 bir zarafet katar, g\u00fcl ise zamans\u0131z romantik bir cazibe kazand\u0131r\u0131r. Birlikte, kompozisyona derinlik ve l\u00fcks bir orta a\u015fama eklerler.<\/p>\n<p data-start=\"1422\" data-end=\"1960\">Aventus Creed Artistic\u2019in temeli, s\u0131cakl\u0131k ve duyusal incelikle kompozisyonu tamamlar. Misk yumu\u015fak hayvans\u0131 cazibe sunar, me\u015fe yosunu topraks\u0131 ferahl\u0131k ekler, ambergris hafif tuzlu bir n\u00fcansla denizsel zenginlik katar, vanilya ise gurme bir cazibeyle kremams\u0131 tatl\u0131l\u0131k sunar. Bu temel, zarif ve unutulmaz bir iz b\u0131rak\u0131r. Miskli-odunsu yap\u0131, parf\u00fcm\u00fcn saatlerce kal\u0131c\u0131l\u0131\u011f\u0131n\u0131 garanti ederken denge ve zarafeti korur.<\/p>\n<h3 data-start=\"1967\" data-end=\"2050\">Aventus Creed Artistic Perfume \u2013 Yarat\u0131c\u0131l\u0131k, Cesaret &amp; Rafine Zarafet<\/h3>\n<p data-start=\"2052\" data-end=\"2360\">Sanatsall\u0131k ve bireysellikten ilham alan bu parf\u00fcm; meyvemsi canl\u0131l\u0131ktan odunsu sofistikeye ve sonras\u0131nda miskli duyusall\u0131\u011fa ge\u00e7i\u015f yapar. Aventus Creed Artistic zarif bir \u015fekilde geli\u015ferek hem modern hem de zamans\u0131z bir koku yolculu\u011fu sunar. Katmanl\u0131 yap\u0131s\u0131 sayesinde her a\u015fama farkl\u0131 bir hik\u00e2ye anlat\u0131r, kullan\u0131c\u0131y\u0131 b\u00fcy\u00fcler ve \u00e7evresindekileri etkiler.<\/p>\n<p data-start=\"2362\" data-end=\"2500\">Genel kompozisyon zengin, zarif ve duygusal olarak etkileyici hissedilir; denge ve cazibe ile tan\u0131mlanan bir imza kokudur. Sadece bir parf\u00fcm de\u011fil, bireyselli\u011fi ve zarafeti yans\u0131tan duyusal bir deneyimdir.<\/p>\n<h3 data-start=\"2507\" data-end=\"2558\">Unisex Kimlik &amp; Rafine Varl\u0131k<\/h3>\n<p data-start=\"2560\" data-end=\"2830\">Aventus Creed Artistic Parf\u00fcm, yarat\u0131c\u0131l\u0131k ve cesaret yoluyla \u00f6zg\u00fcvenini ifade eden ki\u015filer i\u00e7in tasarlanm\u0131\u015ft\u0131r. Baz\u0131 cilt tiplerinde ananas ve bergamot meyvemsi canl\u0131l\u0131kla \u00f6ne \u00e7\u0131karken; baz\u0131lar\u0131nda hu\u015f a\u011fac\u0131, misk ve vanilya daha derin bir sofistike etki yarat\u0131r. Bu de\u011fi\u015fkenlik, parf\u00fcm\u00fc ger\u00e7ekten unisex k\u0131lar ve her kullan\u0131c\u0131n\u0131n kimyas\u0131 ile ki\u015fili\u011fine \u00f6zg\u00fcn bir \u015fekilde uyum sa\u011flamas\u0131n\u0131 m\u00fcmk\u00fcn k\u0131lar.<\/p>\n<p data-start=\"2832\" data-end=\"3010\">\u00d6zellikle ak\u015fam kullan\u0131m\u0131, sanatsal bulu\u015fmalar ve cazibe ile varl\u0131\u011f\u0131n gerekli oldu\u011fu \u00f6zel anlar i\u00e7in uygundur. Uyumlulu\u011fu sayesinde profesyonel ortamlarda oldu\u011fu kadar samimi ortamlarda da ayn\u0131 derecede uygun hissedilir.<\/p>\n<h3 data-start=\"3017\" data-end=\"3075\">Neden Aventus Creed Artistic Parf\u00fcm?<\/h3>\n<p data-start=\"3077\" data-end=\"3320\">Bu parf\u00fcm; l\u00fcks, cesur ve zamans\u0131z hissettiren meyvemsi-odunsu-miskli bir imza arayanlar i\u00e7in tasarlanm\u0131\u015ft\u0131r. G\u00fc\u00e7l\u00fc kal\u0131c\u0131l\u0131k ve \u00e7evreyi bozmadan unutulmaz bir iz b\u0131rakan yumu\u015fak bir yay\u0131l\u0131m sunar. Parlakl\u0131k ile duyusall\u0131k aras\u0131ndaki denge, g\u00fcn boyunca kullan\u0131c\u0131yla birlikte geli\u015fen \u00e7ok y\u00f6nl\u00fc bir tercih haline getirir.<\/p>\n<p data-start=\"3322\" data-end=\"3490\">Aventus Creed Artistic, t\u00fcm mevsimlerde m\u00fckemmel performans g\u00f6sterir; s\u0131cak aylarda meyvemsi notalar\u0131 berrakl\u0131kla parlar, serin aylarda ise odunsu temel rahatlat\u0131c\u0131 bir s\u0131cakl\u0131k sa\u011flar.<\/p>\n<h3 data-start=\"3497\" data-end=\"3525\">Kullan\u0131labilirlik &amp; Stil<\/h3>\n<p data-start=\"3527\" data-end=\"3790\">Aventus Creed Artistic Parf\u00fcm, zarif k\u0131yafetler, rafine ki\u015fisel stil ve \u00f6zg\u00fcvenli duru\u015fla do\u011fal bir uyum sa\u011flar. Meyvemsi canl\u0131l\u0131k ve odunsu duyusall\u0131\u011f\u0131yla cazibeyi art\u0131r\u0131r; hem g\u00fcndelik hem de resmi ortamlar i\u00e7in uygundur. \u015e\u0131k bir tak\u0131m elbise, zarif bir gece elbisesi veya ak\u0131ll\u0131 g\u00fcndelik kombinlerle birlikte kullan\u0131ld\u0131\u011f\u0131nda, kullan\u0131c\u0131n\u0131n genel izlenimini y\u00fckseltir.<\/p>\n<p data-start=\"3792\" data-end=\"3970\">En iyi performans i\u00e7in boyun, kulak arkas\u0131 ve bilek gibi nab\u0131z noktalar\u0131na uygulanmal\u0131d\u0131r. G\u00fc\u00e7l\u00fc kal\u0131c\u0131l\u0131\u011f\u0131 sayesinde yeniden uygulama nadiren gerekir; ancak uzun s\u00fcreli kullan\u0131mda hafif bir tazeleme parlakl\u0131\u011f\u0131 art\u0131rabilir.<\/p>\n<h3 data-start=\"3977\" data-end=\"4020\">Sanatsal Sofistikeli\u011fin \u0130mzas\u0131<\/h3>\n<p data-start=\"4022\" data-end=\"4300\">Aventus Creed Artistic Parf\u00fcm, bir kokudan \u00f6te; yarat\u0131c\u0131l\u0131k, cesaret ve rafine sofistike bir ifadedir. Meyvemsi canl\u0131l\u0131\u011f\u0131, odunsu zenginli\u011fi ve miskli s\u0131cakl\u0131\u011f\u0131 b\u00fct\u00fcnle\u015fmi\u015f ve unutulmaz bir imzaya d\u00f6n\u00fc\u015ft\u00fcr\u00fcr. Her a\u015famas\u0131 \u00f6zenle tasarlanm\u0131\u015f olup, kullan\u0131c\u0131ya ba\u015ftan sona eksiksiz bir yolculuk sunar.<\/p>\n<p data-start=\"4302\" data-end=\"4520\">Kal\u0131c\u0131 izi s\u0131cak, yumu\u015fak ve \u00e7ekicidir; zamans\u0131z cazibe ve rafine bir zarafet b\u0131rak\u0131r. Kullan\u0131c\u0131ya e\u015flik etmekle kalmaz, ayn\u0131 zamanda onun varl\u0131\u011f\u0131n\u0131 tan\u0131mlar; zarafet ve bireyselli\u011fe de\u011fer verenler i\u00e7in ger\u00e7ek bir imza kokudur.<\/p>\n<p>\u0130lham\u0131n\u0131 <a href=\"https:\/\/en.wikipedia.org\/wiki\/Perfumery\" target=\"_blank\" rel=\"noopener\">ince parf\u00fcmeri sanat\u0131ndan<\/a> al\u0131r.<br \/>\nDaha fazla zarif kreasyonu <a href=\"https:\/\/perfumefile.com\/\" rel=\"follow\">Eau de Parfum koleksiyonumuzda<\/a> ke\u015ffedin.<\/p>\n","protected":false},"excerpt":{"rendered":"<p>Aventus Creed Artistic Parf\u00fcm, ananas, hu\u015f a\u011fac\u0131, yasemin, misk ve vanilya kar\u0131\u015f\u0131m\u0131ndan olu\u015fan canl\u0131 bir unisex kokudur.<\/p>\n","protected":false},"featured_media":48535,"comment_status":"open","ping_status":"closed","template":"","meta":[],"product_brand":[1337],"product_cat":[1313,1307,1312],"product_tag":[],"class_list":{"0":"post-49811","1":"product","2":"type-product","3":"status-publish","4":"has-post-thumbnail","6":"product_brand-creed","7":"product_cat-erkek-parfumleri","8":"product_cat-parfumler","9":"product_cat-prive","11":"first","12":"instock","13":"taxable","14":"shipping-taxable","15":"purchasable","16":"product-type-simple"},"_links":{"self":[{"href":"https:\/\/perfumefile.com\/tr\/wp-json\/wp\/v2\/product\/49811","targetHints":{"allow":["GET"]}}],"collection":[{"href":"https:\/\/perfumefile.com\/tr\/wp-json\/wp\/v2\/product"}],"about":[{"href":"https:\/\/perfumefile.com\/tr\/wp-json\/wp\/v2\/types\/product"}],"replies":[{"embeddable":true,"href":"https:\/\/perfumefile.com\/tr\/wp-json\/wp\/v2\/comments?post=49811"}],"version-history":[{"count":2,"href":"https:\/\/perfumefile.com\/tr\/wp-json\/wp\/v2\/product\/49811\/revisions"}],"predecessor-version":[{"id":49836,"href":"https:\/\/perfumefile.com\/tr\/wp-json\/wp\/v2\/product\/49811\/revisions\/49836"}],"wp:featuredmedia":[{"embeddable":true,"href":"https:\/\/perfumefile.com\/tr\/wp-json\/wp\/v2\/media\/48535"}],"wp:attachment":[{"href":"https:\/\/perfumefile.com\/tr\/wp-json\/wp\/v2\/media?parent=49811"}],"wp:term":[{"taxonomy":"product_brand","embeddable":true,"href":"https:\/\/perfumefile.com\/tr\/wp-json\/wp\/v2\/product_brand?post=49811"},{"taxonomy":"product_cat","embeddable":true,"href":"https:\/\/perfumefile.com\/tr\/wp-json\/wp\/v2\/product_cat?post=49811"},{"taxonomy":"product_tag","embeddable":true,"href":"https:\/\/perfumefile.com\/tr\/wp-json\/wp\/v2\/product_tag?post=49811"}],"curies":[{"name":"wp","href":"https:\/\/api.w.org\/{rel}","templated":true}]}}