{"id":49830,"date":"2024-07-30T08:34:59","date_gmt":"2024-07-30T08:34:59","guid":{"rendered":"https:\/\/tr.perfumefile.com\/?post_type=product&#038;p=49830"},"modified":"2026-02-05T13:03:31","modified_gmt":"2026-02-05T13:03:31","slug":"fleur-narcotique-ex-lelas-niche-flower-eau-de-parfum-55-ml","status":"publish","type":"product","link":"https:\/\/perfumefile.com\/tr\/urun\/fleur-narcotique-ex-lelas-niche-flower-eau-de-parfum-55-ml\/","title":{"rendered":"Fleur Narcotique Ex Lelas Niche Flower Eau de Parf\u00fcm 55 ML"},"content":{"rendered":"<p data-start=\"0\" data-end=\"420\"><strong data-start=\"0\" data-end=\"56\">Fleur Narcotique Ex Lelas Ni\u015f \u00c7i\u00e7ek Parf\u00fcm\u00fc<\/strong>, \u00e7i\u00e7eksi zarafeti, meyvemsi canl\u0131l\u0131\u011f\u0131 ve zamans\u0131z sofistikasyonu takdir eden bireyler i\u00e7in yarat\u0131lm\u0131\u015f rafine bir unisex kokudur. Perfume File taraf\u0131ndan k\u00fcrat\u00f6rl\u00fc\u011f\u00fc yap\u0131lan se\u00e7kin Prive Collection\u2019\u0131n bir par\u00e7as\u0131 olan bu Eau de Parfum; narenciye enerjisini, a\u00e7an \u00e7i\u00e7ekleri ve misk-odunsu derinli\u011fi b\u00fcy\u00fcleyici bir koku yolculu\u011funa d\u00f6n\u00fc\u015ft\u00fcr\u00fcr. Zarafet ve \u00e7ekicilik gerektiren anlar i\u00e7in tasarlanm\u0131\u015f, cazibe, incelik ve kar\u015f\u0131 konulmaz bir duru\u015fu yans\u0131t\u0131r.<\/p>\n<p data-start=\"422\" data-end=\"910\">Koku, narenciye ferahl\u0131\u011f\u0131 sunan bergamot, sulu li\u00e7i ve olgun \u015feftali patlamas\u0131yla a\u00e7\u0131l\u0131r. Bergamot \u0131\u015f\u0131lt\u0131l\u0131 bir tazelik getirirken, li\u00e7i egzotik bir tatl\u0131l\u0131k katar, \u015feftali ise kadifemsi meyvemsi bir dokunu\u015f sa\u011flar. Bu a\u00e7\u0131l\u0131\u015f canl\u0131, canland\u0131r\u0131c\u0131 ve davetk\u00e2rd\u0131r; olgun meyvelerle dolu, g\u00fcne\u015fle ayd\u0131nlanan bir bah\u00e7enin atmosferini \u00e7a\u011fr\u0131\u015ft\u0131r\u0131r. \u00dcst notalar duyular\u0131 harekete ge\u00e7irmek i\u00e7in tasarlanm\u0131\u015ft\u0131r ve kokuyu sabahlar, ilkbahar y\u00fcr\u00fcy\u00fc\u015fleri ve canl\u0131l\u0131k gerektiren anlar i\u00e7in ideal k\u0131lar.<\/p>\n<p data-start=\"912\" data-end=\"1420\">Koku geli\u015ftik\u00e7e kalp notalarda \u00e7i\u00e7eksi bir \u015f\u00f6len ortaya \u00e7\u0131kar. Yasemin ayd\u0131nl\u0131k bir zarafet sunar, \u015fakay\u0131k taze ve canl\u0131 bir his katar, portakal \u00e7i\u00e7e\u011fi ise tatl\u0131 ve parlak bir \u00e7i\u00e7eksi dokunu\u015f sa\u011flar. Bu notalar bir araya gelerek narin, rafine ve kar\u015f\u0131 konulmaz derecede sofistike bir kalp olu\u015fturur; a\u00e7an bah\u00e7elerin g\u00fczelli\u011fini kutlayan l\u00fcks bir orta faz sunar. \u00c7i\u00e7eksi kalp, g\u00fcnd\u00fcz g\u00fcnl\u00fck kullan\u0131mdan ak\u015fam resmi davetlere kadar her ortama uyum sa\u011flar ve kokunun dengeli ve etkileyici kalmas\u0131n\u0131 garanti eder.<\/p>\n<p data-start=\"1422\" data-end=\"1960\">Fleur Narcotique Ex Lelas Ni\u015f \u00c7i\u00e7ek Parf\u00fcm\u00fc\u2019n\u00fcn alt notalar\u0131, kompozisyonu topraks\u0131 bir s\u0131cakl\u0131k ve duyusal bir incelikle tamamlar. Odunsu notalar derinlik kazand\u0131r\u0131r, yosun do\u011fal bir ye\u015fil tazelik ekler, misk ise yumu\u015fak ve \u00e7ekici bir dokunu\u015f sunar. Bu temel yap\u0131, zarif, manyetik ve unutulmaz bir iz b\u0131rak\u0131r. Misk-odunsu taban, dengeden \u00f6d\u00fcn vermeden uzun s\u00fcre kal\u0131c\u0131l\u0131k sa\u011flayarak kokunun saatler boyunca hissedilmesini sa\u011flar.<\/p>\n<h3 data-start=\"1967\" data-end=\"2050\">Fleur Narcotique Ex Lelas Ni\u015f \u00c7i\u00e7ek Parf\u00fcm\u00fc \u2013 Tazelik, Zarafet ve Do\u011fal Sofistikasyon<\/h3>\n<p data-start=\"2052\" data-end=\"2360\">Do\u011fadan ve rafine \u00e7ekicilikten ilham alan bu koku, meyvemsi bir parlakl\u0131ktan \u00e7i\u00e7eksi bir zarafete, ard\u0131ndan topraks\u0131 bir duyusall\u0131\u011fa do\u011fru ak\u0131c\u0131 bir ge\u00e7i\u015f yapar. Fleur Narcotique Ex Lelas Ni\u015f \u00c7i\u00e7ek Parf\u00fcm\u00fc modern ve zamans\u0131z hissettiren b\u00fcy\u00fcleyici bir koku yolculu\u011fu sunar. Katmanl\u0131 geli\u015fimi sayesinde her a\u015fama farkl\u0131 bir hik\u00e2ye anlat\u0131r, kullan\u0131c\u0131y\u0131 ve \u00e7evresindekileri s\u00fcrekli olarak etkiler.<\/p>\n<p data-start=\"2362\" data-end=\"2500\">Genel kompozisyon canl\u0131, zarif ve duygusal olarak etkileyicidir; denge ve \u00e7ekicilikle tan\u0131mlanan bir imza koku niteli\u011fi ta\u015f\u0131r. Bu yaln\u0131zca bir parf\u00fcm de\u011fil, bireyselli\u011fi ve sofistikasyonu yans\u0131tan duyusal bir deneyimdir.<\/p>\n<h3 data-start=\"2507\" data-end=\"2558\">Unisex Kimlik ve Rafine Duru\u015f<\/h3>\n<p data-start=\"2560\" data-end=\"2830\">Fleur Narcotique Ex Lelas Ni\u015f \u00c7i\u00e7ek Parf\u00fcm\u00fc, zarafet ve do\u011fal \u00e7ekicilikle \u00f6zg\u00fcvenini ifade eden bireyler i\u00e7in tasarlanm\u0131\u015ft\u0131r. Baz\u0131 cilt tiplerinde bergamot ve li\u00e7i meyvemsi bir parlakl\u0131kla \u00f6ne \u00e7\u0131karken, baz\u0131lar\u0131nda yasemin, misk ve odunsu notalar daha derin bir sofistikasyon sunar. Bu de\u011fi\u015fkenlik, kokuyu ger\u00e7ek anlamda unisex yapar ve her kullan\u0131c\u0131n\u0131n ten kimyas\u0131na ve ki\u015fili\u011fine \u00f6zg\u00fc bir karakter kazanmas\u0131n\u0131 sa\u011flar.<\/p>\n<p data-start=\"2832\" data-end=\"3010\">\u00d6zellikle g\u00fcnd\u00fcz kullan\u0131m\u0131, ilkbahar bulu\u015fmalar\u0131 ve tazelik ile \u00e7ekicili\u011fin \u00f6nemli oldu\u011fu \u00f6zel anlar i\u00e7in uygundur. Uyarlanabilir yap\u0131s\u0131 sayesinde hem profesyonel ortamlarda hem de daha samimi anlarda ayn\u0131 derecede etkileyici hissettirir.<\/p>\n<h3 data-start=\"3017\" data-end=\"3075\">Neden Fleur Narcotique Ex Lelas Ni\u015f \u00c7i\u00e7ek Parf\u00fcm\u00fc<\/h3>\n<p data-start=\"3077\" data-end=\"3320\">Bu koku, l\u00fcks, ba\u015ftan \u00e7\u0131kar\u0131c\u0131 ve zamans\u0131z hissi olan meyvemsi-\u00e7i\u00e7eksi-odunsu bir imza arayanlar i\u00e7in \u00fcretilmi\u015ftir. \u00c7evreyi bo\u011fmadan ak\u0131lda kal\u0131c\u0131 bir iz b\u0131rakan, g\u00fc\u00e7l\u00fc kal\u0131c\u0131l\u0131\u011fa ve yumu\u015fak bir yay\u0131l\u0131ma sahiptir. Parlakl\u0131k ile duyusall\u0131k aras\u0131ndaki denge, g\u00fcn boyunca kullan\u0131c\u0131yla birlikte evrilen \u00e7ok y\u00f6nl\u00fc bir se\u00e7enek sunar.<\/p>\n<p data-start=\"3322\" data-end=\"3490\">Fleur Narcotique Ex Lelas Ni\u015f \u00c7i\u00e7ek Parf\u00fcm\u00fc, tazeli\u011finin ve \u00e7i\u00e7eksi derinli\u011finin tam anlam\u0131yla ortaya \u00e7\u0131kt\u0131\u011f\u0131 s\u0131cak mevsimlerde ve g\u00fcnd\u00fcz kullan\u0131mlar\u0131nda m\u00fckemmel performans sergiler. \u0130lkbahar ve yaz aylar\u0131nda meyvemsi ve \u00e7i\u00e7eksi notalar berrakl\u0131kla par\u0131ldarken, sonbaharda odunsu taban rahatlat\u0131c\u0131 bir s\u0131cakl\u0131k sunar.<\/p>\n<h3 data-start=\"3497\" data-end=\"3525\">Kullan\u0131m ve Stil<\/h3>\n<p data-start=\"3527\" data-end=\"3790\">Fleur Narcotique Ex Lelas Ni\u015f \u00c7i\u00e7ek Parf\u00fcm\u00fc, zarif k\u0131yafetler, rafine bir ki\u015fisel stil ve \u00f6zg\u00fcvenli bir duru\u015fla do\u011fal bir uyum yakalar. Meyvemsi parlakl\u0131k ve \u00e7i\u00e7eksi sofistikasyonla \u00e7ekicili\u011fi art\u0131r\u0131r; bah\u00e7e davetleri, ilkbahar etkinlikleri ve unutulmaz g\u00fcnler i\u00e7in uygundur. Hafif yaz elbiseleri, \u00f6zenle dikilmi\u015f tak\u0131mlar veya \u015f\u0131k g\u00fcnl\u00fck kombinlerle birlikte kullan\u0131ld\u0131\u011f\u0131nda genel etkiyi y\u00fckseltir.<\/p>\n<p data-start=\"3792\" data-end=\"3970\">En iyi performans i\u00e7in boyun, kulak arkas\u0131 ve bilekler gibi nab\u0131z noktalar\u0131na uygulanmal\u0131, kokunun do\u011fal \u015fekilde geli\u015fmesine izin verilmelidir. G\u00fc\u00e7l\u00fc kal\u0131c\u0131l\u0131\u011f\u0131 sayesinde tekrar uygulamaya nadiren ihtiya\u00e7 duyulur; ancak uzun s\u00fcreli kullan\u0131mlarda hafif bir tazeleme parlakl\u0131\u011f\u0131 art\u0131rabilir.<\/p>\n<h3 data-start=\"3977\" data-end=\"4020\">A\u00e7an Zarafetin \u0130mzas\u0131<\/h3>\n<p data-start=\"4022\" data-end=\"4300\">Fleur Narcotique Ex Lelas Ni\u015f \u00c7i\u00e7ek Parf\u00fcm\u00fc bir kokudan fazlas\u0131d\u0131r; tazeli\u011fin, zarafetin ve rafine sofistikasyonun ifadesidir. Meyvemsi canl\u0131l\u0131\u011f\u0131, \u00e7i\u00e7eksi zenginli\u011fi ve topraks\u0131 s\u0131cakl\u0131\u011f\u0131 uyumlu ve unutulmaz bir imzaya d\u00f6n\u00fc\u015ft\u00fcr\u00fcr. Geli\u015fiminin her a\u015famas\u0131 bilin\u00e7li bir \u015fekilde kurgulanm\u0131\u015ft\u0131r ve kullan\u0131c\u0131ya ba\u015ftan sona eksiksiz bir deneyim sunar.<\/p>\n<p data-start=\"4302\" data-end=\"4520\">Ard\u0131nda b\u0131rakt\u0131\u011f\u0131 iz taze, yumu\u015fak ve manyetiktir; zamans\u0131z bir \u00e7ekicilik ve rafine bir cazibe hissi b\u0131rak\u0131r. Kullan\u0131c\u0131ya e\u015flik etmekle kalmaz, onun varl\u0131\u011f\u0131n\u0131 tan\u0131mlar ve zarafete ile bireyselli\u011fe de\u011fer verenler i\u00e7in ger\u00e7ek bir imza koku haline gelir.<\/p>\n<p><a href=\"https:\/\/en.wikipedia.org\/wiki\/Perfumery\" target=\"_blank\" rel=\"noopener\">Nitelikli parf\u00fcmeri<\/a> sanat\u0131ndan ilham al\u0131nm\u0131\u015ft\u0131r.<br \/>\n<a href=\"https:\/\/perfumefile.com\/\" rel=\"follow\">Eau de Parfum koleksiyonumuzdaki<\/a> di\u011fer se\u00e7kin kreasyonlar\u0131 ke\u015ffedin.<\/p>\n","protected":false},"excerpt":{"rendered":"<p>Fleur Narcotique Ex Lelas Ni\u015f \u00c7i\u00e7ek Parf\u00fcm\u00fc, bergamot, li\u00e7i, yasemin ve misk notalar\u0131n\u0131 harmanlayan canl\u0131 bir unisex parf\u00fcmd\u00fcr.<\/p>\n","protected":false},"featured_media":48688,"comment_status":"open","ping_status":"closed","template":"","meta":[],"product_brand":[1392],"product_cat":[1307,1312,1314],"product_tag":[],"class_list":{"0":"post-49830","1":"product","2":"type-product","3":"status-publish","4":"has-post-thumbnail","6":"product_brand-ex-nihilo","7":"product_cat-parfumler","8":"product_cat-prive","9":"product_cat-unisex-parfumler","11":"first","12":"instock","13":"taxable","14":"shipping-taxable","15":"purchasable","16":"product-type-simple"},"_links":{"self":[{"href":"https:\/\/perfumefile.com\/tr\/wp-json\/wp\/v2\/product\/49830","targetHints":{"allow":["GET"]}}],"collection":[{"href":"https:\/\/perfumefile.com\/tr\/wp-json\/wp\/v2\/product"}],"about":[{"href":"https:\/\/perfumefile.com\/tr\/wp-json\/wp\/v2\/types\/product"}],"replies":[{"embeddable":true,"href":"https:\/\/perfumefile.com\/tr\/wp-json\/wp\/v2\/comments?post=49830"}],"version-history":[{"count":2,"href":"https:\/\/perfumefile.com\/tr\/wp-json\/wp\/v2\/product\/49830\/revisions"}],"predecessor-version":[{"id":49849,"href":"https:\/\/perfumefile.com\/tr\/wp-json\/wp\/v2\/product\/49830\/revisions\/49849"}],"wp:featuredmedia":[{"embeddable":true,"href":"https:\/\/perfumefile.com\/tr\/wp-json\/wp\/v2\/media\/48688"}],"wp:attachment":[{"href":"https:\/\/perfumefile.com\/tr\/wp-json\/wp\/v2\/media?parent=49830"}],"wp:term":[{"taxonomy":"product_brand","embeddable":true,"href":"https:\/\/perfumefile.com\/tr\/wp-json\/wp\/v2\/product_brand?post=49830"},{"taxonomy":"product_cat","embeddable":true,"href":"https:\/\/perfumefile.com\/tr\/wp-json\/wp\/v2\/product_cat?post=49830"},{"taxonomy":"product_tag","embeddable":true,"href":"https:\/\/perfumefile.com\/tr\/wp-json\/wp\/v2\/product_tag?post=49830"}],"curies":[{"name":"wp","href":"https:\/\/api.w.org\/{rel}","templated":true}]}}