{"id":49838,"date":"2024-07-30T08:34:59","date_gmt":"2024-07-30T08:34:59","guid":{"rendered":"https:\/\/tr.perfumefile.com\/?post_type=product&#038;p=49838"},"modified":"2026-02-05T13:03:28","modified_gmt":"2026-02-05T13:03:28","slug":"lira-eau-soire-eau-de-parfum-55-ml","status":"publish","type":"product","link":"https:\/\/perfumefile.com\/tr\/urun\/lira-eau-soire-eau-de-parfum-55-ml\/","title":{"rendered":"Lira Eau Soire Eau de Parf\u00fcm 55 ML"},"content":{"rendered":"<p data-start=\"0\" data-end=\"420\"><strong data-start=\"0\" data-end=\"36\">Lira Eau Soire Perfume<\/strong> zarafet, ak\u015fam cazibesi ve zamans\u0131z sofistikeli\u011fi takdir eden ki\u015filer i\u00e7in tasarlanm\u0131\u015f rafine bir unisex parf\u00fcmd\u00fcr. Perfume File\u2019\u0131n \u00f6zel Prive Koleksiyonu\u2019nun bir par\u00e7as\u0131 olan bu Eau de Parfum; narenciye parlakl\u0131\u011f\u0131, bitkisel ferahl\u0131k ve odunsu duyusall\u0131\u011f\u0131 b\u00fcy\u00fcleyici bir koku yolculu\u011funa d\u00f6n\u00fc\u015ft\u00fcr\u00fcr. Cazibe, incelik ve kar\u015f\u0131 konulmaz bir varl\u0131k yans\u0131t\u0131r; ak\u015fam zarafeti ve cazibenin gerekli oldu\u011fu anlar i\u00e7in idealdir.<\/p>\n<p data-start=\"422\" data-end=\"910\">Parf\u00fcm; bergamot, Amalfi limonu, kan portakal\u0131 ve limon otunun ferahlat\u0131c\u0131 birle\u015fimiyle a\u00e7\u0131l\u0131r. Bergamot \u0131\u015f\u0131lt\u0131l\u0131 narenciye berrakl\u0131\u011f\u0131 sunar, Amalfi limonu keskin parlakl\u0131k ekler, kan portakal\u0131 hafif tatl\u0131 bir n\u00fcansla meyvemsi zenginlik katar, limon otu ise bitkisel canl\u0131l\u0131k kazand\u0131r\u0131r. Bu a\u00e7\u0131l\u0131\u015f enerjik, ne\u015feli ve parlak hissedilir; ak\u015fam serinli\u011fini \u00e7a\u011fr\u0131\u015ft\u0131r\u0131r. \u00dcst notalar duyular\u0131 canland\u0131rmak i\u00e7in tasarlanm\u0131\u015ft\u0131r, bu da parf\u00fcm\u00fc ak\u015fam kullan\u0131m\u0131, kutlamalar ve sofistikenin gerekli oldu\u011fu anlar i\u00e7in ideal k\u0131lar.<\/p>\n<p data-start=\"912\" data-end=\"1420\">Koku ilerledik\u00e7e kalpte aromatik ve \u00e7i\u00e7eksi bir sofistike yap\u0131 ortaya \u00e7\u0131kar. Neroli parlak \u00e7i\u00e7eksi bir zarafet sunar, tarhun hafif baharatl\u0131 bir n\u00fcansla bitkisel derinlik ekler, kekik aromatik ferahl\u0131k katar, nane ise serinletici canl\u0131l\u0131k kazand\u0131r\u0131r. Birlikte, narenciye a\u00e7\u0131l\u0131\u015fa l\u00fcks bir kontrast sa\u011flayan ve odunsu-miskli temele haz\u0131rl\u0131k yapan rafine bir kalp olu\u015ftururlar. Bu orta b\u00f6l\u00fcm hem resmi davetlerde hem de samimi ortamlarda uyumlu bir \u015fekilde kendini g\u00f6sterir.<\/p>\n<p data-start=\"1422\" data-end=\"1960\">Lira Eau Soire\u2019un temeli, topraks\u0131 s\u0131cakl\u0131k ve duyusal incelikle kompozisyonu tamamlar. Vetiver ye\u015fil-topraks\u0131 ferahl\u0131k sunar, sandal a\u011fac\u0131 p\u00fcr\u00fczs\u00fcz odunsu zenginlik ekler, pa\u00e7uli re\u00e7ineli karakterle topraks\u0131 derinlik katar, kumarin gurme tatl\u0131l\u0131k kazand\u0131r\u0131r, muskat ise baharatl\u0131 s\u0131cakl\u0131k ve ince bir karma\u015f\u0131kl\u0131k ekler. Bu temel, zarif ve unutulmaz bir iz b\u0131rak\u0131r. Odunsu-baharatl\u0131 yap\u0131, parf\u00fcm\u00fcn saatlerce kal\u0131c\u0131l\u0131\u011f\u0131n\u0131 garanti ederken denge ve zarafeti korur.<\/p>\n<h3 data-start=\"1967\" data-end=\"2050\">Lira Eau Soire Perfume \u2013 Narenciye Parlakl\u0131\u011f\u0131, Bitkisel Zarafet &amp; Odunsu \u0130hti\u015fam<\/h3>\n<p data-start=\"2052\" data-end=\"2360\">Ak\u015fam cazibesi ve rafine sofistikeden ilham alan bu parf\u00fcm; narenciye canl\u0131l\u0131ktan bitkisel-\u00e7i\u00e7eksi zarafete ve sonras\u0131nda odunsu duyusall\u0131\u011fa ge\u00e7i\u015f yapar. Lira Eau Soire zarif bir \u015fekilde geli\u015ferek hem modern hem de zamans\u0131z bir koku yolculu\u011fu sunar. Katmanl\u0131 yap\u0131s\u0131 sayesinde her a\u015fama farkl\u0131 bir hik\u00e2ye anlat\u0131r, kullan\u0131c\u0131y\u0131 b\u00fcy\u00fcler ve \u00e7evresindekileri etkiler.<\/p>\n<p data-start=\"2362\" data-end=\"2500\">Genel kompozisyon zengin, zarif ve duygusal olarak etkileyici hissedilir; denge ve cazibe ile tan\u0131mlanan bir imza kokudur. Sadece bir parf\u00fcm de\u011fil, bireyselli\u011fi ve zarafeti yans\u0131tan duyusal bir deneyimdir.<\/p>\n<h3 data-start=\"2507\" data-end=\"2558\">Unisex Kimlik &amp; Rafine Varl\u0131k<\/h3>\n<p data-start=\"2560\" data-end=\"2830\">Lira Eau Soire Parf\u00fcm, zarafet ve g\u00f6rkem yoluyla \u00f6zg\u00fcvenini ifade eden ki\u015filer i\u00e7in tasarlanm\u0131\u015ft\u0131r. Baz\u0131 cilt tiplerinde bergamot ve limon narenciye canl\u0131l\u0131kla \u00f6ne \u00e7\u0131karken; baz\u0131lar\u0131nda vetiver, sandal a\u011fac\u0131 ve pa\u00e7uli daha derin bir sofistike etki yarat\u0131r. Bu de\u011fi\u015fkenlik, parf\u00fcm\u00fc ger\u00e7ekten unisex k\u0131lar ve her kullan\u0131c\u0131n\u0131n kimyas\u0131 ile ki\u015fili\u011fine \u00f6zg\u00fcn bir \u015fekilde uyum sa\u011flamas\u0131n\u0131 m\u00fcmk\u00fcn k\u0131lar.<\/p>\n<p data-start=\"2832\" data-end=\"3010\">\u00d6zellikle ak\u015fam kullan\u0131m\u0131, g\u00fcn bat\u0131m\u0131 bulu\u015fmalar\u0131 ve cazibe ile varl\u0131\u011f\u0131n gerekli oldu\u011fu \u00f6zel anlar i\u00e7in uygundur. Uyumlulu\u011fu sayesinde profesyonel ortamlarda oldu\u011fu kadar samimi ortamlarda da ayn\u0131 derecede uygun hissedilir.<\/p>\n<h3 data-start=\"3017\" data-end=\"3075\">Neden Lira Eau Soire Parf\u00fcm?<\/h3>\n<p data-start=\"3077\" data-end=\"3320\">Bu parf\u00fcm; l\u00fcks, cesur ve zamans\u0131z hissettiren narenciye-bitkisel-odunsu bir imza arayanlar i\u00e7in tasarlanm\u0131\u015ft\u0131r. G\u00fc\u00e7l\u00fc kal\u0131c\u0131l\u0131k ve \u00e7evreyi bozmadan unutulmaz bir iz b\u0131rakan yumu\u015fak bir yay\u0131l\u0131m sunar. Parlakl\u0131k ile duyusall\u0131k aras\u0131ndaki denge, ak\u015fam boyunca kullan\u0131c\u0131yla birlikte geli\u015fen \u00e7ok y\u00f6nl\u00fc bir tercih haline getirir.<\/p>\n<p data-start=\"3322\" data-end=\"3490\">Lira Eau Soire, serin mevsimlerde ve ak\u015fam kullan\u0131m\u0131nda m\u00fckemmel performans g\u00f6sterir; s\u0131cakl\u0131k ve odunsu derinlik tam anlam\u0131yla ortaya \u00e7\u0131kar. \u0130lkbahar ve yaz aylar\u0131nda narenciye notalar\u0131 berrakl\u0131kla parlar, sonbaharda ise bitkisel-baharatl\u0131 temel sofistike bir denge sa\u011flar.<\/p>\n<h3 data-start=\"3497\" data-end=\"3525\">Kullan\u0131labilirlik &amp; Stil<\/h3>\n<p data-start=\"3527\" data-end=\"3790\">Lira Eau Soire Parf\u00fcm, zarif k\u0131yafetler, rafine ki\u015fisel stil ve \u00f6zg\u00fcvenli duru\u015fla do\u011fal bir uyum sa\u011flar. Narenciye parlakl\u0131\u011f\u0131 ve odunsu duyusall\u0131\u011f\u0131yla cazibeyi art\u0131r\u0131r; galalar, konserler ve unutulmaz geceler i\u00e7in uygundur. Resmi k\u0131yafetler veya \u015f\u0131k gece kombinleriyle birlikte kullan\u0131ld\u0131\u011f\u0131nda, kullan\u0131c\u0131n\u0131n genel izlenimini y\u00fckseltir.<\/p>\n<p data-start=\"3792\" data-end=\"3970\">En iyi performans i\u00e7in boyun, kulak arkas\u0131 ve bilek gibi nab\u0131z noktalar\u0131na uygulanmal\u0131d\u0131r. G\u00fc\u00e7l\u00fc kal\u0131c\u0131l\u0131\u011f\u0131 sayesinde yeniden uygulama nadiren gerekir; ancak uzun s\u00fcreli kullan\u0131mda hafif bir tazeleme parlakl\u0131\u011f\u0131 art\u0131rabilir.<\/p>\n<h3 data-start=\"3977\" data-end=\"4020\">Zamans\u0131z Ak\u015fam Zarafeti \u0130mzas\u0131<\/h3>\n<p data-start=\"4022\" data-end=\"4300\">Lira Eau Soire Parf\u00fcm, bir kokudan \u00f6te; ak\u015fam cazibesi, bitkisel parlakl\u0131k ve rafine sofistike bir ifadedir. Narenciye canl\u0131l\u0131\u011f\u0131, \u00e7i\u00e7ek zenginli\u011fini ve odunsu s\u0131cakl\u0131\u011f\u0131 b\u00fct\u00fcnle\u015fmi\u015f ve unutulmaz bir imzaya d\u00f6n\u00fc\u015ft\u00fcr\u00fcr. Her a\u015famas\u0131 \u00f6zenle tasarlanm\u0131\u015f olup, kullan\u0131c\u0131ya ba\u015ftan sona eksiksiz bir yolculuk sunar.<\/p>\n<p data-start=\"4302\" data-end=\"4520\">Kal\u0131c\u0131 izi s\u0131cak, yumu\u015fak ve \u00e7ekicidir; zamans\u0131z cazibe ve rafine bir zarafet b\u0131rak\u0131r. Kullan\u0131c\u0131ya e\u015flik etmekle kalmaz, ayn\u0131 zamanda onun varl\u0131\u011f\u0131n\u0131 tan\u0131mlar; zarafet ve bireyselli\u011fe de\u011fer verenler i\u00e7in ger\u00e7ek bir imza kokudur.<\/p>\n<p>\u0130lham\u0131n\u0131 <a href=\"https:\/\/en.wikipedia.org\/wiki\/Perfumery\" target=\"_blank\" rel=\"noopener\">ince parf\u00fcmeri sanat\u0131ndan<\/a> al\u0131r.<br \/>\nDaha fazla zarif kreasyonu <a href=\"https:\/\/perfumefile.com\/\" rel=\"follow\">Eau de Parfum koleksiyonumuzda<\/a> ke\u015ffedin.<\/p>\n","protected":false},"excerpt":{"rendered":"<p>Lira Eau Soire Parf\u00fcm, bergamot, neroli, vetiver ve sandal a\u011fac\u0131n\u0131 harmanlayan zarif bir unisex kokudur.<\/p>\n<p>&nbsp;<\/p>\n","protected":false},"featured_media":48810,"comment_status":"open","ping_status":"closed","template":"","meta":[],"product_brand":[1411],"product_cat":[1307,1312,1314],"product_tag":[],"class_list":{"0":"post-49838","1":"product","2":"type-product","3":"status-publish","4":"has-post-thumbnail","6":"product_brand-xerjoff","7":"product_cat-parfumler","8":"product_cat-prive","9":"product_cat-unisex-parfumler","11":"first","12":"instock","13":"taxable","14":"shipping-taxable","15":"purchasable","16":"product-type-simple"},"_links":{"self":[{"href":"https:\/\/perfumefile.com\/tr\/wp-json\/wp\/v2\/product\/49838","targetHints":{"allow":["GET"]}}],"collection":[{"href":"https:\/\/perfumefile.com\/tr\/wp-json\/wp\/v2\/product"}],"about":[{"href":"https:\/\/perfumefile.com\/tr\/wp-json\/wp\/v2\/types\/product"}],"replies":[{"embeddable":true,"href":"https:\/\/perfumefile.com\/tr\/wp-json\/wp\/v2\/comments?post=49838"}],"version-history":[{"count":2,"href":"https:\/\/perfumefile.com\/tr\/wp-json\/wp\/v2\/product\/49838\/revisions"}],"predecessor-version":[{"id":49854,"href":"https:\/\/perfumefile.com\/tr\/wp-json\/wp\/v2\/product\/49838\/revisions\/49854"}],"wp:featuredmedia":[{"embeddable":true,"href":"https:\/\/perfumefile.com\/tr\/wp-json\/wp\/v2\/media\/48810"}],"wp:attachment":[{"href":"https:\/\/perfumefile.com\/tr\/wp-json\/wp\/v2\/media?parent=49838"}],"wp:term":[{"taxonomy":"product_brand","embeddable":true,"href":"https:\/\/perfumefile.com\/tr\/wp-json\/wp\/v2\/product_brand?post=49838"},{"taxonomy":"product_cat","embeddable":true,"href":"https:\/\/perfumefile.com\/tr\/wp-json\/wp\/v2\/product_cat?post=49838"},{"taxonomy":"product_tag","embeddable":true,"href":"https:\/\/perfumefile.com\/tr\/wp-json\/wp\/v2\/product_tag?post=49838"}],"curies":[{"name":"wp","href":"https:\/\/api.w.org\/{rel}","templated":true}]}}