{"id":49845,"date":"2024-07-30T08:34:59","date_gmt":"2024-07-30T08:34:59","guid":{"rendered":"https:\/\/tr.perfumefile.com\/?post_type=product&#038;p=49845"},"modified":"2026-02-05T13:03:19","modified_gmt":"2026-02-05T13:03:19","slug":"tuberose-angelica-jomalon-bouquet-eau-de-parfum-55-ml","status":"publish","type":"product","link":"https:\/\/perfumefile.com\/tr\/urun\/tuberose-angelica-jomalon-bouquet-eau-de-parfum-55-ml\/","title":{"rendered":"Tuberose Angelica Jomalon Bouquet Eau de Parf\u00fcm 55 ML"},"content":{"rendered":"<p data-start=\"0\" data-end=\"420\"><strong data-start=\"0\" data-end=\"50\">Tuberose Angelica Jomalon Bouquet Perfume<\/strong> zarafet, tazelik ve zamans\u0131z sofistikeli\u011fi takdir eden ki\u015filer i\u00e7in tasarlanm\u0131\u015f rafine bir unisex parf\u00fcmd\u00fcr. Perfume File\u2019\u0131n \u00f6zel Prive Koleksiyonu\u2019nun bir par\u00e7as\u0131 olan bu Eau de Parfum; narenciye parlakl\u0131\u011f\u0131, \u00e7i\u00e7eksi incelik ve topraks\u0131 s\u0131cakl\u0131\u011f\u0131 b\u00fcy\u00fcleyici bir koku yolculu\u011funa d\u00f6n\u00fc\u015ft\u00fcr\u00fcr. Do\u011fal g\u00fczellik, cazibe ve kar\u015f\u0131 konulmaz bir varl\u0131k yans\u0131t\u0131r; zarafet ve cazibenin gerekli oldu\u011fu anlar i\u00e7in idealdir.<\/p>\n<p data-start=\"422\" data-end=\"910\">Parf\u00fcm; bergamot, li\u00e7i ve olgun \u015feftalinin narenciye patlamas\u0131yla a\u00e7\u0131l\u0131r. Bergamot \u0131\u015f\u0131lt\u0131l\u0131 bir ferahl\u0131k sunar, li\u00e7i egzotik tatl\u0131l\u0131k ekler, \u015feftali ise kadifemsi meyvemsi bir zenginlik kazand\u0131r\u0131r. Bu a\u00e7\u0131l\u0131\u015f canl\u0131, ne\u015feli ve davetk\u00e2r hissedilir; g\u00fcne\u015fle dolu bir meyve bah\u00e7esini \u00e7a\u011fr\u0131\u015ft\u0131r\u0131r. \u00dcst notalar duyular\u0131 canland\u0131rmak i\u00e7in tasarlanm\u0131\u015ft\u0131r, bu da parf\u00fcm\u00fc sabahlar, bahar y\u00fcr\u00fcy\u00fc\u015fleri ve canl\u0131l\u0131k ile parlakl\u0131\u011f\u0131n gerekli oldu\u011fu anlar i\u00e7in ideal k\u0131lar.<\/p>\n<p data-start=\"912\" data-end=\"1420\">Koku ilerledik\u00e7e kalpte \u00e7i\u00e7eksi bir buket ortaya \u00e7\u0131kar. Yasemin \u0131\u015f\u0131lt\u0131l\u0131 zarafet sunar, \u015fakay\u0131k canl\u0131 bir tazelik ekler, portakal \u00e7i\u00e7e\u011fi ise tatl\u0131 \u00e7i\u00e7eksi parlakl\u0131k kazand\u0131r\u0131r. Birlikte, zarif ve sofistike bir kalp olu\u015ftururlar; \u00e7i\u00e7ek bah\u00e7elerinin g\u00fczelli\u011fini kutlayan l\u00fcks bir orta a\u015fama sunar. \u00c7i\u00e7eksi kalp hem g\u00fcndelik kullan\u0131m hem de resmi ak\u015fam davetleri i\u00e7in uyumlu bir \u015fekilde dengeli ve b\u00fcy\u00fcleyici kal\u0131r.<\/p>\n<p data-start=\"1422\" data-end=\"1960\">Tuberose Angelica Jomalon Bouquet\u2019in temeli, topraks\u0131 s\u0131cakl\u0131k ve duyusal incelikle kompozisyonu tamamlar. Odunsu notalar derinlik kazand\u0131r\u0131r, yosun do\u011fal bir alt tonla ye\u015fil ferahl\u0131k ekler, misk ise yumu\u015fak hayvans\u0131 cazibe sunar. Bu temel zarif, manyetik ve unutulmaz bir iz b\u0131rak\u0131r. Topraks\u0131 tonlar kal\u0131c\u0131l\u0131\u011f\u0131 garanti ederken denge ve sofistike bir yap\u0131 sa\u011flar.<\/p>\n<h3 data-start=\"1967\" data-end=\"2050\">Tuberose Angelica Jomalon Bouquet Perfume \u2013 Tazelik, Zarafet &amp; Do\u011fal Sofistike<\/h3>\n<p data-start=\"2052\" data-end=\"2360\">Do\u011fadan ve rafine cazibeden ilham alan bu parf\u00fcm; meyvemsi canl\u0131l\u0131ktan \u00e7i\u00e7eksi inceli\u011fe ve sonras\u0131nda topraks\u0131 duyusall\u0131\u011fa ge\u00e7i\u015f yapar. Tuberose Angelica Jomalon Bouquet zarif bir \u015fekilde geli\u015ferek hem modern hem de zamans\u0131z bir koku yolculu\u011fu sunar. Katmanl\u0131 yap\u0131s\u0131 sayesinde her a\u015fama farkl\u0131 bir hik\u00e2ye anlat\u0131r, kullan\u0131c\u0131y\u0131 b\u00fcy\u00fcler ve \u00e7evresindekileri etkiler.<\/p>\n<p data-start=\"2362\" data-end=\"2500\">Genel kompozisyon canl\u0131, zarif ve duygusal olarak etkileyici hissedilir; denge ve cazibe ile tan\u0131mlanan bir imza kokudur. Sadece bir parf\u00fcm de\u011fil, bireyselli\u011fi ve zarafeti yans\u0131tan duyusal bir deneyimdir.<\/p>\n<h3 data-start=\"2507\" data-end=\"2558\">Unisex Kimlik &amp; Rafine Varl\u0131k<\/h3>\n<p data-start=\"2560\" data-end=\"2830\">Tuberose Angelica Jomalon Bouquet Parf\u00fcm, zarafet ve do\u011fal cazibe yoluyla \u00f6zg\u00fcvenini ifade eden ki\u015filer i\u00e7in tasarlanm\u0131\u015ft\u0131r. Baz\u0131 cilt tiplerinde bergamot ve li\u00e7i meyvemsi canl\u0131l\u0131kla \u00f6ne \u00e7\u0131karken; baz\u0131lar\u0131nda yasemin, misk ve odunsu notalar daha derin bir sofistike etki yarat\u0131r. Bu de\u011fi\u015fkenlik, parf\u00fcm\u00fc ger\u00e7ekten unisex k\u0131lar ve her kullan\u0131c\u0131n\u0131n kimyas\u0131 ile ki\u015fili\u011fine \u00f6zg\u00fcn bir \u015fekilde uyum sa\u011flamas\u0131n\u0131 m\u00fcmk\u00fcn k\u0131lar.<\/p>\n<p data-start=\"2832\" data-end=\"3010\">\u00d6zellikle g\u00fcnd\u00fcz kullan\u0131m\u0131, bahar bulu\u015fmalar\u0131 ve tazelik ile cazibenin gerekli oldu\u011fu \u00f6zel anlar i\u00e7in uygundur. Uyumlulu\u011fu sayesinde profesyonel ortamlarda oldu\u011fu kadar samimi ortamlarda da ayn\u0131 derecede uygun hissedilir.<\/p>\n<h3 data-start=\"3017\" data-end=\"3075\">Neden Tuberose Angelica Jomalon Bouquet Parf\u00fcm?<\/h3>\n<p data-start=\"3077\" data-end=\"3320\">Bu parf\u00fcm; l\u00fcks, ba\u015ftan \u00e7\u0131kar\u0131c\u0131 ve zamans\u0131z hissettiren meyvemsi-\u00e7i\u00e7eksi-odunsu bir imza arayanlar i\u00e7in tasarlanm\u0131\u015ft\u0131r. G\u00fc\u00e7l\u00fc kal\u0131c\u0131l\u0131k ve \u00e7evreyi bozmadan unutulmaz bir iz b\u0131rakan yumu\u015fak bir yay\u0131l\u0131m sunar. Parlakl\u0131k ile duyusall\u0131k aras\u0131ndaki denge, g\u00fcn boyunca kullan\u0131c\u0131yla birlikte geli\u015fen \u00e7ok y\u00f6nl\u00fc bir tercih haline getirir.<\/p>\n<p data-start=\"3322\" data-end=\"3490\">Tuberose Angelica Jomalon Bouquet, s\u0131cak mevsimlerde ve g\u00fcnd\u00fcz kullan\u0131m\u0131nda m\u00fckemmel performans g\u00f6sterir; meyvemsi ve \u00e7i\u00e7eksi notalar\u0131 bahar ve yaz aylar\u0131nda berrakl\u0131kla parlar, sonbaharda ise odunsu temel rahatlat\u0131c\u0131 bir s\u0131cakl\u0131k sa\u011flar.<\/p>\n<h3 data-start=\"3497\" data-end=\"3525\">Kullan\u0131labilirlik &amp; Stil<\/h3>\n<p data-start=\"3527\" data-end=\"3790\">Tuberose Angelica Jomalon Bouquet Parf\u00fcm, zarif k\u0131yafetler, rafine ki\u015fisel stil ve \u00f6zg\u00fcvenli duru\u015fla do\u011fal bir uyum sa\u011flar. Meyvemsi canl\u0131l\u0131k ve \u00e7i\u00e7eksi sofistikesiyle cazibeyi art\u0131r\u0131r; bah\u00e7e partileri, bahar etkinlikleri ve unutulmaz g\u00fcnler i\u00e7in uygundur. Hafif yaz elbiseleri, \u015f\u0131k tak\u0131mlar veya g\u00fcndelik \u015f\u0131k kombinlerle birlikte kullan\u0131ld\u0131\u011f\u0131nda, kullan\u0131c\u0131n\u0131n genel izlenimini y\u00fckseltir.<\/p>\n<p data-start=\"3792\" data-end=\"3970\">En iyi performans i\u00e7in boyun, kulak arkas\u0131 ve bilek gibi nab\u0131z noktalar\u0131na uygulanmal\u0131d\u0131r. G\u00fc\u00e7l\u00fc kal\u0131c\u0131l\u0131\u011f\u0131 sayesinde yeniden uygulama nadiren gerekir; ancak uzun s\u00fcreli kullan\u0131mda hafif bir tazeleme parlakl\u0131\u011f\u0131 art\u0131rabilir.<\/p>\n<h3 data-start=\"3977\" data-end=\"4020\">\u00c7i\u00e7ek A\u00e7an Zarafetin \u0130mzas\u0131<\/h3>\n<p data-start=\"4022\" data-end=\"4300\">Tuberose Angelica Jomalon Bouquet Parf\u00fcm, bir kokudan \u00f6te; tazelik, zarafet ve rafine sofistike bir ifadedir. Meyvemsi canl\u0131l\u0131\u011f\u0131, \u00e7i\u00e7ek zenginli\u011fini ve topraks\u0131 s\u0131cakl\u0131\u011f\u0131 uyumlu bir \u015fekilde b\u00fct\u00fcnle\u015ftirir. Her a\u015famas\u0131 \u00f6zenle tasarlanm\u0131\u015f olup, kullan\u0131c\u0131ya ba\u015ftan sona eksiksiz bir yolculuk sunar.<\/p>\n<p data-start=\"4302\" data-end=\"4520\">Kal\u0131c\u0131 izi taze, yumu\u015fak ve manyetiktir; zamans\u0131z cazibe ve rafine bir zarafet b\u0131rak\u0131r.<\/p>\n<p>\u0130lham\u0131n\u0131 <a href=\"https:\/\/en.wikipedia.org\/wiki\/Perfumery\" target=\"_blank\" rel=\"noopener\">ince parf\u00fcmeri sanat\u0131ndan<\/a> al\u0131r.<br \/>\nDaha fazla zarif kreasyonu <a href=\"https:\/\/perfumefile.com\/\" rel=\"follow\">Eau de Parfum koleksiyonumuzda<\/a> ke\u015ffedin.<\/p>\n","protected":false},"excerpt":{"rendered":"<p>Tuberose Angelica Jomalon Bouquet Parf\u00fcm, bergamot, li\u00e7i, yasemin ve misk kar\u0131\u015f\u0131m\u0131ndan olu\u015fan canl\u0131 bir unisex kokudur.<\/p>\n<p>&nbsp;<\/p>\n","protected":false},"featured_media":49029,"comment_status":"open","ping_status":"closed","template":"","meta":[],"product_brand":[1395],"product_cat":[1307,1312,1314],"product_tag":[],"class_list":{"0":"post-49845","1":"product","2":"type-product","3":"status-publish","4":"has-post-thumbnail","6":"product_brand-jo-malone","7":"product_cat-parfumler","8":"product_cat-prive","9":"product_cat-unisex-parfumler","11":"first","12":"outofstock","13":"taxable","14":"shipping-taxable","15":"purchasable","16":"product-type-simple"},"_links":{"self":[{"href":"https:\/\/perfumefile.com\/tr\/wp-json\/wp\/v2\/product\/49845","targetHints":{"allow":["GET"]}}],"collection":[{"href":"https:\/\/perfumefile.com\/tr\/wp-json\/wp\/v2\/product"}],"about":[{"href":"https:\/\/perfumefile.com\/tr\/wp-json\/wp\/v2\/types\/product"}],"replies":[{"embeddable":true,"href":"https:\/\/perfumefile.com\/tr\/wp-json\/wp\/v2\/comments?post=49845"}],"version-history":[{"count":2,"href":"https:\/\/perfumefile.com\/tr\/wp-json\/wp\/v2\/product\/49845\/revisions"}],"predecessor-version":[{"id":49870,"href":"https:\/\/perfumefile.com\/tr\/wp-json\/wp\/v2\/product\/49845\/revisions\/49870"}],"wp:featuredmedia":[{"embeddable":true,"href":"https:\/\/perfumefile.com\/tr\/wp-json\/wp\/v2\/media\/49029"}],"wp:attachment":[{"href":"https:\/\/perfumefile.com\/tr\/wp-json\/wp\/v2\/media?parent=49845"}],"wp:term":[{"taxonomy":"product_brand","embeddable":true,"href":"https:\/\/perfumefile.com\/tr\/wp-json\/wp\/v2\/product_brand?post=49845"},{"taxonomy":"product_cat","embeddable":true,"href":"https:\/\/perfumefile.com\/tr\/wp-json\/wp\/v2\/product_cat?post=49845"},{"taxonomy":"product_tag","embeddable":true,"href":"https:\/\/perfumefile.com\/tr\/wp-json\/wp\/v2\/product_tag?post=49845"}],"curies":[{"name":"wp","href":"https:\/\/api.w.org\/{rel}","templated":true}]}}