{"id":49846,"date":"2024-07-30T08:34:59","date_gmt":"2024-07-30T08:34:59","guid":{"rendered":"https:\/\/tr.perfumefile.com\/?post_type=product&#038;p=49846"},"modified":"2026-02-05T13:03:17","modified_gmt":"2026-02-05T13:03:17","slug":"silver-mountain-creed-passionate-eau-de-parfum-55-ml","status":"publish","type":"product","link":"https:\/\/perfumefile.com\/tr\/urun\/silver-mountain-creed-passionate-eau-de-parfum-55-ml\/","title":{"rendered":"Silver Mountain Creed Passionate Eau de Parf\u00fcm 55 ML"},"content":{"rendered":"<p data-start=\"0\" data-end=\"420\"><strong data-start=\"0\" data-end=\"42\">Silver Mountain Creed Passionate Perfume<\/strong> yo\u011funlu\u011fu, tazeli\u011fi ve zamans\u0131z sofistikeli\u011fi takdir eden ki\u015filer i\u00e7in tasarlanm\u0131\u015f rafine bir unisex parf\u00fcmd\u00fcr. Perfume File\u2019\u0131n \u00f6zel Prive Koleksiyonu\u2019nun bir par\u00e7as\u0131 olan bu Eau de Parfum; canland\u0131r\u0131c\u0131 parlakl\u0131k, taze kalp notalar\u0131 ve duyusal miskli derinli\u011fi b\u00fcy\u00fcleyici bir koku yolculu\u011funa d\u00f6n\u00fc\u015ft\u00fcr\u00fcr. Cazibe, g\u00fc\u00e7 ve kar\u015f\u0131 konulmaz bir varl\u0131k yans\u0131t\u0131r; zarafet ve cazibenin gerekli oldu\u011fu anlar i\u00e7in idealdir.<\/p>\n<p data-start=\"422\" data-end=\"910\">Parf\u00fcm, canl\u0131 tazelikle duyular\u0131 uyand\u0131ran \u00fcst notalarla a\u00e7\u0131l\u0131r. Bu enerjik a\u00e7\u0131l\u0131\u015f modern, etkileyici ve b\u00fcy\u00fcleyici hissedilir; parlakl\u0131\u011f\u0131 sofistike bir dengeyle harmanlar. I\u015f\u0131lt\u0131l\u0131 a\u00e7\u0131l\u0131\u015f ruhu y\u00fckseltmek ve an\u0131nda canl\u0131l\u0131k ile \u00f6zg\u00fcven izlenimi yaratmak i\u00e7in tasarlanm\u0131\u015ft\u0131r; kokusunun netlik ve zarafetle varl\u0131\u011f\u0131n\u0131 duyurmas\u0131n\u0131 isteyenler i\u00e7in m\u00fckemmeldir.<\/p>\n<p data-start=\"912\" data-end=\"1420\">Koku ilerledik\u00e7e kalpte taze ve rafine bir karakter ortaya \u00e7\u0131kar. Orta a\u015fama dengeli ve \u0131\u015f\u0131lt\u0131l\u0131 hissedilir; parf\u00fcm\u00fcn unisex kimli\u011fini g\u00fc\u00e7lendiren netlik ve zarafet sunar. Bu kalp notas\u0131, canland\u0131r\u0131c\u0131 parlakl\u0131ktan duyusal derinli\u011fe p\u00fcr\u00fczs\u00fcz bir ge\u00e7i\u015f sa\u011flar. Parf\u00fcm burada \u00e7ok y\u00f6nl\u00fcl\u00fc\u011f\u00fcn\u00fc sergiler; yo\u011fun bir i\u015f g\u00fcn\u00fc ya da rahat bir ak\u015fam bulu\u015fmas\u0131nda uyumlu bir \u015fekilde kendini g\u00f6sterir.<\/p>\n<p data-start=\"1422\" data-end=\"1960\">Silver Mountain Creed Passionate\u2019in temeli, s\u0131cakl\u0131k ve miskli sofistike ile kompozisyonu tamamlar. Misk yumu\u015fak hayvans\u0131 cazibe sunar, ince odunsu alt tonlar derinlik ve incelik kazand\u0131r\u0131r. Bu temel zarif, manyetik ve unutulmaz bir iz b\u0131rak\u0131r. Miskli yap\u0131 kal\u0131c\u0131l\u0131\u011f\u0131 garanti ederken odunsu n\u00fcanslar denge ve yap\u0131 sa\u011flar.<\/p>\n<h3 data-start=\"1967\" data-end=\"2050\">Silver Mountain Creed Passionate Perfume \u2013 Tazelik, Yo\u011funluk &amp; Duyusal Zarafet<\/h3>\n<p data-start=\"2052\" data-end=\"2360\">Yo\u011funluk ve rafine cazibeden ilham alan bu parf\u00fcm; canland\u0131r\u0131c\u0131 parlakl\u0131ktan taze zarafete ve sonras\u0131nda miskli duyusall\u0131\u011fa ge\u00e7i\u015f yapar. Silver Mountain Creed Passionate zarif bir \u015fekilde geli\u015ferek hem modern hem de zamans\u0131z bir koku yolculu\u011fu sunar. Katmanl\u0131 yap\u0131s\u0131 sayesinde her a\u015fama farkl\u0131 bir hik\u00e2ye anlat\u0131r, kullan\u0131c\u0131y\u0131 b\u00fcy\u00fcler ve \u00e7evresindekileri etkiler.<\/p>\n<p data-start=\"2362\" data-end=\"2500\">Genel kompozisyon canl\u0131, zarif ve duygusal olarak etkileyici hissedilir; denge ve cazibe ile tan\u0131mlanan bir imza kokudur. Sadece bir parf\u00fcm de\u011fil, bireyselli\u011fi ve zarafeti yans\u0131tan duyusal bir deneyimdir.<\/p>\n<h3 data-start=\"2507\" data-end=\"2558\">Unisex Kimlik &amp; Rafine Varl\u0131k<\/h3>\n<p data-start=\"2560\" data-end=\"2830\">Silver Mountain Creed Passionate Parf\u00fcm, tazelik ve yo\u011funluk yoluyla \u00f6zg\u00fcvenini ifade eden ki\u015filer i\u00e7in tasarlanm\u0131\u015ft\u0131r. Baz\u0131 cilt tiplerinde \u00fcst notalar parlakl\u0131kla \u00f6ne \u00e7\u0131karken; baz\u0131lar\u0131nda misk ve odunsu alt tonlar daha derin bir sofistike etki yarat\u0131r. Bu de\u011fi\u015fkenlik, parf\u00fcm\u00fc ger\u00e7ekten unisex k\u0131lar ve her kullan\u0131c\u0131n\u0131n kimyas\u0131 ile ki\u015fili\u011fine \u00f6zg\u00fcn bir \u015fekilde uyum sa\u011flamas\u0131n\u0131 m\u00fcmk\u00fcn k\u0131lar.<\/p>\n<p data-start=\"2832\" data-end=\"3010\">\u00d6zellikle g\u00fcnd\u00fcz kullan\u0131m\u0131, ak\u015fam bulu\u015fmalar\u0131 ve zarafet ile cazibenin gerekli oldu\u011fu \u00f6zel anlar i\u00e7in uygundur. Uyumlulu\u011fu sayesinde profesyonel ortamlarda oldu\u011fu kadar samimi ortamlarda da ayn\u0131 derecede uygun hissedilir.<\/p>\n<h3 data-start=\"3017\" data-end=\"3075\">Neden Silver Mountain Creed Passionate Parf\u00fcm?<\/h3>\n<p data-start=\"3077\" data-end=\"3320\">Bu parf\u00fcm; l\u00fcks, cesur ve zamans\u0131z hissettiren taze-miskli bir imza arayanlar i\u00e7in tasarlanm\u0131\u015ft\u0131r. G\u00fc\u00e7l\u00fc kal\u0131c\u0131l\u0131k ve \u00e7evreyi bozmadan unutulmaz bir iz b\u0131rakan yumu\u015fak bir yay\u0131l\u0131m sunar. Tazelik ile duyusall\u0131k aras\u0131ndaki denge, g\u00fcn boyunca kullan\u0131c\u0131yla birlikte geli\u015fen \u00e7ok y\u00f6nl\u00fc bir tercih haline getirir.<\/p>\n<p data-start=\"3322\" data-end=\"3490\">Silver Mountain Creed Passionate, t\u00fcm mevsimlerde m\u00fckemmel performans g\u00f6sterir; s\u0131cak aylarda \u00fcst notalar\u0131 berrakl\u0131kla parlar, serin aylarda ise miskli temel rahatlat\u0131c\u0131 bir s\u0131cakl\u0131k ve derinlik sa\u011flar.<\/p>\n<h3 data-start=\"3497\" data-end=\"3525\">Kullan\u0131labilirlik &amp; Stil<\/h3>\n<p data-start=\"3527\" data-end=\"3790\">Silver Mountain Creed Passionate Parf\u00fcm, zarif k\u0131yafetler, rafine ki\u015fisel stil ve \u00f6zg\u00fcvenli duru\u015fla do\u011fal bir uyum sa\u011flar. Tazelik ve duyusall\u0131\u011f\u0131yla cazibeyi art\u0131r\u0131r; hem g\u00fcndelik hem de resmi ortamlar i\u00e7in uygundur. \u015e\u0131k bir tak\u0131m elbise, zarif bir gece elbisesi veya ak\u0131ll\u0131 g\u00fcndelik kombinlerle birlikte kullan\u0131ld\u0131\u011f\u0131nda, kullan\u0131c\u0131n\u0131n genel izlenimini y\u00fckseltir.<\/p>\n<p data-start=\"3792\" data-end=\"3970\">En iyi performans i\u00e7in boyun, kulak arkas\u0131 ve bilek gibi nab\u0131z noktalar\u0131na uygulanmal\u0131d\u0131r. G\u00fc\u00e7l\u00fc kal\u0131c\u0131l\u0131\u011f\u0131 sayesinde yeniden uygulama nadiren gerekir; ancak uzun s\u00fcreli kullan\u0131mda hafif bir tazeleme parlakl\u0131\u011f\u0131 art\u0131rabilir.<\/p>\n<h3 data-start=\"3977\" data-end=\"4020\">Duyusal Tazeli\u011fin \u0130mzas\u0131<\/h3>\n<p data-start=\"4022\" data-end=\"4300\">Silver Mountain Creed Passionate Parf\u00fcm, bir kokudan \u00f6te; yo\u011funluk, tazelik ve rafine sofistike bir ifadedir. Canland\u0131r\u0131c\u0131 parlakl\u0131\u011f\u0131, taze zarafeti ve miskli duyusall\u0131\u011f\u0131 uyumlu bir \u015fekilde b\u00fct\u00fcnle\u015ftirir. Her a\u015famas\u0131 \u00f6zenle tasarlanm\u0131\u015f olup, kullan\u0131c\u0131ya ba\u015ftan sona eksiksiz bir yolculuk sunar.<\/p>\n<p data-start=\"4302\" data-end=\"4520\">Kal\u0131c\u0131 izi taze, yumu\u015fak ve manyetiktir; zamans\u0131z cazibe ve rafine bir zarafet b\u0131rak\u0131r.<\/p>\n<p>\u0130lham\u0131n\u0131 <a href=\"https:\/\/en.wikipedia.org\/wiki\/Perfumery\" target=\"_blank\" rel=\"noopener\">ince parf\u00fcmeri sanat\u0131ndan<\/a> al\u0131r.<br \/>\nDaha fazla zarif kreasyonu <a href=\"https:\/\/perfumefile.com\/\" rel=\"follow\">Eau de Parfum koleksiyonumuzda<\/a> ke\u015ffedin.<\/p>\n","protected":false},"excerpt":{"rendered":"<p>Silver Mountain Creed Passionate Parf\u00fcm, canland\u0131r\u0131c\u0131 tazelik, rafine kalp notalar\u0131 ve \u015fehvetli misk kokusunu harmanlayan canl\u0131 bir unisex kokudur.<\/p>\n<p>&nbsp;<\/p>\n","protected":false},"featured_media":49039,"comment_status":"open","ping_status":"closed","template":"","meta":[],"product_brand":[1337],"product_cat":[1307,1312,1314],"product_tag":[],"class_list":{"0":"post-49846","1":"product","2":"type-product","3":"status-publish","4":"has-post-thumbnail","6":"product_brand-creed","7":"product_cat-parfumler","8":"product_cat-prive","9":"product_cat-unisex-parfumler","11":"first","12":"instock","13":"taxable","14":"shipping-taxable","15":"purchasable","16":"product-type-simple"},"_links":{"self":[{"href":"https:\/\/perfumefile.com\/tr\/wp-json\/wp\/v2\/product\/49846","targetHints":{"allow":["GET"]}}],"collection":[{"href":"https:\/\/perfumefile.com\/tr\/wp-json\/wp\/v2\/product"}],"about":[{"href":"https:\/\/perfumefile.com\/tr\/wp-json\/wp\/v2\/types\/product"}],"replies":[{"embeddable":true,"href":"https:\/\/perfumefile.com\/tr\/wp-json\/wp\/v2\/comments?post=49846"}],"version-history":[{"count":2,"href":"https:\/\/perfumefile.com\/tr\/wp-json\/wp\/v2\/product\/49846\/revisions"}],"predecessor-version":[{"id":49874,"href":"https:\/\/perfumefile.com\/tr\/wp-json\/wp\/v2\/product\/49846\/revisions\/49874"}],"wp:featuredmedia":[{"embeddable":true,"href":"https:\/\/perfumefile.com\/tr\/wp-json\/wp\/v2\/media\/49039"}],"wp:attachment":[{"href":"https:\/\/perfumefile.com\/tr\/wp-json\/wp\/v2\/media?parent=49846"}],"wp:term":[{"taxonomy":"product_brand","embeddable":true,"href":"https:\/\/perfumefile.com\/tr\/wp-json\/wp\/v2\/product_brand?post=49846"},{"taxonomy":"product_cat","embeddable":true,"href":"https:\/\/perfumefile.com\/tr\/wp-json\/wp\/v2\/product_cat?post=49846"},{"taxonomy":"product_tag","embeddable":true,"href":"https:\/\/perfumefile.com\/tr\/wp-json\/wp\/v2\/product_tag?post=49846"}],"curies":[{"name":"wp","href":"https:\/\/api.w.org\/{rel}","templated":true}]}}